{"id":3105,"date":"2025-03-11T19:43:33","date_gmt":"2025-03-11T19:43:33","guid":{"rendered":"https:\/\/roulottesgagnon.com\/boutique\/?post_type=product&#038;p=3105"},"modified":"2025-05-15T20:41:26","modified_gmt":"2025-05-15T20:41:26","slug":"coussin-style-rondin-de-bois","status":"publish","type":"product","link":"https:\/\/roulottesgagnon.com\/boutique\/produit\/coussin-style-rondin-de-bois\/","title":{"rendered":"Coussin style rondin de bois"},"content":{"rendered":"<p>Coussin Kuma en forma rondin de bois. Coussin ayant une certaine densit\u00e9, il est muni d&rsquo;une fermeture \u00e9clair afin de faciliter le nettoyage de la housse.<\/p>\n","protected":false},"excerpt":{"rendered":"<p>Coussin Kuma en forma rondin de bois. Coussin ayant une certaine densit\u00e9, il est muni d&rsquo;une fermeture \u00e9clair afin de faciliter le nettoyage de la housse.<\/p>\n","protected":false},"featured_media":3106,"comment_status":"open","ping_status":"closed","template":"","meta":[],"product_cat":[48,56],"product_tag":[69],"yoast_head":"<!-- This site is optimized with the Yoast SEO plugin v19.3 - https:\/\/yoast.com\/wordpress\/plugins\/seo\/ -->\n<title>Coussin style rondin de bois - Boutique en ligne de Roulottes Gagnon<\/title>\n<meta name=\"description\" content=\"Coussin en forme de rondin de bois, de la marque Kuma. Diam\u00e8tre de 15&#039;&#039;, hauteur de 3&#039;&#039;. Il poss\u00e8de une bonne densit\u00e9.\" \/>\n<meta name=\"robots\" content=\"index, follow, max-snippet:-1, max-image-preview:large, max-video-preview:-1\" \/>\n<link rel=\"canonical\" href=\"https:\/\/roulottesgagnon.com\/boutique\/produit\/coussin-style-rondin-de-bois\/\" \/>\n<meta property=\"og:locale\" content=\"fr_CA\" \/>\n<meta property=\"og:type\" content=\"article\" \/>\n<meta property=\"og:title\" content=\"Coussin style rondin de bois - Boutique en ligne de Roulottes Gagnon\" \/>\n<meta property=\"og:description\" content=\"Coussin en forme de rondin de bois, de la marque Kuma. Diam\u00e8tre de 15&#039;&#039;, hauteur de 3&#039;&#039;. Il poss\u00e8de une bonne densit\u00e9.\" \/>\n<meta property=\"og:url\" content=\"https:\/\/roulottesgagnon.com\/boutique\/produit\/coussin-style-rondin-de-bois\/\" \/>\n<meta property=\"og:site_name\" content=\"Boutique en ligne de Roulottes Gagnon\" \/>\n<meta property=\"article:publisher\" content=\"https:\/\/www.facebook.com\/RoulottesGagnon\" \/>\n<meta property=\"article:modified_time\" content=\"2025-05-15T20:41:26+00:00\" \/>\n<meta property=\"og:image\" content=\"https:\/\/roulottesgagnon.com\/boutique\/wp-content\/uploads\/2025\/03\/190718015834.jpg\" \/>\n\t<meta property=\"og:image:width\" content=\"1120\" \/>\n\t<meta property=\"og:image:height\" content=\"1120\" \/>\n\t<meta property=\"og:image:type\" content=\"image\/jpeg\" \/>\n<meta name=\"twitter:card\" content=\"summary_large_image\" \/>\n<meta name=\"twitter:site\" content=\"@roulottesg\" \/>\n<meta name=\"twitter:label1\" content=\"Estimation du temps de lecture\" \/>\n\t<meta name=\"twitter:data1\" content=\"1 minute\" \/>\n<script type=\"application\/ld+json\" class=\"yoast-schema-graph\">{\"@context\":\"https:\/\/schema.org\",\"@graph\":[{\"@type\":\"WebSite\",\"@id\":\"https:\/\/roulottesgagnon.com\/boutique\/#website\",\"url\":\"https:\/\/roulottesgagnon.com\/boutique\/\",\"name\":\"Boutique en ligne de Roulottes Gagnon\",\"description\":\"Pi\u00e8ces et accessoires de roulottes\",\"potentialAction\":[{\"@type\":\"SearchAction\",\"target\":{\"@type\":\"EntryPoint\",\"urlTemplate\":\"https:\/\/roulottesgagnon.com\/boutique\/?s={search_term_string}\"},\"query-input\":\"required name=search_term_string\"}],\"inLanguage\":\"fr-CA\"},{\"@type\":\"ImageObject\",\"inLanguage\":\"fr-CA\",\"@id\":\"https:\/\/roulottesgagnon.com\/boutique\/produit\/coussin-style-rondin-de-bois\/#primaryimage\",\"url\":\"https:\/\/roulottesgagnon.com\/boutique\/wp-content\/uploads\/2025\/03\/190718015834.jpg\",\"contentUrl\":\"https:\/\/roulottesgagnon.com\/boutique\/wp-content\/uploads\/2025\/03\/190718015834.jpg\",\"width\":1120,\"height\":1120},{\"@type\":\"WebPage\",\"@id\":\"https:\/\/roulottesgagnon.com\/boutique\/produit\/coussin-style-rondin-de-bois\/\",\"url\":\"https:\/\/roulottesgagnon.com\/boutique\/produit\/coussin-style-rondin-de-bois\/\",\"name\":\"Coussin style rondin de bois - Boutique en ligne de Roulottes Gagnon\",\"isPartOf\":{\"@id\":\"https:\/\/roulottesgagnon.com\/boutique\/#website\"},\"primaryImageOfPage\":{\"@id\":\"https:\/\/roulottesgagnon.com\/boutique\/produit\/coussin-style-rondin-de-bois\/#primaryimage\"},\"datePublished\":\"2025-03-11T19:43:33+00:00\",\"dateModified\":\"2025-05-15T20:41:26+00:00\",\"description\":\"Coussin en forme de rondin de bois, de la marque Kuma. Diam\u00e8tre de 15'', hauteur de 3''. Il poss\u00e8de une bonne densit\u00e9.\",\"breadcrumb\":{\"@id\":\"https:\/\/roulottesgagnon.com\/boutique\/produit\/coussin-style-rondin-de-bois\/#breadcrumb\"},\"inLanguage\":\"fr-CA\",\"potentialAction\":[{\"@type\":\"ReadAction\",\"target\":[\"https:\/\/roulottesgagnon.com\/boutique\/produit\/coussin-style-rondin-de-bois\/\"]}]},{\"@type\":\"BreadcrumbList\",\"@id\":\"https:\/\/roulottesgagnon.com\/boutique\/produit\/coussin-style-rondin-de-bois\/#breadcrumb\",\"itemListElement\":[{\"@type\":\"ListItem\",\"position\":1,\"name\":\"Home\",\"item\":\"https:\/\/roulottesgagnon.com\/boutique\/\"},{\"@type\":\"ListItem\",\"position\":2,\"name\":\"Boutique en ligne\",\"item\":\"https:\/\/roulottesgagnon.com\/boutique\/\"},{\"@type\":\"ListItem\",\"position\":3,\"name\":\"Coussin style rondin de bois\"}]}]}<\/script>\n<!-- \/ Yoast SEO plugin. -->","yoast_head_json":{"title":"Coussin style rondin de bois - Boutique en ligne de Roulottes Gagnon","description":"Coussin en forme de rondin de bois, de la marque Kuma. Diam\u00e8tre de 15'', hauteur de 3''. Il poss\u00e8de une bonne densit\u00e9.","robots":{"index":"index","follow":"follow","max-snippet":"max-snippet:-1","max-image-preview":"max-image-preview:large","max-video-preview":"max-video-preview:-1"},"canonical":"https:\/\/roulottesgagnon.com\/boutique\/produit\/coussin-style-rondin-de-bois\/","og_locale":"fr_CA","og_type":"article","og_title":"Coussin style rondin de bois - Boutique en ligne de Roulottes Gagnon","og_description":"Coussin en forme de rondin de bois, de la marque Kuma. Diam\u00e8tre de 15'', hauteur de 3''. Il poss\u00e8de une bonne densit\u00e9.","og_url":"https:\/\/roulottesgagnon.com\/boutique\/produit\/coussin-style-rondin-de-bois\/","og_site_name":"Boutique en ligne de Roulottes Gagnon","article_publisher":"https:\/\/www.facebook.com\/RoulottesGagnon","article_modified_time":"2025-05-15T20:41:26+00:00","og_image":[{"width":1120,"height":1120,"url":"https:\/\/roulottesgagnon.com\/boutique\/wp-content\/uploads\/2025\/03\/190718015834.jpg","type":"image\/jpeg"}],"twitter_card":"summary_large_image","twitter_site":"@roulottesg","twitter_misc":{"Estimation du temps de lecture":"1 minute"},"schema":{"@context":"https:\/\/schema.org","@graph":[{"@type":"WebSite","@id":"https:\/\/roulottesgagnon.com\/boutique\/#website","url":"https:\/\/roulottesgagnon.com\/boutique\/","name":"Boutique en ligne de Roulottes Gagnon","description":"Pi\u00e8ces et accessoires de roulottes","potentialAction":[{"@type":"SearchAction","target":{"@type":"EntryPoint","urlTemplate":"https:\/\/roulottesgagnon.com\/boutique\/?s={search_term_string}"},"query-input":"required name=search_term_string"}],"inLanguage":"fr-CA"},{"@type":"ImageObject","inLanguage":"fr-CA","@id":"https:\/\/roulottesgagnon.com\/boutique\/produit\/coussin-style-rondin-de-bois\/#primaryimage","url":"https:\/\/roulottesgagnon.com\/boutique\/wp-content\/uploads\/2025\/03\/190718015834.jpg","contentUrl":"https:\/\/roulottesgagnon.com\/boutique\/wp-content\/uploads\/2025\/03\/190718015834.jpg","width":1120,"height":1120},{"@type":"WebPage","@id":"https:\/\/roulottesgagnon.com\/boutique\/produit\/coussin-style-rondin-de-bois\/","url":"https:\/\/roulottesgagnon.com\/boutique\/produit\/coussin-style-rondin-de-bois\/","name":"Coussin style rondin de bois - Boutique en ligne de Roulottes Gagnon","isPartOf":{"@id":"https:\/\/roulottesgagnon.com\/boutique\/#website"},"primaryImageOfPage":{"@id":"https:\/\/roulottesgagnon.com\/boutique\/produit\/coussin-style-rondin-de-bois\/#primaryimage"},"datePublished":"2025-03-11T19:43:33+00:00","dateModified":"2025-05-15T20:41:26+00:00","description":"Coussin en forme de rondin de bois, de la marque Kuma. Diam\u00e8tre de 15'', hauteur de 3''. Il poss\u00e8de une bonne densit\u00e9.","breadcrumb":{"@id":"https:\/\/roulottesgagnon.com\/boutique\/produit\/coussin-style-rondin-de-bois\/#breadcrumb"},"inLanguage":"fr-CA","potentialAction":[{"@type":"ReadAction","target":["https:\/\/roulottesgagnon.com\/boutique\/produit\/coussin-style-rondin-de-bois\/"]}]},{"@type":"BreadcrumbList","@id":"https:\/\/roulottesgagnon.com\/boutique\/produit\/coussin-style-rondin-de-bois\/#breadcrumb","itemListElement":[{"@type":"ListItem","position":1,"name":"Home","item":"https:\/\/roulottesgagnon.com\/boutique\/"},{"@type":"ListItem","position":2,"name":"Boutique en ligne","item":"https:\/\/roulottesgagnon.com\/boutique\/"},{"@type":"ListItem","position":3,"name":"Coussin style rondin de bois"}]}]}},"_links":{"self":[{"href":"https:\/\/roulottesgagnon.com\/boutique\/wp-json\/wp\/v2\/product\/3105"}],"collection":[{"href":"https:\/\/roulottesgagnon.com\/boutique\/wp-json\/wp\/v2\/product"}],"about":[{"href":"https:\/\/roulottesgagnon.com\/boutique\/wp-json\/wp\/v2\/types\/product"}],"replies":[{"embeddable":true,"href":"https:\/\/roulottesgagnon.com\/boutique\/wp-json\/wp\/v2\/comments?post=3105"}],"wp:featuredmedia":[{"embeddable":true,"href":"https:\/\/roulottesgagnon.com\/boutique\/wp-json\/wp\/v2\/media\/3106"}],"wp:attachment":[{"href":"https:\/\/roulottesgagnon.com\/boutique\/wp-json\/wp\/v2\/media?parent=3105"}],"wp:term":[{"taxonomy":"product_cat","embeddable":true,"href":"https:\/\/roulottesgagnon.com\/boutique\/wp-json\/wp\/v2\/product_cat?post=3105"},{"taxonomy":"product_tag","embeddable":true,"href":"https:\/\/roulottesgagnon.com\/boutique\/wp-json\/wp\/v2\/product_tag?post=3105"}],"curies":[{"name":"wp","href":"https:\/\/api.w.org\/{rel}","templated":true}]}}