{"id":3078,"date":"2025-03-01T16:19:45","date_gmt":"2025-03-01T16:19:45","guid":{"rendered":"https:\/\/roulottesgagnon.com\/boutique\/?post_type=product&#038;p=3078"},"modified":"2025-05-15T20:43:08","modified_gmt":"2025-05-15T20:43:08","slug":"table-big-bear-kuma","status":"publish","type":"product","link":"https:\/\/roulottesgagnon.com\/boutique\/produit\/table-big-bear-kuma\/","title":{"rendered":"Table Big Bear Kuma"},"content":{"rendered":"<p>La table Big Bear de Kuma est une table de camping r\u00e9tractable. Seulement compos\u00e9e de deux parties, elle se range dans un sac de transport.<\/p>\n<p>Avec les petits renforts et le dessus de la table qui agit d&rsquo;\u00e9querre, elle est stable et l\u00e9g\u00e8re. Parfait pour \u00e9conomiser de l&rsquo;espace et recr\u00e9er le confort \u00e0 l&rsquo;\u00e9tat sauvage.<\/p>\n<p>&nbsp;<\/p>\n<p>Sp\u00e9cifications:<\/p>\n<ul>\n<li>Capacit\u00e9 de 100 lbs<\/li>\n<li>Surface : 56 &raquo; x 27.50 &raquo; (143 cm x 70 cm)<\/li>\n<li>Hauteur: 27.50 &raquo; (70 cm)<\/li>\n<li>Dimension du sac : 26 &raquo; x 10 &raquo; x 8 &raquo; (66 cm x 26 cm x 20 cm)<\/li>\n<\/ul>\n","protected":false},"excerpt":{"rendered":"<p>La table Big Bear de Kuma est une table de camping r\u00e9tractable. Seulement compos\u00e9e de deux parties, elle se range dans un sac de transport. Avec les petits renforts et le dessus de la table qui agit d&rsquo;\u00e9querre, elle est stable et l\u00e9g\u00e8re. Parfait pour \u00e9conomiser de l&rsquo;espace et recr\u00e9er le confort \u00e0 l&rsquo;\u00e9tat sauvage. [&#8230;]\n","protected":false},"featured_media":3079,"comment_status":"open","ping_status":"closed","template":"","meta":[],"product_cat":[61,48],"product_tag":[69],"yoast_head":"<!-- This site is optimized with the Yoast SEO plugin v19.3 - https:\/\/yoast.com\/wordpress\/plugins\/seo\/ -->\n<title>Table Big Bear Kuma - Boutique en ligne de Roulottes Gagnon<\/title>\n<meta name=\"description\" content=\"La table Big Bear de Kuma est une table de camping r\u00e9tractable. Seulement compos\u00e9e de deux parties, elle se range dans un sac de transport.\" \/>\n<meta name=\"robots\" content=\"index, follow, max-snippet:-1, max-image-preview:large, max-video-preview:-1\" \/>\n<link rel=\"canonical\" href=\"https:\/\/roulottesgagnon.com\/boutique\/produit\/table-big-bear-kuma\/\" \/>\n<meta property=\"og:locale\" content=\"fr_CA\" \/>\n<meta property=\"og:type\" content=\"article\" \/>\n<meta property=\"og:title\" content=\"Table Big Bear Kuma - Boutique en ligne de Roulottes Gagnon\" \/>\n<meta property=\"og:description\" content=\"La table Big Bear de Kuma est une table de camping r\u00e9tractable. Seulement compos\u00e9e de deux parties, elle se range dans un sac de transport.\" \/>\n<meta property=\"og:url\" content=\"https:\/\/roulottesgagnon.com\/boutique\/produit\/table-big-bear-kuma\/\" \/>\n<meta property=\"og:site_name\" content=\"Boutique en ligne de Roulottes Gagnon\" \/>\n<meta property=\"article:publisher\" content=\"https:\/\/www.facebook.com\/RoulottesGagnon\" \/>\n<meta property=\"article:modified_time\" content=\"2025-05-15T20:43:08+00:00\" \/>\n<meta property=\"og:image\" content=\"https:\/\/roulottesgagnon.com\/boutique\/wp-content\/uploads\/2025\/03\/190718085147.jpg\" \/>\n\t<meta property=\"og:image:width\" content=\"1120\" \/>\n\t<meta property=\"og:image:height\" content=\"1120\" \/>\n\t<meta property=\"og:image:type\" content=\"image\/jpeg\" \/>\n<meta name=\"twitter:card\" content=\"summary_large_image\" \/>\n<meta name=\"twitter:site\" content=\"@roulottesg\" \/>\n<meta name=\"twitter:label1\" content=\"Estimation du temps de lecture\" \/>\n\t<meta name=\"twitter:data1\" content=\"1 minute\" \/>\n<script type=\"application\/ld+json\" class=\"yoast-schema-graph\">{\"@context\":\"https:\/\/schema.org\",\"@graph\":[{\"@type\":\"WebSite\",\"@id\":\"https:\/\/roulottesgagnon.com\/boutique\/#website\",\"url\":\"https:\/\/roulottesgagnon.com\/boutique\/\",\"name\":\"Boutique en ligne de Roulottes Gagnon\",\"description\":\"Pi\u00e8ces et accessoires de roulottes\",\"potentialAction\":[{\"@type\":\"SearchAction\",\"target\":{\"@type\":\"EntryPoint\",\"urlTemplate\":\"https:\/\/roulottesgagnon.com\/boutique\/?s={search_term_string}\"},\"query-input\":\"required name=search_term_string\"}],\"inLanguage\":\"fr-CA\"},{\"@type\":\"ImageObject\",\"inLanguage\":\"fr-CA\",\"@id\":\"https:\/\/roulottesgagnon.com\/boutique\/produit\/table-big-bear-kuma\/#primaryimage\",\"url\":\"https:\/\/roulottesgagnon.com\/boutique\/wp-content\/uploads\/2025\/03\/190718085147.jpg\",\"contentUrl\":\"https:\/\/roulottesgagnon.com\/boutique\/wp-content\/uploads\/2025\/03\/190718085147.jpg\",\"width\":1120,\"height\":1120},{\"@type\":\"WebPage\",\"@id\":\"https:\/\/roulottesgagnon.com\/boutique\/produit\/table-big-bear-kuma\/\",\"url\":\"https:\/\/roulottesgagnon.com\/boutique\/produit\/table-big-bear-kuma\/\",\"name\":\"Table Big Bear Kuma - Boutique en ligne de Roulottes Gagnon\",\"isPartOf\":{\"@id\":\"https:\/\/roulottesgagnon.com\/boutique\/#website\"},\"primaryImageOfPage\":{\"@id\":\"https:\/\/roulottesgagnon.com\/boutique\/produit\/table-big-bear-kuma\/#primaryimage\"},\"datePublished\":\"2025-03-01T16:19:45+00:00\",\"dateModified\":\"2025-05-15T20:43:08+00:00\",\"description\":\"La table Big Bear de Kuma est une table de camping r\u00e9tractable. Seulement compos\u00e9e de deux parties, elle se range dans un sac de transport.\",\"breadcrumb\":{\"@id\":\"https:\/\/roulottesgagnon.com\/boutique\/produit\/table-big-bear-kuma\/#breadcrumb\"},\"inLanguage\":\"fr-CA\",\"potentialAction\":[{\"@type\":\"ReadAction\",\"target\":[\"https:\/\/roulottesgagnon.com\/boutique\/produit\/table-big-bear-kuma\/\"]}]},{\"@type\":\"BreadcrumbList\",\"@id\":\"https:\/\/roulottesgagnon.com\/boutique\/produit\/table-big-bear-kuma\/#breadcrumb\",\"itemListElement\":[{\"@type\":\"ListItem\",\"position\":1,\"name\":\"Home\",\"item\":\"https:\/\/roulottesgagnon.com\/boutique\/\"},{\"@type\":\"ListItem\",\"position\":2,\"name\":\"Boutique en ligne\",\"item\":\"https:\/\/roulottesgagnon.com\/boutique\/\"},{\"@type\":\"ListItem\",\"position\":3,\"name\":\"Table Big Bear Kuma\"}]}]}<\/script>\n<!-- \/ Yoast SEO plugin. -->","yoast_head_json":{"title":"Table Big Bear Kuma - Boutique en ligne de Roulottes Gagnon","description":"La table Big Bear de Kuma est une table de camping r\u00e9tractable. Seulement compos\u00e9e de deux parties, elle se range dans un sac de transport.","robots":{"index":"index","follow":"follow","max-snippet":"max-snippet:-1","max-image-preview":"max-image-preview:large","max-video-preview":"max-video-preview:-1"},"canonical":"https:\/\/roulottesgagnon.com\/boutique\/produit\/table-big-bear-kuma\/","og_locale":"fr_CA","og_type":"article","og_title":"Table Big Bear Kuma - Boutique en ligne de Roulottes Gagnon","og_description":"La table Big Bear de Kuma est une table de camping r\u00e9tractable. Seulement compos\u00e9e de deux parties, elle se range dans un sac de transport.","og_url":"https:\/\/roulottesgagnon.com\/boutique\/produit\/table-big-bear-kuma\/","og_site_name":"Boutique en ligne de Roulottes Gagnon","article_publisher":"https:\/\/www.facebook.com\/RoulottesGagnon","article_modified_time":"2025-05-15T20:43:08+00:00","og_image":[{"width":1120,"height":1120,"url":"https:\/\/roulottesgagnon.com\/boutique\/wp-content\/uploads\/2025\/03\/190718085147.jpg","type":"image\/jpeg"}],"twitter_card":"summary_large_image","twitter_site":"@roulottesg","twitter_misc":{"Estimation du temps de lecture":"1 minute"},"schema":{"@context":"https:\/\/schema.org","@graph":[{"@type":"WebSite","@id":"https:\/\/roulottesgagnon.com\/boutique\/#website","url":"https:\/\/roulottesgagnon.com\/boutique\/","name":"Boutique en ligne de Roulottes Gagnon","description":"Pi\u00e8ces et accessoires de roulottes","potentialAction":[{"@type":"SearchAction","target":{"@type":"EntryPoint","urlTemplate":"https:\/\/roulottesgagnon.com\/boutique\/?s={search_term_string}"},"query-input":"required name=search_term_string"}],"inLanguage":"fr-CA"},{"@type":"ImageObject","inLanguage":"fr-CA","@id":"https:\/\/roulottesgagnon.com\/boutique\/produit\/table-big-bear-kuma\/#primaryimage","url":"https:\/\/roulottesgagnon.com\/boutique\/wp-content\/uploads\/2025\/03\/190718085147.jpg","contentUrl":"https:\/\/roulottesgagnon.com\/boutique\/wp-content\/uploads\/2025\/03\/190718085147.jpg","width":1120,"height":1120},{"@type":"WebPage","@id":"https:\/\/roulottesgagnon.com\/boutique\/produit\/table-big-bear-kuma\/","url":"https:\/\/roulottesgagnon.com\/boutique\/produit\/table-big-bear-kuma\/","name":"Table Big Bear Kuma - Boutique en ligne de Roulottes Gagnon","isPartOf":{"@id":"https:\/\/roulottesgagnon.com\/boutique\/#website"},"primaryImageOfPage":{"@id":"https:\/\/roulottesgagnon.com\/boutique\/produit\/table-big-bear-kuma\/#primaryimage"},"datePublished":"2025-03-01T16:19:45+00:00","dateModified":"2025-05-15T20:43:08+00:00","description":"La table Big Bear de Kuma est une table de camping r\u00e9tractable. Seulement compos\u00e9e de deux parties, elle se range dans un sac de transport.","breadcrumb":{"@id":"https:\/\/roulottesgagnon.com\/boutique\/produit\/table-big-bear-kuma\/#breadcrumb"},"inLanguage":"fr-CA","potentialAction":[{"@type":"ReadAction","target":["https:\/\/roulottesgagnon.com\/boutique\/produit\/table-big-bear-kuma\/"]}]},{"@type":"BreadcrumbList","@id":"https:\/\/roulottesgagnon.com\/boutique\/produit\/table-big-bear-kuma\/#breadcrumb","itemListElement":[{"@type":"ListItem","position":1,"name":"Home","item":"https:\/\/roulottesgagnon.com\/boutique\/"},{"@type":"ListItem","position":2,"name":"Boutique en ligne","item":"https:\/\/roulottesgagnon.com\/boutique\/"},{"@type":"ListItem","position":3,"name":"Table Big Bear Kuma"}]}]}},"_links":{"self":[{"href":"https:\/\/roulottesgagnon.com\/boutique\/wp-json\/wp\/v2\/product\/3078"}],"collection":[{"href":"https:\/\/roulottesgagnon.com\/boutique\/wp-json\/wp\/v2\/product"}],"about":[{"href":"https:\/\/roulottesgagnon.com\/boutique\/wp-json\/wp\/v2\/types\/product"}],"replies":[{"embeddable":true,"href":"https:\/\/roulottesgagnon.com\/boutique\/wp-json\/wp\/v2\/comments?post=3078"}],"wp:featuredmedia":[{"embeddable":true,"href":"https:\/\/roulottesgagnon.com\/boutique\/wp-json\/wp\/v2\/media\/3079"}],"wp:attachment":[{"href":"https:\/\/roulottesgagnon.com\/boutique\/wp-json\/wp\/v2\/media?parent=3078"}],"wp:term":[{"taxonomy":"product_cat","embeddable":true,"href":"https:\/\/roulottesgagnon.com\/boutique\/wp-json\/wp\/v2\/product_cat?post=3078"},{"taxonomy":"product_tag","embeddable":true,"href":"https:\/\/roulottesgagnon.com\/boutique\/wp-json\/wp\/v2\/product_tag?post=3078"}],"curies":[{"name":"wp","href":"https:\/\/api.w.org\/{rel}","templated":true}]}}