{"id":3072,"date":"2025-03-01T15:26:51","date_gmt":"2025-03-01T15:26:51","guid":{"rendered":"https:\/\/roulottesgagnon.com\/boutique\/?post_type=product&#038;p=3072"},"modified":"2025-03-21T12:43:34","modified_gmt":"2025-03-21T12:43:34","slug":"sac-de-couchage-enfant-ourson","status":"publish","type":"product","link":"https:\/\/roulottesgagnon.com\/boutique\/produit\/sac-de-couchage-enfant-ourson\/","title":{"rendered":"Sac de couchage enfant ourson"},"content":{"rendered":"<p>Sac de couchage pour jeune enfant. Pouvant accueillir une taille allant jusqu&rsquo;\u00e0 3&prime; 3 &raquo; (1,2 m), il est confortable, lavable \u00e0 la machine et se replie en forme de coussin pour \u00e9conomiser de l&rsquo;espace et d\u00e9corer.<\/p>\n<p>&nbsp;<\/p>\n<p>17 &raquo; x 16 &raquo; x 5 &raquo; (referm\u00e9)<\/p>\n","protected":false},"excerpt":{"rendered":"<p>Sac de couchage pour jeune enfant de la gamme Tomas Wayne de Lippert. Pouvant accueillir une taille allant jusqu&rsquo;\u00e0 3&prime; 3 &raquo; (1,2 m).<\/p>\n","protected":false},"featured_media":3071,"comment_status":"open","ping_status":"closed","template":"","meta":[],"product_cat":[56],"product_tag":[70],"yoast_head":"<!-- This site is optimized with the Yoast SEO plugin v19.3 - https:\/\/yoast.com\/wordpress\/plugins\/seo\/ -->\n<title>Sac de couchage enfant ourson - Boutique en ligne de Roulottes Gagnon<\/title>\n<meta name=\"description\" content=\"Sac de couchage pour jeune enfant de la gamme Tomas Wayne de Lippert. Pouvant accueillir une taille allant jusqu&#039;\u00e0 3&#039; 3&#039;&#039; (1,2 m).\" \/>\n<meta name=\"robots\" content=\"index, follow, max-snippet:-1, max-image-preview:large, max-video-preview:-1\" \/>\n<link rel=\"canonical\" href=\"https:\/\/roulottesgagnon.com\/boutique\/produit\/sac-de-couchage-enfant-ourson\/\" \/>\n<meta property=\"og:locale\" content=\"fr_CA\" \/>\n<meta property=\"og:type\" content=\"article\" \/>\n<meta property=\"og:title\" content=\"Sac de couchage enfant ourson - Boutique en ligne de Roulottes Gagnon\" \/>\n<meta property=\"og:description\" content=\"Sac de couchage pour jeune enfant de la gamme Tomas Wayne de Lippert. Pouvant accueillir une taille allant jusqu&#039;\u00e0 3&#039; 3&#039;&#039; (1,2 m).\" \/>\n<meta property=\"og:url\" content=\"https:\/\/roulottesgagnon.com\/boutique\/produit\/sac-de-couchage-enfant-ourson\/\" \/>\n<meta property=\"og:site_name\" content=\"Boutique en ligne de Roulottes Gagnon\" \/>\n<meta property=\"article:publisher\" content=\"https:\/\/www.facebook.com\/RoulottesGagnon\" \/>\n<meta property=\"article:modified_time\" content=\"2025-03-21T12:43:34+00:00\" \/>\n<meta property=\"og:image\" content=\"https:\/\/roulottesgagnon.com\/boutique\/wp-content\/uploads\/2025\/03\/nap12324tst1.jpg\" \/>\n\t<meta property=\"og:image:width\" content=\"1500\" \/>\n\t<meta property=\"og:image:height\" content=\"1500\" \/>\n\t<meta property=\"og:image:type\" content=\"image\/jpeg\" \/>\n<meta name=\"twitter:card\" content=\"summary_large_image\" \/>\n<meta name=\"twitter:site\" content=\"@roulottesg\" \/>\n<meta name=\"twitter:label1\" content=\"Estimation du temps de lecture\" \/>\n\t<meta name=\"twitter:data1\" content=\"1 minute\" \/>\n<script type=\"application\/ld+json\" class=\"yoast-schema-graph\">{\"@context\":\"https:\/\/schema.org\",\"@graph\":[{\"@type\":\"WebSite\",\"@id\":\"https:\/\/roulottesgagnon.com\/boutique\/#website\",\"url\":\"https:\/\/roulottesgagnon.com\/boutique\/\",\"name\":\"Boutique en ligne de Roulottes Gagnon\",\"description\":\"Pi\u00e8ces et accessoires de roulottes\",\"potentialAction\":[{\"@type\":\"SearchAction\",\"target\":{\"@type\":\"EntryPoint\",\"urlTemplate\":\"https:\/\/roulottesgagnon.com\/boutique\/?s={search_term_string}\"},\"query-input\":\"required name=search_term_string\"}],\"inLanguage\":\"fr-CA\"},{\"@type\":\"ImageObject\",\"inLanguage\":\"fr-CA\",\"@id\":\"https:\/\/roulottesgagnon.com\/boutique\/produit\/sac-de-couchage-enfant-ourson\/#primaryimage\",\"url\":\"https:\/\/roulottesgagnon.com\/boutique\/wp-content\/uploads\/2025\/03\/nap12324tst1.jpg\",\"contentUrl\":\"https:\/\/roulottesgagnon.com\/boutique\/wp-content\/uploads\/2025\/03\/nap12324tst1.jpg\",\"width\":1500,\"height\":1500},{\"@type\":\"WebPage\",\"@id\":\"https:\/\/roulottesgagnon.com\/boutique\/produit\/sac-de-couchage-enfant-ourson\/\",\"url\":\"https:\/\/roulottesgagnon.com\/boutique\/produit\/sac-de-couchage-enfant-ourson\/\",\"name\":\"Sac de couchage enfant ourson - Boutique en ligne de Roulottes Gagnon\",\"isPartOf\":{\"@id\":\"https:\/\/roulottesgagnon.com\/boutique\/#website\"},\"primaryImageOfPage\":{\"@id\":\"https:\/\/roulottesgagnon.com\/boutique\/produit\/sac-de-couchage-enfant-ourson\/#primaryimage\"},\"datePublished\":\"2025-03-01T15:26:51+00:00\",\"dateModified\":\"2025-03-21T12:43:34+00:00\",\"description\":\"Sac de couchage pour jeune enfant de la gamme Tomas Wayne de Lippert. Pouvant accueillir une taille allant jusqu'\u00e0 3' 3'' (1,2 m).\",\"breadcrumb\":{\"@id\":\"https:\/\/roulottesgagnon.com\/boutique\/produit\/sac-de-couchage-enfant-ourson\/#breadcrumb\"},\"inLanguage\":\"fr-CA\",\"potentialAction\":[{\"@type\":\"ReadAction\",\"target\":[\"https:\/\/roulottesgagnon.com\/boutique\/produit\/sac-de-couchage-enfant-ourson\/\"]}]},{\"@type\":\"BreadcrumbList\",\"@id\":\"https:\/\/roulottesgagnon.com\/boutique\/produit\/sac-de-couchage-enfant-ourson\/#breadcrumb\",\"itemListElement\":[{\"@type\":\"ListItem\",\"position\":1,\"name\":\"Home\",\"item\":\"https:\/\/roulottesgagnon.com\/boutique\/\"},{\"@type\":\"ListItem\",\"position\":2,\"name\":\"Boutique en ligne\",\"item\":\"https:\/\/roulottesgagnon.com\/boutique\/\"},{\"@type\":\"ListItem\",\"position\":3,\"name\":\"Sac de couchage enfant ourson\"}]}]}<\/script>\n<!-- \/ Yoast SEO plugin. -->","yoast_head_json":{"title":"Sac de couchage enfant ourson - Boutique en ligne de Roulottes Gagnon","description":"Sac de couchage pour jeune enfant de la gamme Tomas Wayne de Lippert. Pouvant accueillir une taille allant jusqu'\u00e0 3' 3'' (1,2 m).","robots":{"index":"index","follow":"follow","max-snippet":"max-snippet:-1","max-image-preview":"max-image-preview:large","max-video-preview":"max-video-preview:-1"},"canonical":"https:\/\/roulottesgagnon.com\/boutique\/produit\/sac-de-couchage-enfant-ourson\/","og_locale":"fr_CA","og_type":"article","og_title":"Sac de couchage enfant ourson - Boutique en ligne de Roulottes Gagnon","og_description":"Sac de couchage pour jeune enfant de la gamme Tomas Wayne de Lippert. Pouvant accueillir une taille allant jusqu'\u00e0 3' 3'' (1,2 m).","og_url":"https:\/\/roulottesgagnon.com\/boutique\/produit\/sac-de-couchage-enfant-ourson\/","og_site_name":"Boutique en ligne de Roulottes Gagnon","article_publisher":"https:\/\/www.facebook.com\/RoulottesGagnon","article_modified_time":"2025-03-21T12:43:34+00:00","og_image":[{"width":1500,"height":1500,"url":"https:\/\/roulottesgagnon.com\/boutique\/wp-content\/uploads\/2025\/03\/nap12324tst1.jpg","type":"image\/jpeg"}],"twitter_card":"summary_large_image","twitter_site":"@roulottesg","twitter_misc":{"Estimation du temps de lecture":"1 minute"},"schema":{"@context":"https:\/\/schema.org","@graph":[{"@type":"WebSite","@id":"https:\/\/roulottesgagnon.com\/boutique\/#website","url":"https:\/\/roulottesgagnon.com\/boutique\/","name":"Boutique en ligne de Roulottes Gagnon","description":"Pi\u00e8ces et accessoires de roulottes","potentialAction":[{"@type":"SearchAction","target":{"@type":"EntryPoint","urlTemplate":"https:\/\/roulottesgagnon.com\/boutique\/?s={search_term_string}"},"query-input":"required name=search_term_string"}],"inLanguage":"fr-CA"},{"@type":"ImageObject","inLanguage":"fr-CA","@id":"https:\/\/roulottesgagnon.com\/boutique\/produit\/sac-de-couchage-enfant-ourson\/#primaryimage","url":"https:\/\/roulottesgagnon.com\/boutique\/wp-content\/uploads\/2025\/03\/nap12324tst1.jpg","contentUrl":"https:\/\/roulottesgagnon.com\/boutique\/wp-content\/uploads\/2025\/03\/nap12324tst1.jpg","width":1500,"height":1500},{"@type":"WebPage","@id":"https:\/\/roulottesgagnon.com\/boutique\/produit\/sac-de-couchage-enfant-ourson\/","url":"https:\/\/roulottesgagnon.com\/boutique\/produit\/sac-de-couchage-enfant-ourson\/","name":"Sac de couchage enfant ourson - Boutique en ligne de Roulottes Gagnon","isPartOf":{"@id":"https:\/\/roulottesgagnon.com\/boutique\/#website"},"primaryImageOfPage":{"@id":"https:\/\/roulottesgagnon.com\/boutique\/produit\/sac-de-couchage-enfant-ourson\/#primaryimage"},"datePublished":"2025-03-01T15:26:51+00:00","dateModified":"2025-03-21T12:43:34+00:00","description":"Sac de couchage pour jeune enfant de la gamme Tomas Wayne de Lippert. Pouvant accueillir une taille allant jusqu'\u00e0 3' 3'' (1,2 m).","breadcrumb":{"@id":"https:\/\/roulottesgagnon.com\/boutique\/produit\/sac-de-couchage-enfant-ourson\/#breadcrumb"},"inLanguage":"fr-CA","potentialAction":[{"@type":"ReadAction","target":["https:\/\/roulottesgagnon.com\/boutique\/produit\/sac-de-couchage-enfant-ourson\/"]}]},{"@type":"BreadcrumbList","@id":"https:\/\/roulottesgagnon.com\/boutique\/produit\/sac-de-couchage-enfant-ourson\/#breadcrumb","itemListElement":[{"@type":"ListItem","position":1,"name":"Home","item":"https:\/\/roulottesgagnon.com\/boutique\/"},{"@type":"ListItem","position":2,"name":"Boutique en ligne","item":"https:\/\/roulottesgagnon.com\/boutique\/"},{"@type":"ListItem","position":3,"name":"Sac de couchage enfant ourson"}]}]}},"_links":{"self":[{"href":"https:\/\/roulottesgagnon.com\/boutique\/wp-json\/wp\/v2\/product\/3072"}],"collection":[{"href":"https:\/\/roulottesgagnon.com\/boutique\/wp-json\/wp\/v2\/product"}],"about":[{"href":"https:\/\/roulottesgagnon.com\/boutique\/wp-json\/wp\/v2\/types\/product"}],"replies":[{"embeddable":true,"href":"https:\/\/roulottesgagnon.com\/boutique\/wp-json\/wp\/v2\/comments?post=3072"}],"wp:featuredmedia":[{"embeddable":true,"href":"https:\/\/roulottesgagnon.com\/boutique\/wp-json\/wp\/v2\/media\/3071"}],"wp:attachment":[{"href":"https:\/\/roulottesgagnon.com\/boutique\/wp-json\/wp\/v2\/media?parent=3072"}],"wp:term":[{"taxonomy":"product_cat","embeddable":true,"href":"https:\/\/roulottesgagnon.com\/boutique\/wp-json\/wp\/v2\/product_cat?post=3072"},{"taxonomy":"product_tag","embeddable":true,"href":"https:\/\/roulottesgagnon.com\/boutique\/wp-json\/wp\/v2\/product_tag?post=3072"}],"curies":[{"name":"wp","href":"https:\/\/api.w.org\/{rel}","templated":true}]}}