{"id":3057,"date":"2025-02-28T16:39:30","date_gmt":"2025-02-28T16:39:30","guid":{"rendered":"https:\/\/roulottesgagnon.com\/boutique\/?post_type=product&#038;p=3057"},"modified":"2025-10-10T13:34:14","modified_gmt":"2025-10-10T13:34:14","slug":"bbq-gr-14-martin","status":"publish","type":"product","link":"https:\/\/roulottesgagnon.com\/boutique\/produit\/bbq-gr-14-martin\/","title":{"rendered":"BBQ GR-14 Martin"},"content":{"rendered":"<p>BBQ GR-14 Martin, deux grilles \u00e9tag\u00e9es et pattes r\u00e9tractable. Gas haute pression, mais possibilit\u00e9 de le rendre compatible basse pression \u00e0 l&rsquo;achat d&rsquo;un adaptateur, le Boyau assembl\u00e9 12&prime; (660236)<\/p>\n<p>&nbsp;<\/p>\n<p>14k BTUs<\/p>\n<p>&nbsp;<\/p>\n<p>Notes: les pi\u00e8ces sont rempla\u00e7ables et disponibles dans nos succursales!<\/p>\n","protected":false},"excerpt":{"rendered":"<p>BBQ GR-14 Martin, deux grilles \u00e9tag\u00e9es et pattes r\u00e9tractable. Force de 14k BTUs<\/p>\n","protected":false},"featured_media":3058,"comment_status":"open","ping_status":"closed","template":"","meta":[],"product_cat":[61],"product_tag":[73,71,72],"yoast_head":"<!-- This site is optimized with the Yoast SEO plugin v19.3 - https:\/\/yoast.com\/wordpress\/plugins\/seo\/ -->\n<title>BBQ GR-14 Martin - Boutique en ligne de Roulottes Gagnon<\/title>\n<meta name=\"description\" content=\"BBQ GR-14 Martin, deux grilles \u00e9tag\u00e9es et pattes r\u00e9tractable. Force de 14k BTUs et muni de poign\u00e9es pour le transport.\" \/>\n<meta name=\"robots\" content=\"index, follow, max-snippet:-1, max-image-preview:large, max-video-preview:-1\" \/>\n<link rel=\"canonical\" href=\"https:\/\/roulottesgagnon.com\/boutique\/produit\/bbq-gr-14-martin\/\" \/>\n<meta property=\"og:locale\" content=\"fr_CA\" \/>\n<meta property=\"og:type\" content=\"article\" \/>\n<meta property=\"og:title\" content=\"BBQ GR-14 Martin - Boutique en ligne de Roulottes Gagnon\" \/>\n<meta property=\"og:description\" content=\"BBQ GR-14 Martin, deux grilles \u00e9tag\u00e9es et pattes r\u00e9tractable. Force de 14k BTUs et muni de poign\u00e9es pour le transport.\" \/>\n<meta property=\"og:url\" content=\"https:\/\/roulottesgagnon.com\/boutique\/produit\/bbq-gr-14-martin\/\" \/>\n<meta property=\"og:site_name\" content=\"Boutique en ligne de Roulottes Gagnon\" \/>\n<meta property=\"article:publisher\" content=\"https:\/\/www.facebook.com\/RoulottesGagnon\" \/>\n<meta property=\"article:modified_time\" content=\"2025-10-10T13:34:14+00:00\" \/>\n<meta property=\"og:image\" content=\"https:\/\/roulottesgagnon.com\/boutique\/wp-content\/uploads\/2025\/02\/bbqmartgr14.jpg\" \/>\n\t<meta property=\"og:image:width\" content=\"1439\" \/>\n\t<meta property=\"og:image:height\" content=\"1400\" \/>\n\t<meta property=\"og:image:type\" content=\"image\/jpeg\" \/>\n<meta name=\"twitter:card\" content=\"summary_large_image\" \/>\n<meta name=\"twitter:site\" content=\"@roulottesg\" \/>\n<meta name=\"twitter:label1\" content=\"Estimation du temps de lecture\" \/>\n\t<meta name=\"twitter:data1\" content=\"1 minute\" \/>\n<script type=\"application\/ld+json\" class=\"yoast-schema-graph\">{\"@context\":\"https:\/\/schema.org\",\"@graph\":[{\"@type\":\"WebSite\",\"@id\":\"https:\/\/roulottesgagnon.com\/boutique\/#website\",\"url\":\"https:\/\/roulottesgagnon.com\/boutique\/\",\"name\":\"Boutique en ligne de Roulottes Gagnon\",\"description\":\"Pi\u00e8ces et accessoires de roulottes\",\"potentialAction\":[{\"@type\":\"SearchAction\",\"target\":{\"@type\":\"EntryPoint\",\"urlTemplate\":\"https:\/\/roulottesgagnon.com\/boutique\/?s={search_term_string}\"},\"query-input\":\"required name=search_term_string\"}],\"inLanguage\":\"fr-CA\"},{\"@type\":\"ImageObject\",\"inLanguage\":\"fr-CA\",\"@id\":\"https:\/\/roulottesgagnon.com\/boutique\/produit\/bbq-gr-14-martin\/#primaryimage\",\"url\":\"https:\/\/roulottesgagnon.com\/boutique\/wp-content\/uploads\/2025\/02\/bbqmartgr14.jpg\",\"contentUrl\":\"https:\/\/roulottesgagnon.com\/boutique\/wp-content\/uploads\/2025\/02\/bbqmartgr14.jpg\",\"width\":1439,\"height\":1400},{\"@type\":\"WebPage\",\"@id\":\"https:\/\/roulottesgagnon.com\/boutique\/produit\/bbq-gr-14-martin\/\",\"url\":\"https:\/\/roulottesgagnon.com\/boutique\/produit\/bbq-gr-14-martin\/\",\"name\":\"BBQ GR-14 Martin - Boutique en ligne de Roulottes Gagnon\",\"isPartOf\":{\"@id\":\"https:\/\/roulottesgagnon.com\/boutique\/#website\"},\"primaryImageOfPage\":{\"@id\":\"https:\/\/roulottesgagnon.com\/boutique\/produit\/bbq-gr-14-martin\/#primaryimage\"},\"datePublished\":\"2025-02-28T16:39:30+00:00\",\"dateModified\":\"2025-10-10T13:34:14+00:00\",\"description\":\"BBQ GR-14 Martin, deux grilles \u00e9tag\u00e9es et pattes r\u00e9tractable. Force de 14k BTUs et muni de poign\u00e9es pour le transport.\",\"breadcrumb\":{\"@id\":\"https:\/\/roulottesgagnon.com\/boutique\/produit\/bbq-gr-14-martin\/#breadcrumb\"},\"inLanguage\":\"fr-CA\",\"potentialAction\":[{\"@type\":\"ReadAction\",\"target\":[\"https:\/\/roulottesgagnon.com\/boutique\/produit\/bbq-gr-14-martin\/\"]}]},{\"@type\":\"BreadcrumbList\",\"@id\":\"https:\/\/roulottesgagnon.com\/boutique\/produit\/bbq-gr-14-martin\/#breadcrumb\",\"itemListElement\":[{\"@type\":\"ListItem\",\"position\":1,\"name\":\"Home\",\"item\":\"https:\/\/roulottesgagnon.com\/boutique\/\"},{\"@type\":\"ListItem\",\"position\":2,\"name\":\"Boutique en ligne\",\"item\":\"https:\/\/roulottesgagnon.com\/boutique\/\"},{\"@type\":\"ListItem\",\"position\":3,\"name\":\"BBQ GR-14 Martin\"}]}]}<\/script>\n<!-- \/ Yoast SEO plugin. -->","yoast_head_json":{"title":"BBQ GR-14 Martin - Boutique en ligne de Roulottes Gagnon","description":"BBQ GR-14 Martin, deux grilles \u00e9tag\u00e9es et pattes r\u00e9tractable. Force de 14k BTUs et muni de poign\u00e9es pour le transport.","robots":{"index":"index","follow":"follow","max-snippet":"max-snippet:-1","max-image-preview":"max-image-preview:large","max-video-preview":"max-video-preview:-1"},"canonical":"https:\/\/roulottesgagnon.com\/boutique\/produit\/bbq-gr-14-martin\/","og_locale":"fr_CA","og_type":"article","og_title":"BBQ GR-14 Martin - Boutique en ligne de Roulottes Gagnon","og_description":"BBQ GR-14 Martin, deux grilles \u00e9tag\u00e9es et pattes r\u00e9tractable. Force de 14k BTUs et muni de poign\u00e9es pour le transport.","og_url":"https:\/\/roulottesgagnon.com\/boutique\/produit\/bbq-gr-14-martin\/","og_site_name":"Boutique en ligne de Roulottes Gagnon","article_publisher":"https:\/\/www.facebook.com\/RoulottesGagnon","article_modified_time":"2025-10-10T13:34:14+00:00","og_image":[{"width":1439,"height":1400,"url":"https:\/\/roulottesgagnon.com\/boutique\/wp-content\/uploads\/2025\/02\/bbqmartgr14.jpg","type":"image\/jpeg"}],"twitter_card":"summary_large_image","twitter_site":"@roulottesg","twitter_misc":{"Estimation du temps de lecture":"1 minute"},"schema":{"@context":"https:\/\/schema.org","@graph":[{"@type":"WebSite","@id":"https:\/\/roulottesgagnon.com\/boutique\/#website","url":"https:\/\/roulottesgagnon.com\/boutique\/","name":"Boutique en ligne de Roulottes Gagnon","description":"Pi\u00e8ces et accessoires de roulottes","potentialAction":[{"@type":"SearchAction","target":{"@type":"EntryPoint","urlTemplate":"https:\/\/roulottesgagnon.com\/boutique\/?s={search_term_string}"},"query-input":"required name=search_term_string"}],"inLanguage":"fr-CA"},{"@type":"ImageObject","inLanguage":"fr-CA","@id":"https:\/\/roulottesgagnon.com\/boutique\/produit\/bbq-gr-14-martin\/#primaryimage","url":"https:\/\/roulottesgagnon.com\/boutique\/wp-content\/uploads\/2025\/02\/bbqmartgr14.jpg","contentUrl":"https:\/\/roulottesgagnon.com\/boutique\/wp-content\/uploads\/2025\/02\/bbqmartgr14.jpg","width":1439,"height":1400},{"@type":"WebPage","@id":"https:\/\/roulottesgagnon.com\/boutique\/produit\/bbq-gr-14-martin\/","url":"https:\/\/roulottesgagnon.com\/boutique\/produit\/bbq-gr-14-martin\/","name":"BBQ GR-14 Martin - Boutique en ligne de Roulottes Gagnon","isPartOf":{"@id":"https:\/\/roulottesgagnon.com\/boutique\/#website"},"primaryImageOfPage":{"@id":"https:\/\/roulottesgagnon.com\/boutique\/produit\/bbq-gr-14-martin\/#primaryimage"},"datePublished":"2025-02-28T16:39:30+00:00","dateModified":"2025-10-10T13:34:14+00:00","description":"BBQ GR-14 Martin, deux grilles \u00e9tag\u00e9es et pattes r\u00e9tractable. Force de 14k BTUs et muni de poign\u00e9es pour le transport.","breadcrumb":{"@id":"https:\/\/roulottesgagnon.com\/boutique\/produit\/bbq-gr-14-martin\/#breadcrumb"},"inLanguage":"fr-CA","potentialAction":[{"@type":"ReadAction","target":["https:\/\/roulottesgagnon.com\/boutique\/produit\/bbq-gr-14-martin\/"]}]},{"@type":"BreadcrumbList","@id":"https:\/\/roulottesgagnon.com\/boutique\/produit\/bbq-gr-14-martin\/#breadcrumb","itemListElement":[{"@type":"ListItem","position":1,"name":"Home","item":"https:\/\/roulottesgagnon.com\/boutique\/"},{"@type":"ListItem","position":2,"name":"Boutique en ligne","item":"https:\/\/roulottesgagnon.com\/boutique\/"},{"@type":"ListItem","position":3,"name":"BBQ GR-14 Martin"}]}]}},"_links":{"self":[{"href":"https:\/\/roulottesgagnon.com\/boutique\/wp-json\/wp\/v2\/product\/3057"}],"collection":[{"href":"https:\/\/roulottesgagnon.com\/boutique\/wp-json\/wp\/v2\/product"}],"about":[{"href":"https:\/\/roulottesgagnon.com\/boutique\/wp-json\/wp\/v2\/types\/product"}],"replies":[{"embeddable":true,"href":"https:\/\/roulottesgagnon.com\/boutique\/wp-json\/wp\/v2\/comments?post=3057"}],"wp:featuredmedia":[{"embeddable":true,"href":"https:\/\/roulottesgagnon.com\/boutique\/wp-json\/wp\/v2\/media\/3058"}],"wp:attachment":[{"href":"https:\/\/roulottesgagnon.com\/boutique\/wp-json\/wp\/v2\/media?parent=3057"}],"wp:term":[{"taxonomy":"product_cat","embeddable":true,"href":"https:\/\/roulottesgagnon.com\/boutique\/wp-json\/wp\/v2\/product_cat?post=3057"},{"taxonomy":"product_tag","embeddable":true,"href":"https:\/\/roulottesgagnon.com\/boutique\/wp-json\/wp\/v2\/product_tag?post=3057"}],"curies":[{"name":"wp","href":"https:\/\/api.w.org\/{rel}","templated":true}]}}