{"id":3052,"date":"2025-02-28T16:19:31","date_gmt":"2025-02-28T16:19:31","guid":{"rendered":"https:\/\/roulottesgagnon.com\/boutique\/?post_type=product&#038;p=3052"},"modified":"2025-10-10T13:36:46","modified_gmt":"2025-10-10T13:36:46","slug":"looft-lighter-i","status":"publish","type":"product","link":"https:\/\/roulottesgagnon.com\/boutique\/produit\/looft-lighter-i\/","title":{"rendered":"Looft Lighter I"},"content":{"rendered":"<p>Le br\u00fbleur \u00e9lectrique Looft lighter acc\u00e9l\u00e8re significativement l&rsquo;\u00e9tat brais\u00e9 de votre charbon. Ceci vous permettra d&rsquo;atteindre la temp\u00e9rature de votre GreenEgg rapidement et parfaitement.<\/p>\n","protected":false},"excerpt":{"rendered":"<p>Br\u00fbleur \u00e9lectrique acc\u00e9l\u00e9rant\u00a0 la consumation du charbon.<\/p>\n","protected":false},"featured_media":3054,"comment_status":"open","ping_status":"closed","template":"","meta":[],"product_cat":[61],"product_tag":[75,76,77,74],"yoast_head":"<!-- This site is optimized with the Yoast SEO plugin v19.3 - https:\/\/yoast.com\/wordpress\/plugins\/seo\/ -->\n<title>Looft Lighter I - Boutique en ligne de Roulottes Gagnon<\/title>\n<meta name=\"robots\" content=\"index, follow, max-snippet:-1, max-image-preview:large, max-video-preview:-1\" \/>\n<link rel=\"canonical\" href=\"https:\/\/roulottesgagnon.com\/boutique\/produit\/looft-lighter-i\/\" \/>\n<meta property=\"og:locale\" content=\"fr_CA\" \/>\n<meta property=\"og:type\" content=\"article\" \/>\n<meta property=\"og:title\" content=\"Looft Lighter I - Boutique en ligne de Roulottes Gagnon\" \/>\n<meta property=\"og:description\" content=\"Br\u00fbleur \u00e9lectrique acc\u00e9l\u00e9rant\u00a0 la consumation du charbon.\" \/>\n<meta property=\"og:url\" content=\"https:\/\/roulottesgagnon.com\/boutique\/produit\/looft-lighter-i\/\" \/>\n<meta property=\"og:site_name\" content=\"Boutique en ligne de Roulottes Gagnon\" \/>\n<meta property=\"article:publisher\" content=\"https:\/\/www.facebook.com\/RoulottesGagnon\" \/>\n<meta property=\"article:modified_time\" content=\"2025-10-10T13:36:46+00:00\" \/>\n<meta property=\"og:image\" content=\"https:\/\/roulottesgagnon.com\/boutique\/wp-content\/uploads\/2025\/02\/looff1.jpg\" \/>\n\t<meta property=\"og:image:width\" content=\"840\" \/>\n\t<meta property=\"og:image:height\" content=\"840\" \/>\n\t<meta property=\"og:image:type\" content=\"image\/jpeg\" \/>\n<meta name=\"twitter:card\" content=\"summary_large_image\" \/>\n<meta name=\"twitter:site\" content=\"@roulottesg\" \/>\n<meta name=\"twitter:label1\" content=\"Estimation du temps de lecture\" \/>\n\t<meta name=\"twitter:data1\" content=\"1 minute\" \/>\n<script type=\"application\/ld+json\" class=\"yoast-schema-graph\">{\"@context\":\"https:\/\/schema.org\",\"@graph\":[{\"@type\":\"WebSite\",\"@id\":\"https:\/\/roulottesgagnon.com\/boutique\/#website\",\"url\":\"https:\/\/roulottesgagnon.com\/boutique\/\",\"name\":\"Boutique en ligne de Roulottes Gagnon\",\"description\":\"Pi\u00e8ces et accessoires de roulottes\",\"potentialAction\":[{\"@type\":\"SearchAction\",\"target\":{\"@type\":\"EntryPoint\",\"urlTemplate\":\"https:\/\/roulottesgagnon.com\/boutique\/?s={search_term_string}\"},\"query-input\":\"required name=search_term_string\"}],\"inLanguage\":\"fr-CA\"},{\"@type\":\"ImageObject\",\"inLanguage\":\"fr-CA\",\"@id\":\"https:\/\/roulottesgagnon.com\/boutique\/produit\/looft-lighter-i\/#primaryimage\",\"url\":\"https:\/\/roulottesgagnon.com\/boutique\/wp-content\/uploads\/2025\/02\/looff1.jpg\",\"contentUrl\":\"https:\/\/roulottesgagnon.com\/boutique\/wp-content\/uploads\/2025\/02\/looff1.jpg\",\"width\":840,\"height\":840},{\"@type\":\"WebPage\",\"@id\":\"https:\/\/roulottesgagnon.com\/boutique\/produit\/looft-lighter-i\/\",\"url\":\"https:\/\/roulottesgagnon.com\/boutique\/produit\/looft-lighter-i\/\",\"name\":\"Looft Lighter I - Boutique en ligne de Roulottes Gagnon\",\"isPartOf\":{\"@id\":\"https:\/\/roulottesgagnon.com\/boutique\/#website\"},\"primaryImageOfPage\":{\"@id\":\"https:\/\/roulottesgagnon.com\/boutique\/produit\/looft-lighter-i\/#primaryimage\"},\"datePublished\":\"2025-02-28T16:19:31+00:00\",\"dateModified\":\"2025-10-10T13:36:46+00:00\",\"breadcrumb\":{\"@id\":\"https:\/\/roulottesgagnon.com\/boutique\/produit\/looft-lighter-i\/#breadcrumb\"},\"inLanguage\":\"fr-CA\",\"potentialAction\":[{\"@type\":\"ReadAction\",\"target\":[\"https:\/\/roulottesgagnon.com\/boutique\/produit\/looft-lighter-i\/\"]}]},{\"@type\":\"BreadcrumbList\",\"@id\":\"https:\/\/roulottesgagnon.com\/boutique\/produit\/looft-lighter-i\/#breadcrumb\",\"itemListElement\":[{\"@type\":\"ListItem\",\"position\":1,\"name\":\"Home\",\"item\":\"https:\/\/roulottesgagnon.com\/boutique\/\"},{\"@type\":\"ListItem\",\"position\":2,\"name\":\"Boutique en ligne\",\"item\":\"https:\/\/roulottesgagnon.com\/boutique\/\"},{\"@type\":\"ListItem\",\"position\":3,\"name\":\"Looft Lighter I\"}]}]}<\/script>\n<!-- \/ Yoast SEO plugin. -->","yoast_head_json":{"title":"Looft Lighter I - Boutique en ligne de Roulottes Gagnon","robots":{"index":"index","follow":"follow","max-snippet":"max-snippet:-1","max-image-preview":"max-image-preview:large","max-video-preview":"max-video-preview:-1"},"canonical":"https:\/\/roulottesgagnon.com\/boutique\/produit\/looft-lighter-i\/","og_locale":"fr_CA","og_type":"article","og_title":"Looft Lighter I - Boutique en ligne de Roulottes Gagnon","og_description":"Br\u00fbleur \u00e9lectrique acc\u00e9l\u00e9rant\u00a0 la consumation du charbon.","og_url":"https:\/\/roulottesgagnon.com\/boutique\/produit\/looft-lighter-i\/","og_site_name":"Boutique en ligne de Roulottes Gagnon","article_publisher":"https:\/\/www.facebook.com\/RoulottesGagnon","article_modified_time":"2025-10-10T13:36:46+00:00","og_image":[{"width":840,"height":840,"url":"https:\/\/roulottesgagnon.com\/boutique\/wp-content\/uploads\/2025\/02\/looff1.jpg","type":"image\/jpeg"}],"twitter_card":"summary_large_image","twitter_site":"@roulottesg","twitter_misc":{"Estimation du temps de lecture":"1 minute"},"schema":{"@context":"https:\/\/schema.org","@graph":[{"@type":"WebSite","@id":"https:\/\/roulottesgagnon.com\/boutique\/#website","url":"https:\/\/roulottesgagnon.com\/boutique\/","name":"Boutique en ligne de Roulottes Gagnon","description":"Pi\u00e8ces et accessoires de roulottes","potentialAction":[{"@type":"SearchAction","target":{"@type":"EntryPoint","urlTemplate":"https:\/\/roulottesgagnon.com\/boutique\/?s={search_term_string}"},"query-input":"required name=search_term_string"}],"inLanguage":"fr-CA"},{"@type":"ImageObject","inLanguage":"fr-CA","@id":"https:\/\/roulottesgagnon.com\/boutique\/produit\/looft-lighter-i\/#primaryimage","url":"https:\/\/roulottesgagnon.com\/boutique\/wp-content\/uploads\/2025\/02\/looff1.jpg","contentUrl":"https:\/\/roulottesgagnon.com\/boutique\/wp-content\/uploads\/2025\/02\/looff1.jpg","width":840,"height":840},{"@type":"WebPage","@id":"https:\/\/roulottesgagnon.com\/boutique\/produit\/looft-lighter-i\/","url":"https:\/\/roulottesgagnon.com\/boutique\/produit\/looft-lighter-i\/","name":"Looft Lighter I - Boutique en ligne de Roulottes Gagnon","isPartOf":{"@id":"https:\/\/roulottesgagnon.com\/boutique\/#website"},"primaryImageOfPage":{"@id":"https:\/\/roulottesgagnon.com\/boutique\/produit\/looft-lighter-i\/#primaryimage"},"datePublished":"2025-02-28T16:19:31+00:00","dateModified":"2025-10-10T13:36:46+00:00","breadcrumb":{"@id":"https:\/\/roulottesgagnon.com\/boutique\/produit\/looft-lighter-i\/#breadcrumb"},"inLanguage":"fr-CA","potentialAction":[{"@type":"ReadAction","target":["https:\/\/roulottesgagnon.com\/boutique\/produit\/looft-lighter-i\/"]}]},{"@type":"BreadcrumbList","@id":"https:\/\/roulottesgagnon.com\/boutique\/produit\/looft-lighter-i\/#breadcrumb","itemListElement":[{"@type":"ListItem","position":1,"name":"Home","item":"https:\/\/roulottesgagnon.com\/boutique\/"},{"@type":"ListItem","position":2,"name":"Boutique en ligne","item":"https:\/\/roulottesgagnon.com\/boutique\/"},{"@type":"ListItem","position":3,"name":"Looft Lighter I"}]}]}},"_links":{"self":[{"href":"https:\/\/roulottesgagnon.com\/boutique\/wp-json\/wp\/v2\/product\/3052"}],"collection":[{"href":"https:\/\/roulottesgagnon.com\/boutique\/wp-json\/wp\/v2\/product"}],"about":[{"href":"https:\/\/roulottesgagnon.com\/boutique\/wp-json\/wp\/v2\/types\/product"}],"replies":[{"embeddable":true,"href":"https:\/\/roulottesgagnon.com\/boutique\/wp-json\/wp\/v2\/comments?post=3052"}],"wp:featuredmedia":[{"embeddable":true,"href":"https:\/\/roulottesgagnon.com\/boutique\/wp-json\/wp\/v2\/media\/3054"}],"wp:attachment":[{"href":"https:\/\/roulottesgagnon.com\/boutique\/wp-json\/wp\/v2\/media?parent=3052"}],"wp:term":[{"taxonomy":"product_cat","embeddable":true,"href":"https:\/\/roulottesgagnon.com\/boutique\/wp-json\/wp\/v2\/product_cat?post=3052"},{"taxonomy":"product_tag","embeddable":true,"href":"https:\/\/roulottesgagnon.com\/boutique\/wp-json\/wp\/v2\/product_tag?post=3052"}],"curies":[{"name":"wp","href":"https:\/\/api.w.org\/{rel}","templated":true}]}}