{"id":3045,"date":"2025-02-28T14:42:34","date_gmt":"2025-02-28T14:42:34","guid":{"rendered":"https:\/\/roulottesgagnon.com\/boutique\/?post_type=product&#038;p=3045"},"modified":"2025-10-10T13:46:54","modified_gmt":"2025-10-10T13:46:54","slug":"mini-max-big-green-egg-ultimate-kits","status":"publish","type":"product","link":"https:\/\/roulottesgagnon.com\/boutique\/produit\/mini-max-big-green-egg-ultimate-kits\/","title":{"rendered":"Mini Max Big Green Egg Ultimate Kits"},"content":{"rendered":"<p>L&rsquo;ensemble Big Green Egg Mini Max comprend l&rsquo;\u0153uf, son nid de transport, ses pattes pour l&rsquo;avoir en hauteur et \u00e9viter d&rsquo;utiliser une table. On y retrouve \u00e9galement ses tablettes, son d\u00e9flecteur son ramasse ses cendres et sa pince.<\/p>\n<p>La surface de cuisson est de 13 &raquo; de diam\u00e8tre (133 &raquo; carr\u00e9es)<\/p>\n","protected":false},"excerpt":{"rendered":"<p>L&rsquo;ensemble Big Green Egg Mini Max comprend l&rsquo;\u0153uf, son nid de transport, ses pattes pour l&rsquo;avoir en hauteur et \u00e9viter d&rsquo;utiliser une table. On y retrouve \u00e9galement ses tablettes, son d\u00e9flecteur son ramasse ses cendres et sa pince. La surface de cuisson est de 13 &raquo; de diam\u00e8tre (133 &raquo; carr\u00e9es)<\/p>\n","protected":false},"featured_media":3046,"comment_status":"open","ping_status":"closed","template":"","meta":[],"product_cat":[61],"product_tag":[75,84,79,85,80],"yoast_head":"<!-- This site is optimized with the Yoast SEO plugin v19.3 - https:\/\/yoast.com\/wordpress\/plugins\/seo\/ -->\n<title>Mini Max Big Green Egg Ultimate Kits - Boutique en ligne de Roulottes Gagnon<\/title>\n<meta name=\"robots\" content=\"index, follow, max-snippet:-1, max-image-preview:large, max-video-preview:-1\" \/>\n<link rel=\"canonical\" href=\"https:\/\/roulottesgagnon.com\/boutique\/produit\/mini-max-big-green-egg-ultimate-kits\/\" \/>\n<meta property=\"og:locale\" content=\"fr_CA\" \/>\n<meta property=\"og:type\" content=\"article\" \/>\n<meta property=\"og:title\" content=\"Mini Max Big Green Egg Ultimate Kits - Boutique en ligne de Roulottes Gagnon\" \/>\n<meta property=\"og:description\" content=\"L&rsquo;ensemble Big Green Egg Mini Max comprend l&rsquo;\u0153uf, son nid de transport, ses pattes pour l&rsquo;avoir en hauteur et \u00e9viter d&rsquo;utiliser une table. On y retrouve \u00e9galement ses tablettes, son d\u00e9flecteur son ramasse ses cendres et sa pince. La surface de cuisson est de 13 &raquo; de diam\u00e8tre (133 &raquo; carr\u00e9es)\" \/>\n<meta property=\"og:url\" content=\"https:\/\/roulottesgagnon.com\/boutique\/produit\/mini-max-big-green-egg-ultimate-kits\/\" \/>\n<meta property=\"og:site_name\" content=\"Boutique en ligne de Roulottes Gagnon\" \/>\n<meta property=\"article:publisher\" content=\"https:\/\/www.facebook.com\/RoulottesGagnon\" \/>\n<meta property=\"article:modified_time\" content=\"2025-10-10T13:46:54+00:00\" \/>\n<meta property=\"og:image\" content=\"https:\/\/roulottesgagnon.com\/boutique\/wp-content\/uploads\/2025\/02\/BGE.jpg\" \/>\n\t<meta property=\"og:image:width\" content=\"1500\" \/>\n\t<meta property=\"og:image:height\" content=\"1500\" \/>\n\t<meta property=\"og:image:type\" content=\"image\/jpeg\" \/>\n<meta name=\"twitter:card\" content=\"summary_large_image\" \/>\n<meta name=\"twitter:site\" content=\"@roulottesg\" \/>\n<meta name=\"twitter:label1\" content=\"Estimation du temps de lecture\" \/>\n\t<meta name=\"twitter:data1\" content=\"1 minute\" \/>\n<script type=\"application\/ld+json\" class=\"yoast-schema-graph\">{\"@context\":\"https:\/\/schema.org\",\"@graph\":[{\"@type\":\"WebSite\",\"@id\":\"https:\/\/roulottesgagnon.com\/boutique\/#website\",\"url\":\"https:\/\/roulottesgagnon.com\/boutique\/\",\"name\":\"Boutique en ligne de Roulottes Gagnon\",\"description\":\"Pi\u00e8ces et accessoires de roulottes\",\"potentialAction\":[{\"@type\":\"SearchAction\",\"target\":{\"@type\":\"EntryPoint\",\"urlTemplate\":\"https:\/\/roulottesgagnon.com\/boutique\/?s={search_term_string}\"},\"query-input\":\"required name=search_term_string\"}],\"inLanguage\":\"fr-CA\"},{\"@type\":\"ImageObject\",\"inLanguage\":\"fr-CA\",\"@id\":\"https:\/\/roulottesgagnon.com\/boutique\/produit\/mini-max-big-green-egg-ultimate-kits\/#primaryimage\",\"url\":\"https:\/\/roulottesgagnon.com\/boutique\/wp-content\/uploads\/2025\/02\/BGE.jpg\",\"contentUrl\":\"https:\/\/roulottesgagnon.com\/boutique\/wp-content\/uploads\/2025\/02\/BGE.jpg\",\"width\":1500,\"height\":1500},{\"@type\":\"WebPage\",\"@id\":\"https:\/\/roulottesgagnon.com\/boutique\/produit\/mini-max-big-green-egg-ultimate-kits\/\",\"url\":\"https:\/\/roulottesgagnon.com\/boutique\/produit\/mini-max-big-green-egg-ultimate-kits\/\",\"name\":\"Mini Max Big Green Egg Ultimate Kits - Boutique en ligne de Roulottes Gagnon\",\"isPartOf\":{\"@id\":\"https:\/\/roulottesgagnon.com\/boutique\/#website\"},\"primaryImageOfPage\":{\"@id\":\"https:\/\/roulottesgagnon.com\/boutique\/produit\/mini-max-big-green-egg-ultimate-kits\/#primaryimage\"},\"datePublished\":\"2025-02-28T14:42:34+00:00\",\"dateModified\":\"2025-10-10T13:46:54+00:00\",\"breadcrumb\":{\"@id\":\"https:\/\/roulottesgagnon.com\/boutique\/produit\/mini-max-big-green-egg-ultimate-kits\/#breadcrumb\"},\"inLanguage\":\"fr-CA\",\"potentialAction\":[{\"@type\":\"ReadAction\",\"target\":[\"https:\/\/roulottesgagnon.com\/boutique\/produit\/mini-max-big-green-egg-ultimate-kits\/\"]}]},{\"@type\":\"BreadcrumbList\",\"@id\":\"https:\/\/roulottesgagnon.com\/boutique\/produit\/mini-max-big-green-egg-ultimate-kits\/#breadcrumb\",\"itemListElement\":[{\"@type\":\"ListItem\",\"position\":1,\"name\":\"Home\",\"item\":\"https:\/\/roulottesgagnon.com\/boutique\/\"},{\"@type\":\"ListItem\",\"position\":2,\"name\":\"Boutique en ligne\",\"item\":\"https:\/\/roulottesgagnon.com\/boutique\/\"},{\"@type\":\"ListItem\",\"position\":3,\"name\":\"Mini Max Big Green Egg Ultimate Kits\"}]}]}<\/script>\n<!-- \/ Yoast SEO plugin. -->","yoast_head_json":{"title":"Mini Max Big Green Egg Ultimate Kits - Boutique en ligne de Roulottes Gagnon","robots":{"index":"index","follow":"follow","max-snippet":"max-snippet:-1","max-image-preview":"max-image-preview:large","max-video-preview":"max-video-preview:-1"},"canonical":"https:\/\/roulottesgagnon.com\/boutique\/produit\/mini-max-big-green-egg-ultimate-kits\/","og_locale":"fr_CA","og_type":"article","og_title":"Mini Max Big Green Egg Ultimate Kits - Boutique en ligne de Roulottes Gagnon","og_description":"L&rsquo;ensemble Big Green Egg Mini Max comprend l&rsquo;\u0153uf, son nid de transport, ses pattes pour l&rsquo;avoir en hauteur et \u00e9viter d&rsquo;utiliser une table. On y retrouve \u00e9galement ses tablettes, son d\u00e9flecteur son ramasse ses cendres et sa pince. La surface de cuisson est de 13 &raquo; de diam\u00e8tre (133 &raquo; carr\u00e9es)","og_url":"https:\/\/roulottesgagnon.com\/boutique\/produit\/mini-max-big-green-egg-ultimate-kits\/","og_site_name":"Boutique en ligne de Roulottes Gagnon","article_publisher":"https:\/\/www.facebook.com\/RoulottesGagnon","article_modified_time":"2025-10-10T13:46:54+00:00","og_image":[{"width":1500,"height":1500,"url":"https:\/\/roulottesgagnon.com\/boutique\/wp-content\/uploads\/2025\/02\/BGE.jpg","type":"image\/jpeg"}],"twitter_card":"summary_large_image","twitter_site":"@roulottesg","twitter_misc":{"Estimation du temps de lecture":"1 minute"},"schema":{"@context":"https:\/\/schema.org","@graph":[{"@type":"WebSite","@id":"https:\/\/roulottesgagnon.com\/boutique\/#website","url":"https:\/\/roulottesgagnon.com\/boutique\/","name":"Boutique en ligne de Roulottes Gagnon","description":"Pi\u00e8ces et accessoires de roulottes","potentialAction":[{"@type":"SearchAction","target":{"@type":"EntryPoint","urlTemplate":"https:\/\/roulottesgagnon.com\/boutique\/?s={search_term_string}"},"query-input":"required name=search_term_string"}],"inLanguage":"fr-CA"},{"@type":"ImageObject","inLanguage":"fr-CA","@id":"https:\/\/roulottesgagnon.com\/boutique\/produit\/mini-max-big-green-egg-ultimate-kits\/#primaryimage","url":"https:\/\/roulottesgagnon.com\/boutique\/wp-content\/uploads\/2025\/02\/BGE.jpg","contentUrl":"https:\/\/roulottesgagnon.com\/boutique\/wp-content\/uploads\/2025\/02\/BGE.jpg","width":1500,"height":1500},{"@type":"WebPage","@id":"https:\/\/roulottesgagnon.com\/boutique\/produit\/mini-max-big-green-egg-ultimate-kits\/","url":"https:\/\/roulottesgagnon.com\/boutique\/produit\/mini-max-big-green-egg-ultimate-kits\/","name":"Mini Max Big Green Egg Ultimate Kits - Boutique en ligne de Roulottes Gagnon","isPartOf":{"@id":"https:\/\/roulottesgagnon.com\/boutique\/#website"},"primaryImageOfPage":{"@id":"https:\/\/roulottesgagnon.com\/boutique\/produit\/mini-max-big-green-egg-ultimate-kits\/#primaryimage"},"datePublished":"2025-02-28T14:42:34+00:00","dateModified":"2025-10-10T13:46:54+00:00","breadcrumb":{"@id":"https:\/\/roulottesgagnon.com\/boutique\/produit\/mini-max-big-green-egg-ultimate-kits\/#breadcrumb"},"inLanguage":"fr-CA","potentialAction":[{"@type":"ReadAction","target":["https:\/\/roulottesgagnon.com\/boutique\/produit\/mini-max-big-green-egg-ultimate-kits\/"]}]},{"@type":"BreadcrumbList","@id":"https:\/\/roulottesgagnon.com\/boutique\/produit\/mini-max-big-green-egg-ultimate-kits\/#breadcrumb","itemListElement":[{"@type":"ListItem","position":1,"name":"Home","item":"https:\/\/roulottesgagnon.com\/boutique\/"},{"@type":"ListItem","position":2,"name":"Boutique en ligne","item":"https:\/\/roulottesgagnon.com\/boutique\/"},{"@type":"ListItem","position":3,"name":"Mini Max Big Green Egg Ultimate Kits"}]}]}},"_links":{"self":[{"href":"https:\/\/roulottesgagnon.com\/boutique\/wp-json\/wp\/v2\/product\/3045"}],"collection":[{"href":"https:\/\/roulottesgagnon.com\/boutique\/wp-json\/wp\/v2\/product"}],"about":[{"href":"https:\/\/roulottesgagnon.com\/boutique\/wp-json\/wp\/v2\/types\/product"}],"replies":[{"embeddable":true,"href":"https:\/\/roulottesgagnon.com\/boutique\/wp-json\/wp\/v2\/comments?post=3045"}],"wp:featuredmedia":[{"embeddable":true,"href":"https:\/\/roulottesgagnon.com\/boutique\/wp-json\/wp\/v2\/media\/3046"}],"wp:attachment":[{"href":"https:\/\/roulottesgagnon.com\/boutique\/wp-json\/wp\/v2\/media?parent=3045"}],"wp:term":[{"taxonomy":"product_cat","embeddable":true,"href":"https:\/\/roulottesgagnon.com\/boutique\/wp-json\/wp\/v2\/product_cat?post=3045"},{"taxonomy":"product_tag","embeddable":true,"href":"https:\/\/roulottesgagnon.com\/boutique\/wp-json\/wp\/v2\/product_tag?post=3045"}],"curies":[{"name":"wp","href":"https:\/\/api.w.org\/{rel}","templated":true}]}}