{"id":3036,"date":"2025-02-28T15:44:33","date_gmt":"2025-02-28T15:44:33","guid":{"rendered":"https:\/\/roulottesgagnon.com\/boutique\/?post_type=product&#038;p=3036"},"modified":"2025-05-15T20:44:10","modified_gmt":"2025-05-15T20:44:10","slug":"kit-de-cuisson","status":"publish","type":"product","link":"https:\/\/roulottesgagnon.com\/boutique\/produit\/kit-de-cuisson\/","title":{"rendered":"Kit de cuisson"},"content":{"rendered":"<p>L&rsquo;ensemble de cuisson est particuli\u00e8rement adapt\u00e9 pour le four \u00e0 pizza Versa 16. La spatule sert \u00e9galement de poign\u00e9e pour la planche de bois et la pelle en m\u00e9tal afin de d&rsquo;\u00e9conomiser\u00a0 l&rsquo;espace.<\/p>\n<p>&nbsp;<\/p>\n<p>L&rsquo;ensemble comprend :<\/p>\n<ul>\n<li>Une paire de pinces<\/li>\n<li>Planche en bois<\/li>\n<li>Pelle en m\u00e9tal (m\u00eame format que la planche)<\/li>\n<li>Couteau en demi-lune<\/li>\n<li>Spatule au format d&rsquo;une part de pizza.<\/li>\n<\/ul>\n","protected":false},"excerpt":{"rendered":"<p>L&rsquo;ensemble de cuisson est particuli\u00e8rement adapt\u00e9 pour le four \u00e0 pizza Versa 16. La spatule sert \u00e9galement de poign\u00e9e pour la planche de bois et la pelle en m\u00e9tal afin de d&rsquo;\u00e9conomiser\u00a0 l&rsquo;espace. &nbsp; L&rsquo;ensemble comprend : Une paire de pinces Planche en bois Pelle en m\u00e9tal (m\u00eame format que la planche) Couteau en demi-lune [&#8230;]\n","protected":false},"featured_media":3037,"comment_status":"open","ping_status":"closed","template":"","meta":[],"product_cat":[61],"product_tag":[73,76,80,83],"yoast_head":"<!-- This site is optimized with the Yoast SEO plugin v19.3 - https:\/\/yoast.com\/wordpress\/plugins\/seo\/ -->\n<title>Kit de cuisson - Boutique en ligne de Roulottes Gagnon<\/title>\n<meta name=\"robots\" content=\"index, follow, max-snippet:-1, max-image-preview:large, max-video-preview:-1\" \/>\n<link rel=\"canonical\" href=\"https:\/\/roulottesgagnon.com\/boutique\/produit\/kit-de-cuisson\/\" \/>\n<meta property=\"og:locale\" content=\"fr_CA\" \/>\n<meta property=\"og:type\" content=\"article\" \/>\n<meta property=\"og:title\" content=\"Kit de cuisson - Boutique en ligne de Roulottes Gagnon\" \/>\n<meta property=\"og:description\" content=\"L&rsquo;ensemble de cuisson est particuli\u00e8rement adapt\u00e9 pour le four \u00e0 pizza Versa 16. La spatule sert \u00e9galement de poign\u00e9e pour la planche de bois et la pelle en m\u00e9tal afin de d&rsquo;\u00e9conomiser\u00a0 l&rsquo;espace. &nbsp; L&rsquo;ensemble comprend : Une paire de pinces Planche en bois Pelle en m\u00e9tal (m\u00eame format que la planche) Couteau en demi-lune [...]\" \/>\n<meta property=\"og:url\" content=\"https:\/\/roulottesgagnon.com\/boutique\/produit\/kit-de-cuisson\/\" \/>\n<meta property=\"og:site_name\" content=\"Boutique en ligne de Roulottes Gagnon\" \/>\n<meta property=\"article:publisher\" content=\"https:\/\/www.facebook.com\/RoulottesGagnon\" \/>\n<meta property=\"article:modified_time\" content=\"2025-05-15T20:44:10+00:00\" \/>\n<meta property=\"og:image\" content=\"https:\/\/roulottesgagnon.com\/boutique\/wp-content\/uploads\/2025\/02\/The-Cook-Serve-Pizza-Kit-for-the-Versa-16-Pizza-Oven-2-1.png\" \/>\n\t<meta property=\"og:image:width\" content=\"1000\" \/>\n\t<meta property=\"og:image:height\" content=\"1000\" \/>\n\t<meta property=\"og:image:type\" content=\"image\/png\" \/>\n<meta name=\"twitter:card\" content=\"summary_large_image\" \/>\n<meta name=\"twitter:site\" content=\"@roulottesg\" \/>\n<meta name=\"twitter:label1\" content=\"Estimation du temps de lecture\" \/>\n\t<meta name=\"twitter:data1\" content=\"1 minute\" \/>\n<script type=\"application\/ld+json\" class=\"yoast-schema-graph\">{\"@context\":\"https:\/\/schema.org\",\"@graph\":[{\"@type\":\"WebSite\",\"@id\":\"https:\/\/roulottesgagnon.com\/boutique\/#website\",\"url\":\"https:\/\/roulottesgagnon.com\/boutique\/\",\"name\":\"Boutique en ligne de Roulottes Gagnon\",\"description\":\"Pi\u00e8ces et accessoires de roulottes\",\"potentialAction\":[{\"@type\":\"SearchAction\",\"target\":{\"@type\":\"EntryPoint\",\"urlTemplate\":\"https:\/\/roulottesgagnon.com\/boutique\/?s={search_term_string}\"},\"query-input\":\"required name=search_term_string\"}],\"inLanguage\":\"fr-CA\"},{\"@type\":\"ImageObject\",\"inLanguage\":\"fr-CA\",\"@id\":\"https:\/\/roulottesgagnon.com\/boutique\/produit\/kit-de-cuisson\/#primaryimage\",\"url\":\"https:\/\/roulottesgagnon.com\/boutique\/wp-content\/uploads\/2025\/02\/The-Cook-Serve-Pizza-Kit-for-the-Versa-16-Pizza-Oven-2-1.png\",\"contentUrl\":\"https:\/\/roulottesgagnon.com\/boutique\/wp-content\/uploads\/2025\/02\/The-Cook-Serve-Pizza-Kit-for-the-Versa-16-Pizza-Oven-2-1.png\",\"width\":1000,\"height\":1000},{\"@type\":\"WebPage\",\"@id\":\"https:\/\/roulottesgagnon.com\/boutique\/produit\/kit-de-cuisson\/\",\"url\":\"https:\/\/roulottesgagnon.com\/boutique\/produit\/kit-de-cuisson\/\",\"name\":\"Kit de cuisson - Boutique en ligne de Roulottes Gagnon\",\"isPartOf\":{\"@id\":\"https:\/\/roulottesgagnon.com\/boutique\/#website\"},\"primaryImageOfPage\":{\"@id\":\"https:\/\/roulottesgagnon.com\/boutique\/produit\/kit-de-cuisson\/#primaryimage\"},\"datePublished\":\"2025-02-28T15:44:33+00:00\",\"dateModified\":\"2025-05-15T20:44:10+00:00\",\"breadcrumb\":{\"@id\":\"https:\/\/roulottesgagnon.com\/boutique\/produit\/kit-de-cuisson\/#breadcrumb\"},\"inLanguage\":\"fr-CA\",\"potentialAction\":[{\"@type\":\"ReadAction\",\"target\":[\"https:\/\/roulottesgagnon.com\/boutique\/produit\/kit-de-cuisson\/\"]}]},{\"@type\":\"BreadcrumbList\",\"@id\":\"https:\/\/roulottesgagnon.com\/boutique\/produit\/kit-de-cuisson\/#breadcrumb\",\"itemListElement\":[{\"@type\":\"ListItem\",\"position\":1,\"name\":\"Home\",\"item\":\"https:\/\/roulottesgagnon.com\/boutique\/\"},{\"@type\":\"ListItem\",\"position\":2,\"name\":\"Boutique en ligne\",\"item\":\"https:\/\/roulottesgagnon.com\/boutique\/\"},{\"@type\":\"ListItem\",\"position\":3,\"name\":\"Kit de cuisson\"}]}]}<\/script>\n<!-- \/ Yoast SEO plugin. -->","yoast_head_json":{"title":"Kit de cuisson - Boutique en ligne de Roulottes Gagnon","robots":{"index":"index","follow":"follow","max-snippet":"max-snippet:-1","max-image-preview":"max-image-preview:large","max-video-preview":"max-video-preview:-1"},"canonical":"https:\/\/roulottesgagnon.com\/boutique\/produit\/kit-de-cuisson\/","og_locale":"fr_CA","og_type":"article","og_title":"Kit de cuisson - Boutique en ligne de Roulottes Gagnon","og_description":"L&rsquo;ensemble de cuisson est particuli\u00e8rement adapt\u00e9 pour le four \u00e0 pizza Versa 16. La spatule sert \u00e9galement de poign\u00e9e pour la planche de bois et la pelle en m\u00e9tal afin de d&rsquo;\u00e9conomiser\u00a0 l&rsquo;espace. &nbsp; L&rsquo;ensemble comprend : Une paire de pinces Planche en bois Pelle en m\u00e9tal (m\u00eame format que la planche) Couteau en demi-lune [...]","og_url":"https:\/\/roulottesgagnon.com\/boutique\/produit\/kit-de-cuisson\/","og_site_name":"Boutique en ligne de Roulottes Gagnon","article_publisher":"https:\/\/www.facebook.com\/RoulottesGagnon","article_modified_time":"2025-05-15T20:44:10+00:00","og_image":[{"width":1000,"height":1000,"url":"https:\/\/roulottesgagnon.com\/boutique\/wp-content\/uploads\/2025\/02\/The-Cook-Serve-Pizza-Kit-for-the-Versa-16-Pizza-Oven-2-1.png","type":"image\/png"}],"twitter_card":"summary_large_image","twitter_site":"@roulottesg","twitter_misc":{"Estimation du temps de lecture":"1 minute"},"schema":{"@context":"https:\/\/schema.org","@graph":[{"@type":"WebSite","@id":"https:\/\/roulottesgagnon.com\/boutique\/#website","url":"https:\/\/roulottesgagnon.com\/boutique\/","name":"Boutique en ligne de Roulottes Gagnon","description":"Pi\u00e8ces et accessoires de roulottes","potentialAction":[{"@type":"SearchAction","target":{"@type":"EntryPoint","urlTemplate":"https:\/\/roulottesgagnon.com\/boutique\/?s={search_term_string}"},"query-input":"required name=search_term_string"}],"inLanguage":"fr-CA"},{"@type":"ImageObject","inLanguage":"fr-CA","@id":"https:\/\/roulottesgagnon.com\/boutique\/produit\/kit-de-cuisson\/#primaryimage","url":"https:\/\/roulottesgagnon.com\/boutique\/wp-content\/uploads\/2025\/02\/The-Cook-Serve-Pizza-Kit-for-the-Versa-16-Pizza-Oven-2-1.png","contentUrl":"https:\/\/roulottesgagnon.com\/boutique\/wp-content\/uploads\/2025\/02\/The-Cook-Serve-Pizza-Kit-for-the-Versa-16-Pizza-Oven-2-1.png","width":1000,"height":1000},{"@type":"WebPage","@id":"https:\/\/roulottesgagnon.com\/boutique\/produit\/kit-de-cuisson\/","url":"https:\/\/roulottesgagnon.com\/boutique\/produit\/kit-de-cuisson\/","name":"Kit de cuisson - Boutique en ligne de Roulottes Gagnon","isPartOf":{"@id":"https:\/\/roulottesgagnon.com\/boutique\/#website"},"primaryImageOfPage":{"@id":"https:\/\/roulottesgagnon.com\/boutique\/produit\/kit-de-cuisson\/#primaryimage"},"datePublished":"2025-02-28T15:44:33+00:00","dateModified":"2025-05-15T20:44:10+00:00","breadcrumb":{"@id":"https:\/\/roulottesgagnon.com\/boutique\/produit\/kit-de-cuisson\/#breadcrumb"},"inLanguage":"fr-CA","potentialAction":[{"@type":"ReadAction","target":["https:\/\/roulottesgagnon.com\/boutique\/produit\/kit-de-cuisson\/"]}]},{"@type":"BreadcrumbList","@id":"https:\/\/roulottesgagnon.com\/boutique\/produit\/kit-de-cuisson\/#breadcrumb","itemListElement":[{"@type":"ListItem","position":1,"name":"Home","item":"https:\/\/roulottesgagnon.com\/boutique\/"},{"@type":"ListItem","position":2,"name":"Boutique en ligne","item":"https:\/\/roulottesgagnon.com\/boutique\/"},{"@type":"ListItem","position":3,"name":"Kit de cuisson"}]}]}},"_links":{"self":[{"href":"https:\/\/roulottesgagnon.com\/boutique\/wp-json\/wp\/v2\/product\/3036"}],"collection":[{"href":"https:\/\/roulottesgagnon.com\/boutique\/wp-json\/wp\/v2\/product"}],"about":[{"href":"https:\/\/roulottesgagnon.com\/boutique\/wp-json\/wp\/v2\/types\/product"}],"replies":[{"embeddable":true,"href":"https:\/\/roulottesgagnon.com\/boutique\/wp-json\/wp\/v2\/comments?post=3036"}],"wp:featuredmedia":[{"embeddable":true,"href":"https:\/\/roulottesgagnon.com\/boutique\/wp-json\/wp\/v2\/media\/3037"}],"wp:attachment":[{"href":"https:\/\/roulottesgagnon.com\/boutique\/wp-json\/wp\/v2\/media?parent=3036"}],"wp:term":[{"taxonomy":"product_cat","embeddable":true,"href":"https:\/\/roulottesgagnon.com\/boutique\/wp-json\/wp\/v2\/product_cat?post=3036"},{"taxonomy":"product_tag","embeddable":true,"href":"https:\/\/roulottesgagnon.com\/boutique\/wp-json\/wp\/v2\/product_tag?post=3036"}],"curies":[{"name":"wp","href":"https:\/\/api.w.org\/{rel}","templated":true}]}}