{"id":3028,"date":"2025-02-26T21:26:21","date_gmt":"2025-02-26T21:26:21","guid":{"rendered":"https:\/\/roulottesgagnon.com\/boutique\/?post_type=product&#038;p=3028"},"modified":"2025-05-16T12:11:36","modified_gmt":"2025-05-16T12:11:36","slug":"four-a-pizza-halo-versa-16","status":"publish","type":"product","link":"https:\/\/roulottesgagnon.com\/boutique\/produit\/four-a-pizza-halo-versa-16\/","title":{"rendered":"Four \u00e0 Pizza Halo Versa 16"},"content":{"rendered":"<p>Le four \u00e0 pizza Halo \u00e0 gaz est \u00e0 la fois portable, efficace et astucieusement bien pens\u00e9. Munie d&rsquo;une plaque tournante qui est aliment\u00e9e par batteries (non incluses) ou par alimentation 110v (inclus), votre pizza sera cuite uniform\u00e9ment. Le couvercle se soul\u00e8ve et il n&rsquo;y a pas que le br\u00fbleur du fond qui travail, il y a \u00e9galement un br\u00fbleur en dessous qui permet de cuir au m\u00eame moment le dessous de la p\u00e2te pour un r\u00e9sultat sans faille. Compatible haute et basse pression (connecteur rapide, les raccords sont inclus).<\/p>\n<p>Le syst\u00e8me de cuisson permet \u00e9galement une panoplie de recettes outre qu&rsquo;une pizza.<\/p>\n<p>Sp\u00e9cifications :<\/p>\n<p>Fonctionne au gas propane.<\/p>\n<p>Surface de cuisson : 16 &raquo; diam\u00e8tre<\/p>\n<p>11,500 BTUs (br\u00fbleur infra rouge)<\/p>\n<p>9,600 BTUs (Br\u00fbleur arri\u00e8re)<\/p>\n<p>&nbsp;<\/p>\n","protected":false},"excerpt":{"rendered":"<p>Le four \u00e0 pizza Halo \u00e0 gaz est \u00e0 la fois portable, efficace et astucieusement bien pens\u00e9. Munie d&rsquo;une plaque tournante qui est aliment\u00e9e par batteries (non incluses) ou par alimentation 110v (inclus), votre pizza sera cuite uniform\u00e9ment. Le couvercle se soul\u00e8ve et il n&rsquo;y a pas que le br\u00fbleur du fond qui travail, il [&#8230;]\n","protected":false},"featured_media":3029,"comment_status":"open","ping_status":"closed","template":"","meta":[],"product_cat":[61],"product_tag":[73,90,76,80,89],"yoast_head":"<!-- This site is optimized with the Yoast SEO plugin v19.3 - https:\/\/yoast.com\/wordpress\/plugins\/seo\/ -->\n<title>Four \u00e0 Pizza Halo Versa 16 - Boutique en ligne de Roulottes Gagnon<\/title>\n<meta name=\"robots\" content=\"index, follow, max-snippet:-1, max-image-preview:large, max-video-preview:-1\" \/>\n<link rel=\"canonical\" href=\"https:\/\/roulottesgagnon.com\/boutique\/produit\/four-a-pizza-halo-versa-16\/\" \/>\n<meta property=\"og:locale\" content=\"fr_CA\" \/>\n<meta property=\"og:type\" content=\"article\" \/>\n<meta property=\"og:title\" content=\"Four \u00e0 Pizza Halo Versa 16 - Boutique en ligne de Roulottes Gagnon\" \/>\n<meta property=\"og:description\" content=\"Le four \u00e0 pizza Halo \u00e0 gaz est \u00e0 la fois portable, efficace et astucieusement bien pens\u00e9. Munie d&rsquo;une plaque tournante qui est aliment\u00e9e par batteries (non incluses) ou par alimentation 110v (inclus), votre pizza sera cuite uniform\u00e9ment. Le couvercle se soul\u00e8ve et il n&rsquo;y a pas que le br\u00fbleur du fond qui travail, il [...]\" \/>\n<meta property=\"og:url\" content=\"https:\/\/roulottesgagnon.com\/boutique\/produit\/four-a-pizza-halo-versa-16\/\" \/>\n<meta property=\"og:site_name\" content=\"Boutique en ligne de Roulottes Gagnon\" \/>\n<meta property=\"article:publisher\" content=\"https:\/\/www.facebook.com\/RoulottesGagnon\" \/>\n<meta property=\"article:modified_time\" content=\"2025-05-16T12:11:36+00:00\" \/>\n<meta property=\"og:image\" content=\"https:\/\/roulottesgagnon.com\/boutique\/wp-content\/uploads\/2025\/02\/Hero-On-1536x1152-1.png\" \/>\n\t<meta property=\"og:image:width\" content=\"1536\" \/>\n\t<meta property=\"og:image:height\" content=\"1152\" \/>\n\t<meta property=\"og:image:type\" content=\"image\/png\" \/>\n<meta name=\"twitter:card\" content=\"summary_large_image\" \/>\n<meta name=\"twitter:site\" content=\"@roulottesg\" \/>\n<meta name=\"twitter:label1\" content=\"Estimation du temps de lecture\" \/>\n\t<meta name=\"twitter:data1\" content=\"1 minute\" \/>\n<script type=\"application\/ld+json\" class=\"yoast-schema-graph\">{\"@context\":\"https:\/\/schema.org\",\"@graph\":[{\"@type\":\"WebSite\",\"@id\":\"https:\/\/roulottesgagnon.com\/boutique\/#website\",\"url\":\"https:\/\/roulottesgagnon.com\/boutique\/\",\"name\":\"Boutique en ligne de Roulottes Gagnon\",\"description\":\"Pi\u00e8ces et accessoires de roulottes\",\"potentialAction\":[{\"@type\":\"SearchAction\",\"target\":{\"@type\":\"EntryPoint\",\"urlTemplate\":\"https:\/\/roulottesgagnon.com\/boutique\/?s={search_term_string}\"},\"query-input\":\"required name=search_term_string\"}],\"inLanguage\":\"fr-CA\"},{\"@type\":\"ImageObject\",\"inLanguage\":\"fr-CA\",\"@id\":\"https:\/\/roulottesgagnon.com\/boutique\/produit\/four-a-pizza-halo-versa-16\/#primaryimage\",\"url\":\"https:\/\/roulottesgagnon.com\/boutique\/wp-content\/uploads\/2025\/02\/Hero-On-1536x1152-1.png\",\"contentUrl\":\"https:\/\/roulottesgagnon.com\/boutique\/wp-content\/uploads\/2025\/02\/Hero-On-1536x1152-1.png\",\"width\":1536,\"height\":1152},{\"@type\":\"WebPage\",\"@id\":\"https:\/\/roulottesgagnon.com\/boutique\/produit\/four-a-pizza-halo-versa-16\/\",\"url\":\"https:\/\/roulottesgagnon.com\/boutique\/produit\/four-a-pizza-halo-versa-16\/\",\"name\":\"Four \u00e0 Pizza Halo Versa 16 - Boutique en ligne de Roulottes Gagnon\",\"isPartOf\":{\"@id\":\"https:\/\/roulottesgagnon.com\/boutique\/#website\"},\"primaryImageOfPage\":{\"@id\":\"https:\/\/roulottesgagnon.com\/boutique\/produit\/four-a-pizza-halo-versa-16\/#primaryimage\"},\"datePublished\":\"2025-02-26T21:26:21+00:00\",\"dateModified\":\"2025-05-16T12:11:36+00:00\",\"breadcrumb\":{\"@id\":\"https:\/\/roulottesgagnon.com\/boutique\/produit\/four-a-pizza-halo-versa-16\/#breadcrumb\"},\"inLanguage\":\"fr-CA\",\"potentialAction\":[{\"@type\":\"ReadAction\",\"target\":[\"https:\/\/roulottesgagnon.com\/boutique\/produit\/four-a-pizza-halo-versa-16\/\"]}]},{\"@type\":\"BreadcrumbList\",\"@id\":\"https:\/\/roulottesgagnon.com\/boutique\/produit\/four-a-pizza-halo-versa-16\/#breadcrumb\",\"itemListElement\":[{\"@type\":\"ListItem\",\"position\":1,\"name\":\"Home\",\"item\":\"https:\/\/roulottesgagnon.com\/boutique\/\"},{\"@type\":\"ListItem\",\"position\":2,\"name\":\"Boutique en ligne\",\"item\":\"https:\/\/roulottesgagnon.com\/boutique\/\"},{\"@type\":\"ListItem\",\"position\":3,\"name\":\"Four \u00e0 Pizza Halo Versa 16\"}]}]}<\/script>\n<!-- \/ Yoast SEO plugin. -->","yoast_head_json":{"title":"Four \u00e0 Pizza Halo Versa 16 - Boutique en ligne de Roulottes Gagnon","robots":{"index":"index","follow":"follow","max-snippet":"max-snippet:-1","max-image-preview":"max-image-preview:large","max-video-preview":"max-video-preview:-1"},"canonical":"https:\/\/roulottesgagnon.com\/boutique\/produit\/four-a-pizza-halo-versa-16\/","og_locale":"fr_CA","og_type":"article","og_title":"Four \u00e0 Pizza Halo Versa 16 - Boutique en ligne de Roulottes Gagnon","og_description":"Le four \u00e0 pizza Halo \u00e0 gaz est \u00e0 la fois portable, efficace et astucieusement bien pens\u00e9. Munie d&rsquo;une plaque tournante qui est aliment\u00e9e par batteries (non incluses) ou par alimentation 110v (inclus), votre pizza sera cuite uniform\u00e9ment. Le couvercle se soul\u00e8ve et il n&rsquo;y a pas que le br\u00fbleur du fond qui travail, il [...]","og_url":"https:\/\/roulottesgagnon.com\/boutique\/produit\/four-a-pizza-halo-versa-16\/","og_site_name":"Boutique en ligne de Roulottes Gagnon","article_publisher":"https:\/\/www.facebook.com\/RoulottesGagnon","article_modified_time":"2025-05-16T12:11:36+00:00","og_image":[{"width":1536,"height":1152,"url":"https:\/\/roulottesgagnon.com\/boutique\/wp-content\/uploads\/2025\/02\/Hero-On-1536x1152-1.png","type":"image\/png"}],"twitter_card":"summary_large_image","twitter_site":"@roulottesg","twitter_misc":{"Estimation du temps de lecture":"1 minute"},"schema":{"@context":"https:\/\/schema.org","@graph":[{"@type":"WebSite","@id":"https:\/\/roulottesgagnon.com\/boutique\/#website","url":"https:\/\/roulottesgagnon.com\/boutique\/","name":"Boutique en ligne de Roulottes Gagnon","description":"Pi\u00e8ces et accessoires de roulottes","potentialAction":[{"@type":"SearchAction","target":{"@type":"EntryPoint","urlTemplate":"https:\/\/roulottesgagnon.com\/boutique\/?s={search_term_string}"},"query-input":"required name=search_term_string"}],"inLanguage":"fr-CA"},{"@type":"ImageObject","inLanguage":"fr-CA","@id":"https:\/\/roulottesgagnon.com\/boutique\/produit\/four-a-pizza-halo-versa-16\/#primaryimage","url":"https:\/\/roulottesgagnon.com\/boutique\/wp-content\/uploads\/2025\/02\/Hero-On-1536x1152-1.png","contentUrl":"https:\/\/roulottesgagnon.com\/boutique\/wp-content\/uploads\/2025\/02\/Hero-On-1536x1152-1.png","width":1536,"height":1152},{"@type":"WebPage","@id":"https:\/\/roulottesgagnon.com\/boutique\/produit\/four-a-pizza-halo-versa-16\/","url":"https:\/\/roulottesgagnon.com\/boutique\/produit\/four-a-pizza-halo-versa-16\/","name":"Four \u00e0 Pizza Halo Versa 16 - Boutique en ligne de Roulottes Gagnon","isPartOf":{"@id":"https:\/\/roulottesgagnon.com\/boutique\/#website"},"primaryImageOfPage":{"@id":"https:\/\/roulottesgagnon.com\/boutique\/produit\/four-a-pizza-halo-versa-16\/#primaryimage"},"datePublished":"2025-02-26T21:26:21+00:00","dateModified":"2025-05-16T12:11:36+00:00","breadcrumb":{"@id":"https:\/\/roulottesgagnon.com\/boutique\/produit\/four-a-pizza-halo-versa-16\/#breadcrumb"},"inLanguage":"fr-CA","potentialAction":[{"@type":"ReadAction","target":["https:\/\/roulottesgagnon.com\/boutique\/produit\/four-a-pizza-halo-versa-16\/"]}]},{"@type":"BreadcrumbList","@id":"https:\/\/roulottesgagnon.com\/boutique\/produit\/four-a-pizza-halo-versa-16\/#breadcrumb","itemListElement":[{"@type":"ListItem","position":1,"name":"Home","item":"https:\/\/roulottesgagnon.com\/boutique\/"},{"@type":"ListItem","position":2,"name":"Boutique en ligne","item":"https:\/\/roulottesgagnon.com\/boutique\/"},{"@type":"ListItem","position":3,"name":"Four \u00e0 Pizza Halo Versa 16"}]}]}},"_links":{"self":[{"href":"https:\/\/roulottesgagnon.com\/boutique\/wp-json\/wp\/v2\/product\/3028"}],"collection":[{"href":"https:\/\/roulottesgagnon.com\/boutique\/wp-json\/wp\/v2\/product"}],"about":[{"href":"https:\/\/roulottesgagnon.com\/boutique\/wp-json\/wp\/v2\/types\/product"}],"replies":[{"embeddable":true,"href":"https:\/\/roulottesgagnon.com\/boutique\/wp-json\/wp\/v2\/comments?post=3028"}],"wp:featuredmedia":[{"embeddable":true,"href":"https:\/\/roulottesgagnon.com\/boutique\/wp-json\/wp\/v2\/media\/3029"}],"wp:attachment":[{"href":"https:\/\/roulottesgagnon.com\/boutique\/wp-json\/wp\/v2\/media?parent=3028"}],"wp:term":[{"taxonomy":"product_cat","embeddable":true,"href":"https:\/\/roulottesgagnon.com\/boutique\/wp-json\/wp\/v2\/product_cat?post=3028"},{"taxonomy":"product_tag","embeddable":true,"href":"https:\/\/roulottesgagnon.com\/boutique\/wp-json\/wp\/v2\/product_tag?post=3028"}],"curies":[{"name":"wp","href":"https:\/\/api.w.org\/{rel}","templated":true}]}}