{"id":3024,"date":"2025-02-27T13:24:41","date_gmt":"2025-02-27T13:24:41","guid":{"rendered":"https:\/\/roulottesgagnon.com\/boutique\/?post_type=product&#038;p=3024"},"modified":"2025-10-10T13:47:52","modified_gmt":"2025-10-10T13:47:52","slug":"halo-plancha-portative-elite-1b","status":"publish","type":"product","link":"https:\/\/roulottesgagnon.com\/boutique\/produit\/halo-plancha-portative-elite-1b\/","title":{"rendered":"Halo plancha portative Elite 1B"},"content":{"rendered":"<p>La plancha Halo portative est d&rsquo;une conception unique! La plaque de haute qualit\u00e9 cumule tr\u00e8s bien la chaleur. Le br\u00fbleur est en deux parties, on peut activer seulement l&rsquo;une d&rsquo;elles au besoin. L&rsquo;appareil est \u00e9galement muni d&rsquo;un couvercle\/d\u00e9flecteur pour maintenant la temp\u00e9rature et offrir plusieurs vari\u00e9t\u00e9s de cuissons. Un r\u00e9cipient \u00e0 graisse \u00e0 la hauteur de votre enthousiasme, il est aussi facilement transportable et amovible. Un niveau externe aimant\u00e9 est inclus afin de bien diriger la graisse. Le Halo est aussi compatible avec la haute et basse pression (les adaptateurs sont inclus).<\/p>\n<p>Sp\u00e9cifications:<\/p>\n<p>15,000 BTUs<\/p>\n<p>Surface de cuisson : 21 &raquo; Large x 13.53 &raquo; Profond (284 &raquo; carr\u00e9s)<\/p>\n<p>&nbsp;<\/p>\n","protected":false},"excerpt":{"rendered":"<p>La plancha Halo portative est d&rsquo;une conception unique! La plaque de haute qualit\u00e9 cumule tr\u00e8s bien la chaleur. Le br\u00fbleur est en deux parties, on peut activer seulement l&rsquo;une d&rsquo;elles au besoin. L&rsquo;appareil est \u00e9galement muni d&rsquo;un couvercle\/d\u00e9flecteur pour maintenant la temp\u00e9rature et offrir plusieurs vari\u00e9t\u00e9s de cuissons. Un r\u00e9cipient \u00e0 graisse \u00e0 la hauteur [&#8230;]\n","protected":false},"featured_media":3026,"comment_status":"open","ping_status":"closed","template":"","meta":[],"product_cat":[61],"product_tag":[73,81,76,80,82],"yoast_head":"<!-- This site is optimized with the Yoast SEO plugin v19.3 - https:\/\/yoast.com\/wordpress\/plugins\/seo\/ -->\n<title>Halo plancha portative Elite 1B - Boutique en ligne de Roulottes Gagnon<\/title>\n<meta name=\"robots\" content=\"index, follow, max-snippet:-1, max-image-preview:large, max-video-preview:-1\" \/>\n<link rel=\"canonical\" href=\"https:\/\/roulottesgagnon.com\/boutique\/produit\/halo-plancha-portative-elite-1b\/\" \/>\n<meta property=\"og:locale\" content=\"fr_CA\" \/>\n<meta property=\"og:type\" content=\"article\" \/>\n<meta property=\"og:title\" content=\"Halo plancha portative Elite 1B - Boutique en ligne de Roulottes Gagnon\" \/>\n<meta property=\"og:description\" content=\"La plancha Halo portative est d&rsquo;une conception unique! La plaque de haute qualit\u00e9 cumule tr\u00e8s bien la chaleur. Le br\u00fbleur est en deux parties, on peut activer seulement l&rsquo;une d&rsquo;elles au besoin. L&rsquo;appareil est \u00e9galement muni d&rsquo;un couvercle\/d\u00e9flecteur pour maintenant la temp\u00e9rature et offrir plusieurs vari\u00e9t\u00e9s de cuissons. Un r\u00e9cipient \u00e0 graisse \u00e0 la hauteur [...]\" \/>\n<meta property=\"og:url\" content=\"https:\/\/roulottesgagnon.com\/boutique\/produit\/halo-plancha-portative-elite-1b\/\" \/>\n<meta property=\"og:site_name\" content=\"Boutique en ligne de Roulottes Gagnon\" \/>\n<meta property=\"article:publisher\" content=\"https:\/\/www.facebook.com\/RoulottesGagnon\" \/>\n<meta property=\"article:modified_time\" content=\"2025-10-10T13:47:52+00:00\" \/>\n<meta property=\"og:image\" content=\"https:\/\/roulottesgagnon.com\/boutique\/wp-content\/uploads\/2025\/02\/Griddle-1-1.png\" \/>\n\t<meta property=\"og:image:width\" content=\"1536\" \/>\n\t<meta property=\"og:image:height\" content=\"1536\" \/>\n\t<meta property=\"og:image:type\" content=\"image\/png\" \/>\n<meta name=\"twitter:card\" content=\"summary_large_image\" \/>\n<meta name=\"twitter:site\" content=\"@roulottesg\" \/>\n<meta name=\"twitter:label1\" content=\"Estimation du temps de lecture\" \/>\n\t<meta name=\"twitter:data1\" content=\"1 minute\" \/>\n<script type=\"application\/ld+json\" class=\"yoast-schema-graph\">{\"@context\":\"https:\/\/schema.org\",\"@graph\":[{\"@type\":\"WebSite\",\"@id\":\"https:\/\/roulottesgagnon.com\/boutique\/#website\",\"url\":\"https:\/\/roulottesgagnon.com\/boutique\/\",\"name\":\"Boutique en ligne de Roulottes Gagnon\",\"description\":\"Pi\u00e8ces et accessoires de roulottes\",\"potentialAction\":[{\"@type\":\"SearchAction\",\"target\":{\"@type\":\"EntryPoint\",\"urlTemplate\":\"https:\/\/roulottesgagnon.com\/boutique\/?s={search_term_string}\"},\"query-input\":\"required name=search_term_string\"}],\"inLanguage\":\"fr-CA\"},{\"@type\":\"ImageObject\",\"inLanguage\":\"fr-CA\",\"@id\":\"https:\/\/roulottesgagnon.com\/boutique\/produit\/halo-plancha-portative-elite-1b\/#primaryimage\",\"url\":\"https:\/\/roulottesgagnon.com\/boutique\/wp-content\/uploads\/2025\/02\/Griddle-1-1.png\",\"contentUrl\":\"https:\/\/roulottesgagnon.com\/boutique\/wp-content\/uploads\/2025\/02\/Griddle-1-1.png\",\"width\":1536,\"height\":1536},{\"@type\":\"WebPage\",\"@id\":\"https:\/\/roulottesgagnon.com\/boutique\/produit\/halo-plancha-portative-elite-1b\/\",\"url\":\"https:\/\/roulottesgagnon.com\/boutique\/produit\/halo-plancha-portative-elite-1b\/\",\"name\":\"Halo plancha portative Elite 1B - Boutique en ligne de Roulottes Gagnon\",\"isPartOf\":{\"@id\":\"https:\/\/roulottesgagnon.com\/boutique\/#website\"},\"primaryImageOfPage\":{\"@id\":\"https:\/\/roulottesgagnon.com\/boutique\/produit\/halo-plancha-portative-elite-1b\/#primaryimage\"},\"datePublished\":\"2025-02-27T13:24:41+00:00\",\"dateModified\":\"2025-10-10T13:47:52+00:00\",\"breadcrumb\":{\"@id\":\"https:\/\/roulottesgagnon.com\/boutique\/produit\/halo-plancha-portative-elite-1b\/#breadcrumb\"},\"inLanguage\":\"fr-CA\",\"potentialAction\":[{\"@type\":\"ReadAction\",\"target\":[\"https:\/\/roulottesgagnon.com\/boutique\/produit\/halo-plancha-portative-elite-1b\/\"]}]},{\"@type\":\"BreadcrumbList\",\"@id\":\"https:\/\/roulottesgagnon.com\/boutique\/produit\/halo-plancha-portative-elite-1b\/#breadcrumb\",\"itemListElement\":[{\"@type\":\"ListItem\",\"position\":1,\"name\":\"Home\",\"item\":\"https:\/\/roulottesgagnon.com\/boutique\/\"},{\"@type\":\"ListItem\",\"position\":2,\"name\":\"Boutique en ligne\",\"item\":\"https:\/\/roulottesgagnon.com\/boutique\/\"},{\"@type\":\"ListItem\",\"position\":3,\"name\":\"Halo plancha portative Elite 1B\"}]}]}<\/script>\n<!-- \/ Yoast SEO plugin. -->","yoast_head_json":{"title":"Halo plancha portative Elite 1B - Boutique en ligne de Roulottes Gagnon","robots":{"index":"index","follow":"follow","max-snippet":"max-snippet:-1","max-image-preview":"max-image-preview:large","max-video-preview":"max-video-preview:-1"},"canonical":"https:\/\/roulottesgagnon.com\/boutique\/produit\/halo-plancha-portative-elite-1b\/","og_locale":"fr_CA","og_type":"article","og_title":"Halo plancha portative Elite 1B - Boutique en ligne de Roulottes Gagnon","og_description":"La plancha Halo portative est d&rsquo;une conception unique! La plaque de haute qualit\u00e9 cumule tr\u00e8s bien la chaleur. Le br\u00fbleur est en deux parties, on peut activer seulement l&rsquo;une d&rsquo;elles au besoin. L&rsquo;appareil est \u00e9galement muni d&rsquo;un couvercle\/d\u00e9flecteur pour maintenant la temp\u00e9rature et offrir plusieurs vari\u00e9t\u00e9s de cuissons. Un r\u00e9cipient \u00e0 graisse \u00e0 la hauteur [...]","og_url":"https:\/\/roulottesgagnon.com\/boutique\/produit\/halo-plancha-portative-elite-1b\/","og_site_name":"Boutique en ligne de Roulottes Gagnon","article_publisher":"https:\/\/www.facebook.com\/RoulottesGagnon","article_modified_time":"2025-10-10T13:47:52+00:00","og_image":[{"width":1536,"height":1536,"url":"https:\/\/roulottesgagnon.com\/boutique\/wp-content\/uploads\/2025\/02\/Griddle-1-1.png","type":"image\/png"}],"twitter_card":"summary_large_image","twitter_site":"@roulottesg","twitter_misc":{"Estimation du temps de lecture":"1 minute"},"schema":{"@context":"https:\/\/schema.org","@graph":[{"@type":"WebSite","@id":"https:\/\/roulottesgagnon.com\/boutique\/#website","url":"https:\/\/roulottesgagnon.com\/boutique\/","name":"Boutique en ligne de Roulottes Gagnon","description":"Pi\u00e8ces et accessoires de roulottes","potentialAction":[{"@type":"SearchAction","target":{"@type":"EntryPoint","urlTemplate":"https:\/\/roulottesgagnon.com\/boutique\/?s={search_term_string}"},"query-input":"required name=search_term_string"}],"inLanguage":"fr-CA"},{"@type":"ImageObject","inLanguage":"fr-CA","@id":"https:\/\/roulottesgagnon.com\/boutique\/produit\/halo-plancha-portative-elite-1b\/#primaryimage","url":"https:\/\/roulottesgagnon.com\/boutique\/wp-content\/uploads\/2025\/02\/Griddle-1-1.png","contentUrl":"https:\/\/roulottesgagnon.com\/boutique\/wp-content\/uploads\/2025\/02\/Griddle-1-1.png","width":1536,"height":1536},{"@type":"WebPage","@id":"https:\/\/roulottesgagnon.com\/boutique\/produit\/halo-plancha-portative-elite-1b\/","url":"https:\/\/roulottesgagnon.com\/boutique\/produit\/halo-plancha-portative-elite-1b\/","name":"Halo plancha portative Elite 1B - Boutique en ligne de Roulottes Gagnon","isPartOf":{"@id":"https:\/\/roulottesgagnon.com\/boutique\/#website"},"primaryImageOfPage":{"@id":"https:\/\/roulottesgagnon.com\/boutique\/produit\/halo-plancha-portative-elite-1b\/#primaryimage"},"datePublished":"2025-02-27T13:24:41+00:00","dateModified":"2025-10-10T13:47:52+00:00","breadcrumb":{"@id":"https:\/\/roulottesgagnon.com\/boutique\/produit\/halo-plancha-portative-elite-1b\/#breadcrumb"},"inLanguage":"fr-CA","potentialAction":[{"@type":"ReadAction","target":["https:\/\/roulottesgagnon.com\/boutique\/produit\/halo-plancha-portative-elite-1b\/"]}]},{"@type":"BreadcrumbList","@id":"https:\/\/roulottesgagnon.com\/boutique\/produit\/halo-plancha-portative-elite-1b\/#breadcrumb","itemListElement":[{"@type":"ListItem","position":1,"name":"Home","item":"https:\/\/roulottesgagnon.com\/boutique\/"},{"@type":"ListItem","position":2,"name":"Boutique en ligne","item":"https:\/\/roulottesgagnon.com\/boutique\/"},{"@type":"ListItem","position":3,"name":"Halo plancha portative Elite 1B"}]}]}},"_links":{"self":[{"href":"https:\/\/roulottesgagnon.com\/boutique\/wp-json\/wp\/v2\/product\/3024"}],"collection":[{"href":"https:\/\/roulottesgagnon.com\/boutique\/wp-json\/wp\/v2\/product"}],"about":[{"href":"https:\/\/roulottesgagnon.com\/boutique\/wp-json\/wp\/v2\/types\/product"}],"replies":[{"embeddable":true,"href":"https:\/\/roulottesgagnon.com\/boutique\/wp-json\/wp\/v2\/comments?post=3024"}],"wp:featuredmedia":[{"embeddable":true,"href":"https:\/\/roulottesgagnon.com\/boutique\/wp-json\/wp\/v2\/media\/3026"}],"wp:attachment":[{"href":"https:\/\/roulottesgagnon.com\/boutique\/wp-json\/wp\/v2\/media?parent=3024"}],"wp:term":[{"taxonomy":"product_cat","embeddable":true,"href":"https:\/\/roulottesgagnon.com\/boutique\/wp-json\/wp\/v2\/product_cat?post=3024"},{"taxonomy":"product_tag","embeddable":true,"href":"https:\/\/roulottesgagnon.com\/boutique\/wp-json\/wp\/v2\/product_tag?post=3024"}],"curies":[{"name":"wp","href":"https:\/\/api.w.org\/{rel}","templated":true}]}}