{"id":2978,"date":"2025-01-28T19:13:29","date_gmt":"2025-01-28T19:13:29","guid":{"rendered":"https:\/\/roulottesgagnon.com\/boutique\/?post_type=product&#038;p=2978"},"modified":"2025-05-16T12:13:30","modified_gmt":"2025-05-16T12:13:30","slug":"bouteille-deau-en-inox","status":"publish","type":"product","link":"https:\/\/roulottesgagnon.com\/boutique\/produit\/bouteille-deau-en-inox\/","title":{"rendered":"Bouteille d&rsquo;eau en Inox"},"content":{"rendered":"<p>Nos bouteilles d\u2019eau isol\u00e9es de 750 ml sont con\u00e7ues pour garder vos boissons chaudes ou froides pendant des heures.<\/p>\n<p>Fabriqu\u00e9e en acier inoxydable de haute qualit\u00e9, cette bouteille d\u2019eau est faite pour durer. Dot\u00e9e d\u2019un capuchon vissable pratique et d\u2019une large ouverture, cette bouteille d\u2019eau est facile \u00e0 remplir et nettoy\u00e9e. De plus, sa taille \u00e9lanc\u00e9e et compacte en fait le compagnon de voyage id\u00e9al pour la randonn\u00e9e, le camping ou simplement les courses en ville.<\/p>\n<ul>\n<li>Paroi double qui garde les boissons chaudes ou froides<\/li>\n<li>H: 20 cm x D: 7 cm<\/li>\n<li>Capacit\u00e9 de 750 ml<\/li>\n<li>Muni d&rsquo;un couvercle en bambou<\/li>\n<\/ul>\n<p>Le dessin de la bouteille est une r\u00e9alisation de l&rsquo;artiste Julie Courchesne.<\/p>\n<p>&nbsp;<\/p>\n<p>Source du texte: Les Campeuses en Cavales<\/p>\n","protected":false},"excerpt":{"rendered":"<p>Nos bouteilles d\u2019eau isol\u00e9es de 750 ml sont con\u00e7ues pour garder vos boissons chaudes ou froides pendant des heures. Fabriqu\u00e9e en acier inoxydable de haute qualit\u00e9, cette bouteille d\u2019eau est faite pour durer. Dot\u00e9e d\u2019un capuchon vissable pratique et d\u2019une large ouverture, cette bouteille d\u2019eau est facile \u00e0 remplir et nettoy\u00e9e. De plus, sa taille [&#8230;]\n","protected":false},"featured_media":2979,"comment_status":"open","ping_status":"closed","template":"","meta":[],"product_cat":[48],"product_tag":[47],"yoast_head":"<!-- This site is optimized with the Yoast SEO plugin v19.3 - https:\/\/yoast.com\/wordpress\/plugins\/seo\/ -->\n<title>Bouteille d&#039;eau en Inox - Boutique en ligne de Roulottes Gagnon<\/title>\n<meta name=\"robots\" content=\"index, follow, max-snippet:-1, max-image-preview:large, max-video-preview:-1\" \/>\n<link rel=\"canonical\" href=\"https:\/\/roulottesgagnon.com\/boutique\/produit\/bouteille-deau-en-inox\/\" \/>\n<meta property=\"og:locale\" content=\"fr_CA\" \/>\n<meta property=\"og:type\" content=\"article\" \/>\n<meta property=\"og:title\" content=\"Bouteille d&#039;eau en Inox - Boutique en ligne de Roulottes Gagnon\" \/>\n<meta property=\"og:description\" content=\"Nos bouteilles d\u2019eau isol\u00e9es de 750 ml sont con\u00e7ues pour garder vos boissons chaudes ou froides pendant des heures. Fabriqu\u00e9e en acier inoxydable de haute qualit\u00e9, cette bouteille d\u2019eau est faite pour durer. Dot\u00e9e d\u2019un capuchon vissable pratique et d\u2019une large ouverture, cette bouteille d\u2019eau est facile \u00e0 remplir et nettoy\u00e9e. De plus, sa taille [...]\" \/>\n<meta property=\"og:url\" content=\"https:\/\/roulottesgagnon.com\/boutique\/produit\/bouteille-deau-en-inox\/\" \/>\n<meta property=\"og:site_name\" content=\"Boutique en ligne de Roulottes Gagnon\" \/>\n<meta property=\"article:publisher\" content=\"https:\/\/www.facebook.com\/RoulottesGagnon\" \/>\n<meta property=\"article:modified_time\" content=\"2025-05-16T12:13:30+00:00\" \/>\n<meta property=\"og:image\" content=\"https:\/\/roulottesgagnon.com\/boutique\/wp-content\/uploads\/2025\/01\/bouteilleinox1.jpg\" \/>\n\t<meta property=\"og:image:width\" content=\"840\" \/>\n\t<meta property=\"og:image:height\" content=\"840\" \/>\n\t<meta property=\"og:image:type\" content=\"image\/jpeg\" \/>\n<meta name=\"twitter:card\" content=\"summary_large_image\" \/>\n<meta name=\"twitter:site\" content=\"@roulottesg\" \/>\n<meta name=\"twitter:label1\" content=\"Estimation du temps de lecture\" \/>\n\t<meta name=\"twitter:data1\" content=\"1 minute\" \/>\n<script type=\"application\/ld+json\" class=\"yoast-schema-graph\">{\"@context\":\"https:\/\/schema.org\",\"@graph\":[{\"@type\":\"WebSite\",\"@id\":\"https:\/\/roulottesgagnon.com\/boutique\/#website\",\"url\":\"https:\/\/roulottesgagnon.com\/boutique\/\",\"name\":\"Boutique en ligne de Roulottes Gagnon\",\"description\":\"Pi\u00e8ces et accessoires de roulottes\",\"potentialAction\":[{\"@type\":\"SearchAction\",\"target\":{\"@type\":\"EntryPoint\",\"urlTemplate\":\"https:\/\/roulottesgagnon.com\/boutique\/?s={search_term_string}\"},\"query-input\":\"required name=search_term_string\"}],\"inLanguage\":\"fr-CA\"},{\"@type\":\"ImageObject\",\"inLanguage\":\"fr-CA\",\"@id\":\"https:\/\/roulottesgagnon.com\/boutique\/produit\/bouteille-deau-en-inox\/#primaryimage\",\"url\":\"https:\/\/roulottesgagnon.com\/boutique\/wp-content\/uploads\/2025\/01\/bouteilleinox1.jpg\",\"contentUrl\":\"https:\/\/roulottesgagnon.com\/boutique\/wp-content\/uploads\/2025\/01\/bouteilleinox1.jpg\",\"width\":840,\"height\":840},{\"@type\":\"WebPage\",\"@id\":\"https:\/\/roulottesgagnon.com\/boutique\/produit\/bouteille-deau-en-inox\/\",\"url\":\"https:\/\/roulottesgagnon.com\/boutique\/produit\/bouteille-deau-en-inox\/\",\"name\":\"Bouteille d'eau en Inox - Boutique en ligne de Roulottes Gagnon\",\"isPartOf\":{\"@id\":\"https:\/\/roulottesgagnon.com\/boutique\/#website\"},\"primaryImageOfPage\":{\"@id\":\"https:\/\/roulottesgagnon.com\/boutique\/produit\/bouteille-deau-en-inox\/#primaryimage\"},\"datePublished\":\"2025-01-28T19:13:29+00:00\",\"dateModified\":\"2025-05-16T12:13:30+00:00\",\"breadcrumb\":{\"@id\":\"https:\/\/roulottesgagnon.com\/boutique\/produit\/bouteille-deau-en-inox\/#breadcrumb\"},\"inLanguage\":\"fr-CA\",\"potentialAction\":[{\"@type\":\"ReadAction\",\"target\":[\"https:\/\/roulottesgagnon.com\/boutique\/produit\/bouteille-deau-en-inox\/\"]}]},{\"@type\":\"BreadcrumbList\",\"@id\":\"https:\/\/roulottesgagnon.com\/boutique\/produit\/bouteille-deau-en-inox\/#breadcrumb\",\"itemListElement\":[{\"@type\":\"ListItem\",\"position\":1,\"name\":\"Home\",\"item\":\"https:\/\/roulottesgagnon.com\/boutique\/\"},{\"@type\":\"ListItem\",\"position\":2,\"name\":\"Boutique en ligne\",\"item\":\"https:\/\/roulottesgagnon.com\/boutique\/\"},{\"@type\":\"ListItem\",\"position\":3,\"name\":\"Bouteille d&rsquo;eau en Inox\"}]}]}<\/script>\n<!-- \/ Yoast SEO plugin. -->","yoast_head_json":{"title":"Bouteille d'eau en Inox - Boutique en ligne de Roulottes Gagnon","robots":{"index":"index","follow":"follow","max-snippet":"max-snippet:-1","max-image-preview":"max-image-preview:large","max-video-preview":"max-video-preview:-1"},"canonical":"https:\/\/roulottesgagnon.com\/boutique\/produit\/bouteille-deau-en-inox\/","og_locale":"fr_CA","og_type":"article","og_title":"Bouteille d'eau en Inox - Boutique en ligne de Roulottes Gagnon","og_description":"Nos bouteilles d\u2019eau isol\u00e9es de 750 ml sont con\u00e7ues pour garder vos boissons chaudes ou froides pendant des heures. Fabriqu\u00e9e en acier inoxydable de haute qualit\u00e9, cette bouteille d\u2019eau est faite pour durer. Dot\u00e9e d\u2019un capuchon vissable pratique et d\u2019une large ouverture, cette bouteille d\u2019eau est facile \u00e0 remplir et nettoy\u00e9e. De plus, sa taille [...]","og_url":"https:\/\/roulottesgagnon.com\/boutique\/produit\/bouteille-deau-en-inox\/","og_site_name":"Boutique en ligne de Roulottes Gagnon","article_publisher":"https:\/\/www.facebook.com\/RoulottesGagnon","article_modified_time":"2025-05-16T12:13:30+00:00","og_image":[{"width":840,"height":840,"url":"https:\/\/roulottesgagnon.com\/boutique\/wp-content\/uploads\/2025\/01\/bouteilleinox1.jpg","type":"image\/jpeg"}],"twitter_card":"summary_large_image","twitter_site":"@roulottesg","twitter_misc":{"Estimation du temps de lecture":"1 minute"},"schema":{"@context":"https:\/\/schema.org","@graph":[{"@type":"WebSite","@id":"https:\/\/roulottesgagnon.com\/boutique\/#website","url":"https:\/\/roulottesgagnon.com\/boutique\/","name":"Boutique en ligne de Roulottes Gagnon","description":"Pi\u00e8ces et accessoires de roulottes","potentialAction":[{"@type":"SearchAction","target":{"@type":"EntryPoint","urlTemplate":"https:\/\/roulottesgagnon.com\/boutique\/?s={search_term_string}"},"query-input":"required name=search_term_string"}],"inLanguage":"fr-CA"},{"@type":"ImageObject","inLanguage":"fr-CA","@id":"https:\/\/roulottesgagnon.com\/boutique\/produit\/bouteille-deau-en-inox\/#primaryimage","url":"https:\/\/roulottesgagnon.com\/boutique\/wp-content\/uploads\/2025\/01\/bouteilleinox1.jpg","contentUrl":"https:\/\/roulottesgagnon.com\/boutique\/wp-content\/uploads\/2025\/01\/bouteilleinox1.jpg","width":840,"height":840},{"@type":"WebPage","@id":"https:\/\/roulottesgagnon.com\/boutique\/produit\/bouteille-deau-en-inox\/","url":"https:\/\/roulottesgagnon.com\/boutique\/produit\/bouteille-deau-en-inox\/","name":"Bouteille d'eau en Inox - Boutique en ligne de Roulottes Gagnon","isPartOf":{"@id":"https:\/\/roulottesgagnon.com\/boutique\/#website"},"primaryImageOfPage":{"@id":"https:\/\/roulottesgagnon.com\/boutique\/produit\/bouteille-deau-en-inox\/#primaryimage"},"datePublished":"2025-01-28T19:13:29+00:00","dateModified":"2025-05-16T12:13:30+00:00","breadcrumb":{"@id":"https:\/\/roulottesgagnon.com\/boutique\/produit\/bouteille-deau-en-inox\/#breadcrumb"},"inLanguage":"fr-CA","potentialAction":[{"@type":"ReadAction","target":["https:\/\/roulottesgagnon.com\/boutique\/produit\/bouteille-deau-en-inox\/"]}]},{"@type":"BreadcrumbList","@id":"https:\/\/roulottesgagnon.com\/boutique\/produit\/bouteille-deau-en-inox\/#breadcrumb","itemListElement":[{"@type":"ListItem","position":1,"name":"Home","item":"https:\/\/roulottesgagnon.com\/boutique\/"},{"@type":"ListItem","position":2,"name":"Boutique en ligne","item":"https:\/\/roulottesgagnon.com\/boutique\/"},{"@type":"ListItem","position":3,"name":"Bouteille d&rsquo;eau en Inox"}]}]}},"_links":{"self":[{"href":"https:\/\/roulottesgagnon.com\/boutique\/wp-json\/wp\/v2\/product\/2978"}],"collection":[{"href":"https:\/\/roulottesgagnon.com\/boutique\/wp-json\/wp\/v2\/product"}],"about":[{"href":"https:\/\/roulottesgagnon.com\/boutique\/wp-json\/wp\/v2\/types\/product"}],"replies":[{"embeddable":true,"href":"https:\/\/roulottesgagnon.com\/boutique\/wp-json\/wp\/v2\/comments?post=2978"}],"wp:featuredmedia":[{"embeddable":true,"href":"https:\/\/roulottesgagnon.com\/boutique\/wp-json\/wp\/v2\/media\/2979"}],"wp:attachment":[{"href":"https:\/\/roulottesgagnon.com\/boutique\/wp-json\/wp\/v2\/media?parent=2978"}],"wp:term":[{"taxonomy":"product_cat","embeddable":true,"href":"https:\/\/roulottesgagnon.com\/boutique\/wp-json\/wp\/v2\/product_cat?post=2978"},{"taxonomy":"product_tag","embeddable":true,"href":"https:\/\/roulottesgagnon.com\/boutique\/wp-json\/wp\/v2\/product_tag?post=2978"}],"curies":[{"name":"wp","href":"https:\/\/api.w.org\/{rel}","templated":true}]}}