{"id":2971,"date":"2025-01-28T18:29:16","date_gmt":"2025-01-28T18:29:16","guid":{"rendered":"https:\/\/roulottesgagnon.com\/boutique\/?post_type=product&#038;p=2971"},"modified":"2025-05-16T13:56:46","modified_gmt":"2025-05-16T13:56:46","slug":"ensemble-bruleur-butane-format-compact","status":"publish","type":"product","link":"https:\/\/roulottesgagnon.com\/boutique\/produit\/ensemble-bruleur-butane-format-compact\/","title":{"rendered":"Ensemble br\u00fbleur butane format compact"},"content":{"rendered":"<p>L&rsquo;ensemble br\u00fbleur au butane fait par Martin et Bismar est un concept original qui consiste \u00e0 rajouter l&rsquo;efficacit\u00e9 de leur br\u00fbleur classique avec quelques outils qui se rangent dans une boite de voyagement. L\u00e9ger et pratique, vous serez pr\u00eat \u00e0 faire votre parfait petit repas de camping sans avoir recours \u00e0 tout un tas d&rsquo;appareil. Id\u00e9al comme cadeau.<\/p>\n<p>L&rsquo;ensemble comprend:<\/p>\n<ul>\n<li>Le br\u00fbleur Martin 8,000 BTU<\/li>\n<li>Pinces et ciseaux\/ouvre boite<\/li>\n<li>Petite po\u00eale en fonte<\/li>\n<li>Caisse de rangement avec sa poign\u00e9e moul\u00e9e<\/li>\n<\/ul>\n<p>N&rsquo;est pas inclus: Bouteilles de butane<\/p>\n","protected":false},"excerpt":{"rendered":"<p>L&rsquo;ensemble br\u00fbleur au butane fait par Martin et Bismar est un concept original qui consiste \u00e0 rajouter l&rsquo;efficacit\u00e9 de leur br\u00fbleur classique avec quelques outils qui se rangent dans une boite de voyagement. L\u00e9ger et pratique, vous serez pr\u00eat \u00e0 faire votre parfait petit repas de camping sans avoir recours \u00e0 tout un tas d&rsquo;appareil. [&#8230;]\n","protected":false},"featured_media":2973,"comment_status":"open","ping_status":"closed","template":"","meta":[],"product_cat":[61],"product_tag":[73,71,72],"yoast_head":"<!-- This site is optimized with the Yoast SEO plugin v19.3 - https:\/\/yoast.com\/wordpress\/plugins\/seo\/ -->\n<title>Ensemble br\u00fbleur butane format compact - Boutique en ligne de Roulottes Gagnon<\/title>\n<meta name=\"robots\" content=\"index, follow, max-snippet:-1, max-image-preview:large, max-video-preview:-1\" \/>\n<link rel=\"canonical\" href=\"https:\/\/roulottesgagnon.com\/boutique\/produit\/ensemble-bruleur-butane-format-compact\/\" \/>\n<meta property=\"og:locale\" content=\"fr_CA\" \/>\n<meta property=\"og:type\" content=\"article\" \/>\n<meta property=\"og:title\" content=\"Ensemble br\u00fbleur butane format compact - Boutique en ligne de Roulottes Gagnon\" \/>\n<meta property=\"og:description\" content=\"L&rsquo;ensemble br\u00fbleur au butane fait par Martin et Bismar est un concept original qui consiste \u00e0 rajouter l&rsquo;efficacit\u00e9 de leur br\u00fbleur classique avec quelques outils qui se rangent dans une boite de voyagement. L\u00e9ger et pratique, vous serez pr\u00eat \u00e0 faire votre parfait petit repas de camping sans avoir recours \u00e0 tout un tas d&rsquo;appareil. [...]\" \/>\n<meta property=\"og:url\" content=\"https:\/\/roulottesgagnon.com\/boutique\/produit\/ensemble-bruleur-butane-format-compact\/\" \/>\n<meta property=\"og:site_name\" content=\"Boutique en ligne de Roulottes Gagnon\" \/>\n<meta property=\"article:publisher\" content=\"https:\/\/www.facebook.com\/RoulottesGagnon\" \/>\n<meta property=\"article:modified_time\" content=\"2025-05-16T13:56:46+00:00\" \/>\n<meta property=\"og:image\" content=\"https:\/\/roulottesgagnon.com\/boutique\/wp-content\/uploads\/2025\/01\/1000003798-scaled.jpg\" \/>\n\t<meta property=\"og:image:width\" content=\"1920\" \/>\n\t<meta property=\"og:image:height\" content=\"2560\" \/>\n\t<meta property=\"og:image:type\" content=\"image\/jpeg\" \/>\n<meta name=\"twitter:card\" content=\"summary_large_image\" \/>\n<meta name=\"twitter:site\" content=\"@roulottesg\" \/>\n<meta name=\"twitter:label1\" content=\"Estimation du temps de lecture\" \/>\n\t<meta name=\"twitter:data1\" content=\"1 minute\" \/>\n<script type=\"application\/ld+json\" class=\"yoast-schema-graph\">{\"@context\":\"https:\/\/schema.org\",\"@graph\":[{\"@type\":\"WebSite\",\"@id\":\"https:\/\/roulottesgagnon.com\/boutique\/#website\",\"url\":\"https:\/\/roulottesgagnon.com\/boutique\/\",\"name\":\"Boutique en ligne de Roulottes Gagnon\",\"description\":\"Pi\u00e8ces et accessoires de roulottes\",\"potentialAction\":[{\"@type\":\"SearchAction\",\"target\":{\"@type\":\"EntryPoint\",\"urlTemplate\":\"https:\/\/roulottesgagnon.com\/boutique\/?s={search_term_string}\"},\"query-input\":\"required name=search_term_string\"}],\"inLanguage\":\"fr-CA\"},{\"@type\":\"ImageObject\",\"inLanguage\":\"fr-CA\",\"@id\":\"https:\/\/roulottesgagnon.com\/boutique\/produit\/ensemble-bruleur-butane-format-compact\/#primaryimage\",\"url\":\"https:\/\/roulottesgagnon.com\/boutique\/wp-content\/uploads\/2025\/01\/1000003798-scaled.jpg\",\"contentUrl\":\"https:\/\/roulottesgagnon.com\/boutique\/wp-content\/uploads\/2025\/01\/1000003798-scaled.jpg\",\"width\":1920,\"height\":2560},{\"@type\":\"WebPage\",\"@id\":\"https:\/\/roulottesgagnon.com\/boutique\/produit\/ensemble-bruleur-butane-format-compact\/\",\"url\":\"https:\/\/roulottesgagnon.com\/boutique\/produit\/ensemble-bruleur-butane-format-compact\/\",\"name\":\"Ensemble br\u00fbleur butane format compact - Boutique en ligne de Roulottes Gagnon\",\"isPartOf\":{\"@id\":\"https:\/\/roulottesgagnon.com\/boutique\/#website\"},\"primaryImageOfPage\":{\"@id\":\"https:\/\/roulottesgagnon.com\/boutique\/produit\/ensemble-bruleur-butane-format-compact\/#primaryimage\"},\"datePublished\":\"2025-01-28T18:29:16+00:00\",\"dateModified\":\"2025-05-16T13:56:46+00:00\",\"breadcrumb\":{\"@id\":\"https:\/\/roulottesgagnon.com\/boutique\/produit\/ensemble-bruleur-butane-format-compact\/#breadcrumb\"},\"inLanguage\":\"fr-CA\",\"potentialAction\":[{\"@type\":\"ReadAction\",\"target\":[\"https:\/\/roulottesgagnon.com\/boutique\/produit\/ensemble-bruleur-butane-format-compact\/\"]}]},{\"@type\":\"BreadcrumbList\",\"@id\":\"https:\/\/roulottesgagnon.com\/boutique\/produit\/ensemble-bruleur-butane-format-compact\/#breadcrumb\",\"itemListElement\":[{\"@type\":\"ListItem\",\"position\":1,\"name\":\"Home\",\"item\":\"https:\/\/roulottesgagnon.com\/boutique\/\"},{\"@type\":\"ListItem\",\"position\":2,\"name\":\"Boutique en ligne\",\"item\":\"https:\/\/roulottesgagnon.com\/boutique\/\"},{\"@type\":\"ListItem\",\"position\":3,\"name\":\"Ensemble br\u00fbleur butane format compact\"}]}]}<\/script>\n<!-- \/ Yoast SEO plugin. -->","yoast_head_json":{"title":"Ensemble br\u00fbleur butane format compact - Boutique en ligne de Roulottes Gagnon","robots":{"index":"index","follow":"follow","max-snippet":"max-snippet:-1","max-image-preview":"max-image-preview:large","max-video-preview":"max-video-preview:-1"},"canonical":"https:\/\/roulottesgagnon.com\/boutique\/produit\/ensemble-bruleur-butane-format-compact\/","og_locale":"fr_CA","og_type":"article","og_title":"Ensemble br\u00fbleur butane format compact - Boutique en ligne de Roulottes Gagnon","og_description":"L&rsquo;ensemble br\u00fbleur au butane fait par Martin et Bismar est un concept original qui consiste \u00e0 rajouter l&rsquo;efficacit\u00e9 de leur br\u00fbleur classique avec quelques outils qui se rangent dans une boite de voyagement. L\u00e9ger et pratique, vous serez pr\u00eat \u00e0 faire votre parfait petit repas de camping sans avoir recours \u00e0 tout un tas d&rsquo;appareil. [...]","og_url":"https:\/\/roulottesgagnon.com\/boutique\/produit\/ensemble-bruleur-butane-format-compact\/","og_site_name":"Boutique en ligne de Roulottes Gagnon","article_publisher":"https:\/\/www.facebook.com\/RoulottesGagnon","article_modified_time":"2025-05-16T13:56:46+00:00","og_image":[{"width":1920,"height":2560,"url":"https:\/\/roulottesgagnon.com\/boutique\/wp-content\/uploads\/2025\/01\/1000003798-scaled.jpg","type":"image\/jpeg"}],"twitter_card":"summary_large_image","twitter_site":"@roulottesg","twitter_misc":{"Estimation du temps de lecture":"1 minute"},"schema":{"@context":"https:\/\/schema.org","@graph":[{"@type":"WebSite","@id":"https:\/\/roulottesgagnon.com\/boutique\/#website","url":"https:\/\/roulottesgagnon.com\/boutique\/","name":"Boutique en ligne de Roulottes Gagnon","description":"Pi\u00e8ces et accessoires de roulottes","potentialAction":[{"@type":"SearchAction","target":{"@type":"EntryPoint","urlTemplate":"https:\/\/roulottesgagnon.com\/boutique\/?s={search_term_string}"},"query-input":"required name=search_term_string"}],"inLanguage":"fr-CA"},{"@type":"ImageObject","inLanguage":"fr-CA","@id":"https:\/\/roulottesgagnon.com\/boutique\/produit\/ensemble-bruleur-butane-format-compact\/#primaryimage","url":"https:\/\/roulottesgagnon.com\/boutique\/wp-content\/uploads\/2025\/01\/1000003798-scaled.jpg","contentUrl":"https:\/\/roulottesgagnon.com\/boutique\/wp-content\/uploads\/2025\/01\/1000003798-scaled.jpg","width":1920,"height":2560},{"@type":"WebPage","@id":"https:\/\/roulottesgagnon.com\/boutique\/produit\/ensemble-bruleur-butane-format-compact\/","url":"https:\/\/roulottesgagnon.com\/boutique\/produit\/ensemble-bruleur-butane-format-compact\/","name":"Ensemble br\u00fbleur butane format compact - Boutique en ligne de Roulottes Gagnon","isPartOf":{"@id":"https:\/\/roulottesgagnon.com\/boutique\/#website"},"primaryImageOfPage":{"@id":"https:\/\/roulottesgagnon.com\/boutique\/produit\/ensemble-bruleur-butane-format-compact\/#primaryimage"},"datePublished":"2025-01-28T18:29:16+00:00","dateModified":"2025-05-16T13:56:46+00:00","breadcrumb":{"@id":"https:\/\/roulottesgagnon.com\/boutique\/produit\/ensemble-bruleur-butane-format-compact\/#breadcrumb"},"inLanguage":"fr-CA","potentialAction":[{"@type":"ReadAction","target":["https:\/\/roulottesgagnon.com\/boutique\/produit\/ensemble-bruleur-butane-format-compact\/"]}]},{"@type":"BreadcrumbList","@id":"https:\/\/roulottesgagnon.com\/boutique\/produit\/ensemble-bruleur-butane-format-compact\/#breadcrumb","itemListElement":[{"@type":"ListItem","position":1,"name":"Home","item":"https:\/\/roulottesgagnon.com\/boutique\/"},{"@type":"ListItem","position":2,"name":"Boutique en ligne","item":"https:\/\/roulottesgagnon.com\/boutique\/"},{"@type":"ListItem","position":3,"name":"Ensemble br\u00fbleur butane format compact"}]}]}},"_links":{"self":[{"href":"https:\/\/roulottesgagnon.com\/boutique\/wp-json\/wp\/v2\/product\/2971"}],"collection":[{"href":"https:\/\/roulottesgagnon.com\/boutique\/wp-json\/wp\/v2\/product"}],"about":[{"href":"https:\/\/roulottesgagnon.com\/boutique\/wp-json\/wp\/v2\/types\/product"}],"replies":[{"embeddable":true,"href":"https:\/\/roulottesgagnon.com\/boutique\/wp-json\/wp\/v2\/comments?post=2971"}],"wp:featuredmedia":[{"embeddable":true,"href":"https:\/\/roulottesgagnon.com\/boutique\/wp-json\/wp\/v2\/media\/2973"}],"wp:attachment":[{"href":"https:\/\/roulottesgagnon.com\/boutique\/wp-json\/wp\/v2\/media?parent=2971"}],"wp:term":[{"taxonomy":"product_cat","embeddable":true,"href":"https:\/\/roulottesgagnon.com\/boutique\/wp-json\/wp\/v2\/product_cat?post=2971"},{"taxonomy":"product_tag","embeddable":true,"href":"https:\/\/roulottesgagnon.com\/boutique\/wp-json\/wp\/v2\/product_tag?post=2971"}],"curies":[{"name":"wp","href":"https:\/\/api.w.org\/{rel}","templated":true}]}}