{"id":2718,"date":"2021-10-16T17:00:18","date_gmt":"2021-10-16T17:00:18","guid":{"rendered":"https:\/\/roulottesgagnon.com\/boutique\/?post_type=product&#038;p=2718"},"modified":"2025-10-23T12:16:31","modified_gmt":"2025-10-23T12:16:31","slug":"repulsif-a-souris-rodents-away-pour-roulottes","status":"publish","type":"product","link":"https:\/\/roulottesgagnon.com\/boutique\/produit\/repulsif-a-souris-rodents-away-pour-roulottes\/","title":{"rendered":"R\u00e9pulsif \u00e0 souris Rodents Away pour roulottes"},"content":{"rendered":"<p>R\u00e9pulsif \u00e0 souris, \u00e0 lib\u00e9ration lente pour espaces int\u00e9rieurs. Pack de 6 sachets de r\u00e9pulsif \u00e0 souris Rodents Away pour roulottes et VR. Il suffit de d\u00e9poser un sachet sur le sol, le long des murs ou dans des endroits confin\u00e9s (cabinets de cuisine, coffrets de rangement de VR, etc.).L&rsquo;odeur du produit n\u2019est normalement perceptible que par les rongeurs et contribue \u00e0 diminuer leur pr\u00e9sence et leur activit\u00e9.<\/p>\n<p>1 sachet couvre 100 pi2 dans une pi\u00e8ce \u00e0 aire ouverte.<\/p>\n<p>1 sachet assure la protection d\u2019un espace confin\u00e9.<\/p>\n<p>Jusqu&rsquo;\u00e0 180 jours d&rsquo;efficacit\u00e9 dans un espace confin\u00e9.<\/p>\n<p>Dur\u00e9e de conservation de 2 ans dans son emballage.<\/p>\n<p>1 paquet de 6 sachets est id\u00e9al pour une roulotte de 30 pieds. Pour les roulottes plus grandes, pr\u00e9voir plus de sachets.<\/p>\n<p>Utilisable dans dans tous les espaces int\u00e9rieurs : roulottes, VR, chalets, maisons, cabines, bateaux, voitures, tracteurs, remorques, etc.<\/p>\n<p>Le r\u00e9pulsif Rodents Away Odor Free est un produit fabriqu\u00e9 au Canada et emball\u00e9 avec la collaboration de centres de r\u00e9adaptation.<\/p>\n","protected":false},"excerpt":{"rendered":"<p>Paquet de 6 sachets de r\u00e9pulsif \u00e0 souris Rodents Away pour roulottes et VR. Il suffit de d\u00e9poser un sachet sur le sol, le long des murs ou dans des endroits confin\u00e9s (cabinets de cuisine, coffrets de rangement de roulotte, etc.).1 paquet de 6 sachets est id\u00e9al pour une roulotte de 30 pieds ou moins. Pour les roulottes plus grandes, pr\u00e9voir plus de sachets. L&rsquo;odeur du produit n\u2019est normalement perceptible que par les rongeurs et contribue \u00e0 diminuer leur pr\u00e9sence et leur activit\u00e9.<\/p>\n","protected":false},"featured_media":2721,"comment_status":"open","ping_status":"closed","template":"","meta":[],"product_cat":[22],"product_tag":[],"yoast_head":"<!-- This site is optimized with the Yoast SEO plugin v19.3 - https:\/\/yoast.com\/wordpress\/plugins\/seo\/ -->\n<title>R\u00e9pulsif \u00e0 souris Rodents Away pour roulottes - Boutique en ligne de Roulottes Gagnon<\/title>\n<meta name=\"description\" content=\"Pack de 6 sachets de r\u00e9pulsif \u00e0 souris Rodents Away pour roulottes et VR. Le r\u00e9pulsif diminue la pr\u00e9sence et les activit\u00e9s des souris.\" \/>\n<meta name=\"robots\" content=\"index, follow, max-snippet:-1, max-image-preview:large, max-video-preview:-1\" \/>\n<link rel=\"canonical\" href=\"https:\/\/roulottesgagnon.com\/boutique\/produit\/repulsif-a-souris-rodents-away-pour-roulottes\/\" \/>\n<meta property=\"og:locale\" content=\"fr_CA\" \/>\n<meta property=\"og:type\" content=\"article\" \/>\n<meta property=\"og:title\" content=\"R\u00e9pulsif \u00e0 souris Rodents Away pour roulottes - Boutique en ligne de Roulottes Gagnon\" \/>\n<meta property=\"og:description\" content=\"Pack de 6 sachets de r\u00e9pulsif \u00e0 souris Rodents Away pour roulottes et VR. Le r\u00e9pulsif diminue la pr\u00e9sence et les activit\u00e9s des souris.\" \/>\n<meta property=\"og:url\" content=\"https:\/\/roulottesgagnon.com\/boutique\/produit\/repulsif-a-souris-rodents-away-pour-roulottes\/\" \/>\n<meta property=\"og:site_name\" content=\"Boutique en ligne de Roulottes Gagnon\" \/>\n<meta property=\"article:publisher\" content=\"https:\/\/www.facebook.com\/RoulottesGagnon\" \/>\n<meta property=\"article:modified_time\" content=\"2025-10-23T12:16:31+00:00\" \/>\n<meta property=\"og:image\" content=\"https:\/\/roulottesgagnon.com\/boutique\/wp-content\/uploads\/2021\/10\/repulsif-a-souris-roulotte-gagnon.jpg\" \/>\n\t<meta property=\"og:image:width\" content=\"1024\" \/>\n\t<meta property=\"og:image:height\" content=\"1024\" \/>\n\t<meta property=\"og:image:type\" content=\"image\/jpeg\" \/>\n<meta name=\"twitter:card\" content=\"summary_large_image\" \/>\n<meta name=\"twitter:site\" content=\"@roulottesg\" \/>\n<meta name=\"twitter:label1\" content=\"Estimation du temps de lecture\" \/>\n\t<meta name=\"twitter:data1\" content=\"1 minute\" \/>\n<script type=\"application\/ld+json\" class=\"yoast-schema-graph\">{\"@context\":\"https:\/\/schema.org\",\"@graph\":[{\"@type\":\"WebSite\",\"@id\":\"https:\/\/roulottesgagnon.com\/boutique\/#website\",\"url\":\"https:\/\/roulottesgagnon.com\/boutique\/\",\"name\":\"Boutique en ligne de Roulottes Gagnon\",\"description\":\"Pi\u00e8ces et accessoires de roulottes\",\"potentialAction\":[{\"@type\":\"SearchAction\",\"target\":{\"@type\":\"EntryPoint\",\"urlTemplate\":\"https:\/\/roulottesgagnon.com\/boutique\/?s={search_term_string}\"},\"query-input\":\"required name=search_term_string\"}],\"inLanguage\":\"fr-CA\"},{\"@type\":\"ImageObject\",\"inLanguage\":\"fr-CA\",\"@id\":\"https:\/\/roulottesgagnon.com\/boutique\/produit\/repulsif-a-souris-rodents-away-pour-roulottes\/#primaryimage\",\"url\":\"https:\/\/roulottesgagnon.com\/boutique\/wp-content\/uploads\/2021\/10\/repulsif-a-souris-roulotte-gagnon.jpg\",\"contentUrl\":\"https:\/\/roulottesgagnon.com\/boutique\/wp-content\/uploads\/2021\/10\/repulsif-a-souris-roulotte-gagnon.jpg\",\"width\":1024,\"height\":1024,\"caption\":\"Repulsif a souris Rodents away\"},{\"@type\":\"WebPage\",\"@id\":\"https:\/\/roulottesgagnon.com\/boutique\/produit\/repulsif-a-souris-rodents-away-pour-roulottes\/\",\"url\":\"https:\/\/roulottesgagnon.com\/boutique\/produit\/repulsif-a-souris-rodents-away-pour-roulottes\/\",\"name\":\"R\u00e9pulsif \u00e0 souris Rodents Away pour roulottes - Boutique en ligne de Roulottes Gagnon\",\"isPartOf\":{\"@id\":\"https:\/\/roulottesgagnon.com\/boutique\/#website\"},\"primaryImageOfPage\":{\"@id\":\"https:\/\/roulottesgagnon.com\/boutique\/produit\/repulsif-a-souris-rodents-away-pour-roulottes\/#primaryimage\"},\"datePublished\":\"2021-10-16T17:00:18+00:00\",\"dateModified\":\"2025-10-23T12:16:31+00:00\",\"description\":\"Pack de 6 sachets de r\u00e9pulsif \u00e0 souris Rodents Away pour roulottes et VR. Le r\u00e9pulsif diminue la pr\u00e9sence et les activit\u00e9s des souris.\",\"breadcrumb\":{\"@id\":\"https:\/\/roulottesgagnon.com\/boutique\/produit\/repulsif-a-souris-rodents-away-pour-roulottes\/#breadcrumb\"},\"inLanguage\":\"fr-CA\",\"potentialAction\":[{\"@type\":\"ReadAction\",\"target\":[\"https:\/\/roulottesgagnon.com\/boutique\/produit\/repulsif-a-souris-rodents-away-pour-roulottes\/\"]}]},{\"@type\":\"BreadcrumbList\",\"@id\":\"https:\/\/roulottesgagnon.com\/boutique\/produit\/repulsif-a-souris-rodents-away-pour-roulottes\/#breadcrumb\",\"itemListElement\":[{\"@type\":\"ListItem\",\"position\":1,\"name\":\"Home\",\"item\":\"https:\/\/roulottesgagnon.com\/boutique\/\"},{\"@type\":\"ListItem\",\"position\":2,\"name\":\"Boutique en ligne\",\"item\":\"https:\/\/roulottesgagnon.com\/boutique\/\"},{\"@type\":\"ListItem\",\"position\":3,\"name\":\"R\u00e9pulsif \u00e0 souris Rodents Away pour roulottes\"}]}]}<\/script>\n<!-- \/ Yoast SEO plugin. -->","yoast_head_json":{"title":"R\u00e9pulsif \u00e0 souris Rodents Away pour roulottes - Boutique en ligne de Roulottes Gagnon","description":"Pack de 6 sachets de r\u00e9pulsif \u00e0 souris Rodents Away pour roulottes et VR. Le r\u00e9pulsif diminue la pr\u00e9sence et les activit\u00e9s des souris.","robots":{"index":"index","follow":"follow","max-snippet":"max-snippet:-1","max-image-preview":"max-image-preview:large","max-video-preview":"max-video-preview:-1"},"canonical":"https:\/\/roulottesgagnon.com\/boutique\/produit\/repulsif-a-souris-rodents-away-pour-roulottes\/","og_locale":"fr_CA","og_type":"article","og_title":"R\u00e9pulsif \u00e0 souris Rodents Away pour roulottes - Boutique en ligne de Roulottes Gagnon","og_description":"Pack de 6 sachets de r\u00e9pulsif \u00e0 souris Rodents Away pour roulottes et VR. Le r\u00e9pulsif diminue la pr\u00e9sence et les activit\u00e9s des souris.","og_url":"https:\/\/roulottesgagnon.com\/boutique\/produit\/repulsif-a-souris-rodents-away-pour-roulottes\/","og_site_name":"Boutique en ligne de Roulottes Gagnon","article_publisher":"https:\/\/www.facebook.com\/RoulottesGagnon","article_modified_time":"2025-10-23T12:16:31+00:00","og_image":[{"width":1024,"height":1024,"url":"https:\/\/roulottesgagnon.com\/boutique\/wp-content\/uploads\/2021\/10\/repulsif-a-souris-roulotte-gagnon.jpg","type":"image\/jpeg"}],"twitter_card":"summary_large_image","twitter_site":"@roulottesg","twitter_misc":{"Estimation du temps de lecture":"1 minute"},"schema":{"@context":"https:\/\/schema.org","@graph":[{"@type":"WebSite","@id":"https:\/\/roulottesgagnon.com\/boutique\/#website","url":"https:\/\/roulottesgagnon.com\/boutique\/","name":"Boutique en ligne de Roulottes Gagnon","description":"Pi\u00e8ces et accessoires de roulottes","potentialAction":[{"@type":"SearchAction","target":{"@type":"EntryPoint","urlTemplate":"https:\/\/roulottesgagnon.com\/boutique\/?s={search_term_string}"},"query-input":"required name=search_term_string"}],"inLanguage":"fr-CA"},{"@type":"ImageObject","inLanguage":"fr-CA","@id":"https:\/\/roulottesgagnon.com\/boutique\/produit\/repulsif-a-souris-rodents-away-pour-roulottes\/#primaryimage","url":"https:\/\/roulottesgagnon.com\/boutique\/wp-content\/uploads\/2021\/10\/repulsif-a-souris-roulotte-gagnon.jpg","contentUrl":"https:\/\/roulottesgagnon.com\/boutique\/wp-content\/uploads\/2021\/10\/repulsif-a-souris-roulotte-gagnon.jpg","width":1024,"height":1024,"caption":"Repulsif a souris Rodents away"},{"@type":"WebPage","@id":"https:\/\/roulottesgagnon.com\/boutique\/produit\/repulsif-a-souris-rodents-away-pour-roulottes\/","url":"https:\/\/roulottesgagnon.com\/boutique\/produit\/repulsif-a-souris-rodents-away-pour-roulottes\/","name":"R\u00e9pulsif \u00e0 souris Rodents Away pour roulottes - Boutique en ligne de Roulottes Gagnon","isPartOf":{"@id":"https:\/\/roulottesgagnon.com\/boutique\/#website"},"primaryImageOfPage":{"@id":"https:\/\/roulottesgagnon.com\/boutique\/produit\/repulsif-a-souris-rodents-away-pour-roulottes\/#primaryimage"},"datePublished":"2021-10-16T17:00:18+00:00","dateModified":"2025-10-23T12:16:31+00:00","description":"Pack de 6 sachets de r\u00e9pulsif \u00e0 souris Rodents Away pour roulottes et VR. Le r\u00e9pulsif diminue la pr\u00e9sence et les activit\u00e9s des souris.","breadcrumb":{"@id":"https:\/\/roulottesgagnon.com\/boutique\/produit\/repulsif-a-souris-rodents-away-pour-roulottes\/#breadcrumb"},"inLanguage":"fr-CA","potentialAction":[{"@type":"ReadAction","target":["https:\/\/roulottesgagnon.com\/boutique\/produit\/repulsif-a-souris-rodents-away-pour-roulottes\/"]}]},{"@type":"BreadcrumbList","@id":"https:\/\/roulottesgagnon.com\/boutique\/produit\/repulsif-a-souris-rodents-away-pour-roulottes\/#breadcrumb","itemListElement":[{"@type":"ListItem","position":1,"name":"Home","item":"https:\/\/roulottesgagnon.com\/boutique\/"},{"@type":"ListItem","position":2,"name":"Boutique en ligne","item":"https:\/\/roulottesgagnon.com\/boutique\/"},{"@type":"ListItem","position":3,"name":"R\u00e9pulsif \u00e0 souris Rodents Away pour roulottes"}]}]}},"_links":{"self":[{"href":"https:\/\/roulottesgagnon.com\/boutique\/wp-json\/wp\/v2\/product\/2718"}],"collection":[{"href":"https:\/\/roulottesgagnon.com\/boutique\/wp-json\/wp\/v2\/product"}],"about":[{"href":"https:\/\/roulottesgagnon.com\/boutique\/wp-json\/wp\/v2\/types\/product"}],"replies":[{"embeddable":true,"href":"https:\/\/roulottesgagnon.com\/boutique\/wp-json\/wp\/v2\/comments?post=2718"}],"wp:featuredmedia":[{"embeddable":true,"href":"https:\/\/roulottesgagnon.com\/boutique\/wp-json\/wp\/v2\/media\/2721"}],"wp:attachment":[{"href":"https:\/\/roulottesgagnon.com\/boutique\/wp-json\/wp\/v2\/media?parent=2718"}],"wp:term":[{"taxonomy":"product_cat","embeddable":true,"href":"https:\/\/roulottesgagnon.com\/boutique\/wp-json\/wp\/v2\/product_cat?post=2718"},{"taxonomy":"product_tag","embeddable":true,"href":"https:\/\/roulottesgagnon.com\/boutique\/wp-json\/wp\/v2\/product_tag?post=2718"}],"curies":[{"name":"wp","href":"https:\/\/api.w.org\/{rel}","templated":true}]}}