{"id":2699,"date":"2025-01-07T15:50:37","date_gmt":"2025-01-07T15:50:37","guid":{"rendered":"https:\/\/roulottesgagnon.com\/boutique\/?post_type=product&#038;p=2699"},"modified":"2025-01-14T16:36:18","modified_gmt":"2025-01-14T16:36:18","slug":"vitr-eau","status":"publish","type":"product","link":"https:\/\/roulottesgagnon.com\/boutique\/produit\/vitr-eau\/","title":{"rendered":"Vitr&rsquo; eau"},"content":{"rendered":"<p>vitr&rsquo; eau s&rsquo;accroche aux surfaces verticales et ne coule pas, ne laissant pas de rayures ni de marques.<\/p>\n<p>vitr&rsquo; eau dissout les couches de salet\u00e9s et les\u00a0 fines pellicule coll\u00e9es aux fen\u00eatres de votre roulotte<\/p>\n<p>vitr&rsquo; eau d\u00e9loge les insectes, traces de doigts, rouges \u00e0 l\u00e8vres et bien plus.<\/p>\n<p>vitr&rsquo; eau nettoie les \u00e9lectrom\u00e9nagers avec finition en acier inoxydable<\/p>\n","protected":false},"excerpt":{"rendered":"<p>formule pour pare brise et fen\u00eatres<\/p>\n<p>ne coule pas<\/p>\n<p>ne laisse pas de rayures ni de traces<\/p>\n<p>neutralisant les odeurs<\/p>\n","protected":false},"featured_media":2935,"comment_status":"open","ping_status":"closed","template":"","meta":[],"product_cat":[21],"product_tag":[],"yoast_head":"<!-- This site is optimized with the Yoast SEO plugin v19.3 - https:\/\/yoast.com\/wordpress\/plugins\/seo\/ -->\n<title>Vitr&#039; eau - Boutique en ligne de Roulottes Gagnon<\/title>\n<meta name=\"robots\" content=\"index, follow, max-snippet:-1, max-image-preview:large, max-video-preview:-1\" \/>\n<link rel=\"canonical\" href=\"https:\/\/roulottesgagnon.com\/boutique\/produit\/vitr-eau\/\" \/>\n<meta property=\"og:locale\" content=\"fr_CA\" \/>\n<meta property=\"og:type\" content=\"article\" \/>\n<meta property=\"og:title\" content=\"Vitr&#039; eau - Boutique en ligne de Roulottes Gagnon\" \/>\n<meta property=\"og:description\" content=\"formule pour pare brise et fen\u00eatres  ne coule pas  ne laisse pas de rayures ni de traces  neutralisant les odeurs\" \/>\n<meta property=\"og:url\" content=\"https:\/\/roulottesgagnon.com\/boutique\/produit\/vitr-eau\/\" \/>\n<meta property=\"og:site_name\" content=\"Boutique en ligne de Roulottes Gagnon\" \/>\n<meta property=\"article:publisher\" content=\"https:\/\/www.facebook.com\/RoulottesGagnon\" \/>\n<meta property=\"article:modified_time\" content=\"2025-01-14T16:36:18+00:00\" \/>\n<meta property=\"og:image\" content=\"https:\/\/roulottesgagnon.com\/boutique\/wp-content\/uploads\/2025\/01\/1000003724-scaled.jpg\" \/>\n\t<meta property=\"og:image:width\" content=\"2372\" \/>\n\t<meta property=\"og:image:height\" content=\"2560\" \/>\n\t<meta property=\"og:image:type\" content=\"image\/jpeg\" \/>\n<meta name=\"twitter:card\" content=\"summary_large_image\" \/>\n<meta name=\"twitter:site\" content=\"@roulottesg\" \/>\n<meta name=\"twitter:label1\" content=\"Estimation du temps de lecture\" \/>\n\t<meta name=\"twitter:data1\" content=\"1 minute\" \/>\n<script type=\"application\/ld+json\" class=\"yoast-schema-graph\">{\"@context\":\"https:\/\/schema.org\",\"@graph\":[{\"@type\":\"WebSite\",\"@id\":\"https:\/\/roulottesgagnon.com\/boutique\/#website\",\"url\":\"https:\/\/roulottesgagnon.com\/boutique\/\",\"name\":\"Boutique en ligne de Roulottes Gagnon\",\"description\":\"Pi\u00e8ces et accessoires de roulottes\",\"potentialAction\":[{\"@type\":\"SearchAction\",\"target\":{\"@type\":\"EntryPoint\",\"urlTemplate\":\"https:\/\/roulottesgagnon.com\/boutique\/?s={search_term_string}\"},\"query-input\":\"required name=search_term_string\"}],\"inLanguage\":\"fr-CA\"},{\"@type\":\"ImageObject\",\"inLanguage\":\"fr-CA\",\"@id\":\"https:\/\/roulottesgagnon.com\/boutique\/produit\/vitr-eau\/#primaryimage\",\"url\":\"https:\/\/roulottesgagnon.com\/boutique\/wp-content\/uploads\/2025\/01\/1000003724-scaled.jpg\",\"contentUrl\":\"https:\/\/roulottesgagnon.com\/boutique\/wp-content\/uploads\/2025\/01\/1000003724-scaled.jpg\",\"width\":2372,\"height\":2560},{\"@type\":\"WebPage\",\"@id\":\"https:\/\/roulottesgagnon.com\/boutique\/produit\/vitr-eau\/\",\"url\":\"https:\/\/roulottesgagnon.com\/boutique\/produit\/vitr-eau\/\",\"name\":\"Vitr' eau - Boutique en ligne de Roulottes Gagnon\",\"isPartOf\":{\"@id\":\"https:\/\/roulottesgagnon.com\/boutique\/#website\"},\"primaryImageOfPage\":{\"@id\":\"https:\/\/roulottesgagnon.com\/boutique\/produit\/vitr-eau\/#primaryimage\"},\"datePublished\":\"2025-01-07T15:50:37+00:00\",\"dateModified\":\"2025-01-14T16:36:18+00:00\",\"breadcrumb\":{\"@id\":\"https:\/\/roulottesgagnon.com\/boutique\/produit\/vitr-eau\/#breadcrumb\"},\"inLanguage\":\"fr-CA\",\"potentialAction\":[{\"@type\":\"ReadAction\",\"target\":[\"https:\/\/roulottesgagnon.com\/boutique\/produit\/vitr-eau\/\"]}]},{\"@type\":\"BreadcrumbList\",\"@id\":\"https:\/\/roulottesgagnon.com\/boutique\/produit\/vitr-eau\/#breadcrumb\",\"itemListElement\":[{\"@type\":\"ListItem\",\"position\":1,\"name\":\"Home\",\"item\":\"https:\/\/roulottesgagnon.com\/boutique\/\"},{\"@type\":\"ListItem\",\"position\":2,\"name\":\"Boutique en ligne\",\"item\":\"https:\/\/roulottesgagnon.com\/boutique\/\"},{\"@type\":\"ListItem\",\"position\":3,\"name\":\"Vitr&rsquo; eau\"}]}]}<\/script>\n<!-- \/ Yoast SEO plugin. -->","yoast_head_json":{"title":"Vitr' eau - Boutique en ligne de Roulottes Gagnon","robots":{"index":"index","follow":"follow","max-snippet":"max-snippet:-1","max-image-preview":"max-image-preview:large","max-video-preview":"max-video-preview:-1"},"canonical":"https:\/\/roulottesgagnon.com\/boutique\/produit\/vitr-eau\/","og_locale":"fr_CA","og_type":"article","og_title":"Vitr' eau - Boutique en ligne de Roulottes Gagnon","og_description":"formule pour pare brise et fen\u00eatres  ne coule pas  ne laisse pas de rayures ni de traces  neutralisant les odeurs","og_url":"https:\/\/roulottesgagnon.com\/boutique\/produit\/vitr-eau\/","og_site_name":"Boutique en ligne de Roulottes Gagnon","article_publisher":"https:\/\/www.facebook.com\/RoulottesGagnon","article_modified_time":"2025-01-14T16:36:18+00:00","og_image":[{"width":2372,"height":2560,"url":"https:\/\/roulottesgagnon.com\/boutique\/wp-content\/uploads\/2025\/01\/1000003724-scaled.jpg","type":"image\/jpeg"}],"twitter_card":"summary_large_image","twitter_site":"@roulottesg","twitter_misc":{"Estimation du temps de lecture":"1 minute"},"schema":{"@context":"https:\/\/schema.org","@graph":[{"@type":"WebSite","@id":"https:\/\/roulottesgagnon.com\/boutique\/#website","url":"https:\/\/roulottesgagnon.com\/boutique\/","name":"Boutique en ligne de Roulottes Gagnon","description":"Pi\u00e8ces et accessoires de roulottes","potentialAction":[{"@type":"SearchAction","target":{"@type":"EntryPoint","urlTemplate":"https:\/\/roulottesgagnon.com\/boutique\/?s={search_term_string}"},"query-input":"required name=search_term_string"}],"inLanguage":"fr-CA"},{"@type":"ImageObject","inLanguage":"fr-CA","@id":"https:\/\/roulottesgagnon.com\/boutique\/produit\/vitr-eau\/#primaryimage","url":"https:\/\/roulottesgagnon.com\/boutique\/wp-content\/uploads\/2025\/01\/1000003724-scaled.jpg","contentUrl":"https:\/\/roulottesgagnon.com\/boutique\/wp-content\/uploads\/2025\/01\/1000003724-scaled.jpg","width":2372,"height":2560},{"@type":"WebPage","@id":"https:\/\/roulottesgagnon.com\/boutique\/produit\/vitr-eau\/","url":"https:\/\/roulottesgagnon.com\/boutique\/produit\/vitr-eau\/","name":"Vitr' eau - Boutique en ligne de Roulottes Gagnon","isPartOf":{"@id":"https:\/\/roulottesgagnon.com\/boutique\/#website"},"primaryImageOfPage":{"@id":"https:\/\/roulottesgagnon.com\/boutique\/produit\/vitr-eau\/#primaryimage"},"datePublished":"2025-01-07T15:50:37+00:00","dateModified":"2025-01-14T16:36:18+00:00","breadcrumb":{"@id":"https:\/\/roulottesgagnon.com\/boutique\/produit\/vitr-eau\/#breadcrumb"},"inLanguage":"fr-CA","potentialAction":[{"@type":"ReadAction","target":["https:\/\/roulottesgagnon.com\/boutique\/produit\/vitr-eau\/"]}]},{"@type":"BreadcrumbList","@id":"https:\/\/roulottesgagnon.com\/boutique\/produit\/vitr-eau\/#breadcrumb","itemListElement":[{"@type":"ListItem","position":1,"name":"Home","item":"https:\/\/roulottesgagnon.com\/boutique\/"},{"@type":"ListItem","position":2,"name":"Boutique en ligne","item":"https:\/\/roulottesgagnon.com\/boutique\/"},{"@type":"ListItem","position":3,"name":"Vitr&rsquo; eau"}]}]}},"_links":{"self":[{"href":"https:\/\/roulottesgagnon.com\/boutique\/wp-json\/wp\/v2\/product\/2699"}],"collection":[{"href":"https:\/\/roulottesgagnon.com\/boutique\/wp-json\/wp\/v2\/product"}],"about":[{"href":"https:\/\/roulottesgagnon.com\/boutique\/wp-json\/wp\/v2\/types\/product"}],"replies":[{"embeddable":true,"href":"https:\/\/roulottesgagnon.com\/boutique\/wp-json\/wp\/v2\/comments?post=2699"}],"wp:featuredmedia":[{"embeddable":true,"href":"https:\/\/roulottesgagnon.com\/boutique\/wp-json\/wp\/v2\/media\/2935"}],"wp:attachment":[{"href":"https:\/\/roulottesgagnon.com\/boutique\/wp-json\/wp\/v2\/media?parent=2699"}],"wp:term":[{"taxonomy":"product_cat","embeddable":true,"href":"https:\/\/roulottesgagnon.com\/boutique\/wp-json\/wp\/v2\/product_cat?post=2699"},{"taxonomy":"product_tag","embeddable":true,"href":"https:\/\/roulottesgagnon.com\/boutique\/wp-json\/wp\/v2\/product_tag?post=2699"}],"curies":[{"name":"wp","href":"https:\/\/api.w.org\/{rel}","templated":true}]}}