{"id":2603,"date":"2021-06-15T19:50:36","date_gmt":"2021-06-15T19:50:36","guid":{"rendered":"https:\/\/roulottesgagnon.com\/boutique\/?post_type=product&#038;p=2603"},"modified":"2025-10-10T14:22:54","modified_gmt":"2025-10-10T14:22:54","slug":"ensemble-de-2-tasse-de-camping-style-pot-mason","status":"publish","type":"product","link":"https:\/\/roulottesgagnon.com\/boutique\/produit\/ensemble-de-2-tasse-de-camping-style-pot-mason\/","title":{"rendered":"Tasse de camping de style pot Mason"},"content":{"rendered":"<p>Tasse de camping en verre givr\u00e9 avec anse et couvercle. Style pot Mason. Inscription: &laquo; Ce qui se passe au camping reste au camping &raquo;<\/p>\n<p>Les campeuses en cavale<br \/>\nHauteur: 13 cm<br \/>\nDiam\u00e8tre: 76 mm<br \/>\nContient environ 400 ml de votre boisson pr\u00e9f\u00e9r\u00e9e<br \/>\nLavage \u00e0 la main recommand\u00e9<br \/>\nPaille non incluse<\/p>\n","protected":false},"excerpt":{"rendered":"<p>Tasse de camping en verre givr\u00e9 avec anse et couvercle. Style pot Mason. Inscription: &laquo; Ce qui se passe au camping reste au camping &raquo;<\/p>\n","protected":false},"featured_media":2609,"comment_status":"open","ping_status":"closed","template":"","meta":[],"product_cat":[48],"product_tag":[],"yoast_head":"<!-- This site is optimized with the Yoast SEO plugin v19.3 - https:\/\/yoast.com\/wordpress\/plugins\/seo\/ -->\n<title>Tasse de camping de style pot Mason - Boutique en ligne de Roulottes Gagnon<\/title>\n<meta name=\"description\" content=\"Tasse de camping en verre givr\u00e9 avec anse et couvercle. Style pot Mason. Inscription: &quot;Ce qui se passe au camping reste au camping&quot;\" \/>\n<meta name=\"robots\" content=\"index, follow, max-snippet:-1, max-image-preview:large, max-video-preview:-1\" \/>\n<link rel=\"canonical\" href=\"https:\/\/roulottesgagnon.com\/boutique\/produit\/ensemble-de-2-tasse-de-camping-style-pot-mason\/\" \/>\n<meta property=\"og:locale\" content=\"fr_CA\" \/>\n<meta property=\"og:type\" content=\"article\" \/>\n<meta property=\"og:title\" content=\"Tasse de camping de style pot Mason - Boutique en ligne de Roulottes Gagnon\" \/>\n<meta property=\"og:description\" content=\"Tasse de camping en verre givr\u00e9 avec anse et couvercle. Style pot Mason. Inscription: &quot;Ce qui se passe au camping reste au camping&quot;\" \/>\n<meta property=\"og:url\" content=\"https:\/\/roulottesgagnon.com\/boutique\/produit\/ensemble-de-2-tasse-de-camping-style-pot-mason\/\" \/>\n<meta property=\"og:site_name\" content=\"Boutique en ligne de Roulottes Gagnon\" \/>\n<meta property=\"article:publisher\" content=\"https:\/\/www.facebook.com\/RoulottesGagnon\" \/>\n<meta property=\"article:modified_time\" content=\"2025-10-10T14:22:54+00:00\" \/>\n<meta property=\"og:image\" content=\"https:\/\/roulottesgagnon.com\/boutique\/wp-content\/uploads\/2021\/06\/tasse-mason-passe-au-camping.jpg\" \/>\n\t<meta property=\"og:image:width\" content=\"1024\" \/>\n\t<meta property=\"og:image:height\" content=\"1024\" \/>\n\t<meta property=\"og:image:type\" content=\"image\/jpeg\" \/>\n<meta name=\"twitter:card\" content=\"summary_large_image\" \/>\n<meta name=\"twitter:site\" content=\"@roulottesg\" \/>\n<script type=\"application\/ld+json\" class=\"yoast-schema-graph\">{\"@context\":\"https:\/\/schema.org\",\"@graph\":[{\"@type\":\"WebSite\",\"@id\":\"https:\/\/roulottesgagnon.com\/boutique\/#website\",\"url\":\"https:\/\/roulottesgagnon.com\/boutique\/\",\"name\":\"Boutique en ligne de Roulottes Gagnon\",\"description\":\"Pi\u00e8ces et accessoires de roulottes\",\"potentialAction\":[{\"@type\":\"SearchAction\",\"target\":{\"@type\":\"EntryPoint\",\"urlTemplate\":\"https:\/\/roulottesgagnon.com\/boutique\/?s={search_term_string}\"},\"query-input\":\"required name=search_term_string\"}],\"inLanguage\":\"fr-CA\"},{\"@type\":\"ImageObject\",\"inLanguage\":\"fr-CA\",\"@id\":\"https:\/\/roulottesgagnon.com\/boutique\/produit\/ensemble-de-2-tasse-de-camping-style-pot-mason\/#primaryimage\",\"url\":\"https:\/\/roulottesgagnon.com\/boutique\/wp-content\/uploads\/2021\/06\/tasse-mason-passe-au-camping.jpg\",\"contentUrl\":\"https:\/\/roulottesgagnon.com\/boutique\/wp-content\/uploads\/2021\/06\/tasse-mason-passe-au-camping.jpg\",\"width\":1024,\"height\":1024,\"caption\":\"tasse-mason-passe-au-camping\"},{\"@type\":\"WebPage\",\"@id\":\"https:\/\/roulottesgagnon.com\/boutique\/produit\/ensemble-de-2-tasse-de-camping-style-pot-mason\/\",\"url\":\"https:\/\/roulottesgagnon.com\/boutique\/produit\/ensemble-de-2-tasse-de-camping-style-pot-mason\/\",\"name\":\"Tasse de camping de style pot Mason - Boutique en ligne de Roulottes Gagnon\",\"isPartOf\":{\"@id\":\"https:\/\/roulottesgagnon.com\/boutique\/#website\"},\"primaryImageOfPage\":{\"@id\":\"https:\/\/roulottesgagnon.com\/boutique\/produit\/ensemble-de-2-tasse-de-camping-style-pot-mason\/#primaryimage\"},\"datePublished\":\"2021-06-15T19:50:36+00:00\",\"dateModified\":\"2025-10-10T14:22:54+00:00\",\"description\":\"Tasse de camping en verre givr\u00e9 avec anse et couvercle. Style pot Mason. Inscription: \\\"Ce qui se passe au camping reste au camping\\\"\",\"breadcrumb\":{\"@id\":\"https:\/\/roulottesgagnon.com\/boutique\/produit\/ensemble-de-2-tasse-de-camping-style-pot-mason\/#breadcrumb\"},\"inLanguage\":\"fr-CA\",\"potentialAction\":[{\"@type\":\"ReadAction\",\"target\":[\"https:\/\/roulottesgagnon.com\/boutique\/produit\/ensemble-de-2-tasse-de-camping-style-pot-mason\/\"]}]},{\"@type\":\"BreadcrumbList\",\"@id\":\"https:\/\/roulottesgagnon.com\/boutique\/produit\/ensemble-de-2-tasse-de-camping-style-pot-mason\/#breadcrumb\",\"itemListElement\":[{\"@type\":\"ListItem\",\"position\":1,\"name\":\"Home\",\"item\":\"https:\/\/roulottesgagnon.com\/boutique\/\"},{\"@type\":\"ListItem\",\"position\":2,\"name\":\"Boutique en ligne\",\"item\":\"https:\/\/roulottesgagnon.com\/boutique\/\"},{\"@type\":\"ListItem\",\"position\":3,\"name\":\"Tasse de camping de style pot Mason\"}]}]}<\/script>\n<!-- \/ Yoast SEO plugin. -->","yoast_head_json":{"title":"Tasse de camping de style pot Mason - Boutique en ligne de Roulottes Gagnon","description":"Tasse de camping en verre givr\u00e9 avec anse et couvercle. Style pot Mason. Inscription: \"Ce qui se passe au camping reste au camping\"","robots":{"index":"index","follow":"follow","max-snippet":"max-snippet:-1","max-image-preview":"max-image-preview:large","max-video-preview":"max-video-preview:-1"},"canonical":"https:\/\/roulottesgagnon.com\/boutique\/produit\/ensemble-de-2-tasse-de-camping-style-pot-mason\/","og_locale":"fr_CA","og_type":"article","og_title":"Tasse de camping de style pot Mason - Boutique en ligne de Roulottes Gagnon","og_description":"Tasse de camping en verre givr\u00e9 avec anse et couvercle. Style pot Mason. Inscription: \"Ce qui se passe au camping reste au camping\"","og_url":"https:\/\/roulottesgagnon.com\/boutique\/produit\/ensemble-de-2-tasse-de-camping-style-pot-mason\/","og_site_name":"Boutique en ligne de Roulottes Gagnon","article_publisher":"https:\/\/www.facebook.com\/RoulottesGagnon","article_modified_time":"2025-10-10T14:22:54+00:00","og_image":[{"width":1024,"height":1024,"url":"https:\/\/roulottesgagnon.com\/boutique\/wp-content\/uploads\/2021\/06\/tasse-mason-passe-au-camping.jpg","type":"image\/jpeg"}],"twitter_card":"summary_large_image","twitter_site":"@roulottesg","schema":{"@context":"https:\/\/schema.org","@graph":[{"@type":"WebSite","@id":"https:\/\/roulottesgagnon.com\/boutique\/#website","url":"https:\/\/roulottesgagnon.com\/boutique\/","name":"Boutique en ligne de Roulottes Gagnon","description":"Pi\u00e8ces et accessoires de roulottes","potentialAction":[{"@type":"SearchAction","target":{"@type":"EntryPoint","urlTemplate":"https:\/\/roulottesgagnon.com\/boutique\/?s={search_term_string}"},"query-input":"required name=search_term_string"}],"inLanguage":"fr-CA"},{"@type":"ImageObject","inLanguage":"fr-CA","@id":"https:\/\/roulottesgagnon.com\/boutique\/produit\/ensemble-de-2-tasse-de-camping-style-pot-mason\/#primaryimage","url":"https:\/\/roulottesgagnon.com\/boutique\/wp-content\/uploads\/2021\/06\/tasse-mason-passe-au-camping.jpg","contentUrl":"https:\/\/roulottesgagnon.com\/boutique\/wp-content\/uploads\/2021\/06\/tasse-mason-passe-au-camping.jpg","width":1024,"height":1024,"caption":"tasse-mason-passe-au-camping"},{"@type":"WebPage","@id":"https:\/\/roulottesgagnon.com\/boutique\/produit\/ensemble-de-2-tasse-de-camping-style-pot-mason\/","url":"https:\/\/roulottesgagnon.com\/boutique\/produit\/ensemble-de-2-tasse-de-camping-style-pot-mason\/","name":"Tasse de camping de style pot Mason - Boutique en ligne de Roulottes Gagnon","isPartOf":{"@id":"https:\/\/roulottesgagnon.com\/boutique\/#website"},"primaryImageOfPage":{"@id":"https:\/\/roulottesgagnon.com\/boutique\/produit\/ensemble-de-2-tasse-de-camping-style-pot-mason\/#primaryimage"},"datePublished":"2021-06-15T19:50:36+00:00","dateModified":"2025-10-10T14:22:54+00:00","description":"Tasse de camping en verre givr\u00e9 avec anse et couvercle. Style pot Mason. Inscription: \"Ce qui se passe au camping reste au camping\"","breadcrumb":{"@id":"https:\/\/roulottesgagnon.com\/boutique\/produit\/ensemble-de-2-tasse-de-camping-style-pot-mason\/#breadcrumb"},"inLanguage":"fr-CA","potentialAction":[{"@type":"ReadAction","target":["https:\/\/roulottesgagnon.com\/boutique\/produit\/ensemble-de-2-tasse-de-camping-style-pot-mason\/"]}]},{"@type":"BreadcrumbList","@id":"https:\/\/roulottesgagnon.com\/boutique\/produit\/ensemble-de-2-tasse-de-camping-style-pot-mason\/#breadcrumb","itemListElement":[{"@type":"ListItem","position":1,"name":"Home","item":"https:\/\/roulottesgagnon.com\/boutique\/"},{"@type":"ListItem","position":2,"name":"Boutique en ligne","item":"https:\/\/roulottesgagnon.com\/boutique\/"},{"@type":"ListItem","position":3,"name":"Tasse de camping de style pot Mason"}]}]}},"_links":{"self":[{"href":"https:\/\/roulottesgagnon.com\/boutique\/wp-json\/wp\/v2\/product\/2603"}],"collection":[{"href":"https:\/\/roulottesgagnon.com\/boutique\/wp-json\/wp\/v2\/product"}],"about":[{"href":"https:\/\/roulottesgagnon.com\/boutique\/wp-json\/wp\/v2\/types\/product"}],"replies":[{"embeddable":true,"href":"https:\/\/roulottesgagnon.com\/boutique\/wp-json\/wp\/v2\/comments?post=2603"}],"wp:featuredmedia":[{"embeddable":true,"href":"https:\/\/roulottesgagnon.com\/boutique\/wp-json\/wp\/v2\/media\/2609"}],"wp:attachment":[{"href":"https:\/\/roulottesgagnon.com\/boutique\/wp-json\/wp\/v2\/media?parent=2603"}],"wp:term":[{"taxonomy":"product_cat","embeddable":true,"href":"https:\/\/roulottesgagnon.com\/boutique\/wp-json\/wp\/v2\/product_cat?post=2603"},{"taxonomy":"product_tag","embeddable":true,"href":"https:\/\/roulottesgagnon.com\/boutique\/wp-json\/wp\/v2\/product_tag?post=2603"}],"curies":[{"name":"wp","href":"https:\/\/api.w.org\/{rel}","templated":true}]}}