{"id":2584,"date":"2021-06-04T17:50:25","date_gmt":"2021-06-04T17:50:25","guid":{"rendered":"https:\/\/roulottesgagnon.com\/boutique\/?post_type=product&#038;p=2584"},"modified":"2025-01-07T16:40:23","modified_gmt":"2025-01-07T16:40:23","slug":"tasse-email-roulotte","status":"publish","type":"product","link":"https:\/\/roulottesgagnon.com\/boutique\/produit\/tasse-email-roulotte\/","title":{"rendered":"Tasse en \u00e9mail avec roulotte \u00abCr\u00e9ons des souvenirs un camping \u00e0 la fois\u00bb"},"content":{"rendered":"<p>Tasse en email blanche avec bordure noire, d\u00e9cor\u00e9e d&rsquo;un dessin de roulotte et de la phrase \u00abCr\u00e9ons des souvenirs un camping \u00e0 la fois\u00bb Votre caf\u00e9 sera m\u00e9morable!<\/p>\n<p>\u00c9mail blanc lustr\u00e9 ultral\u00e9ger<br \/>\n9 x 8 cm<br \/>\nContient 12oz.<\/p>\n","protected":false},"excerpt":{"rendered":"<p>Tasse en email blanche avec bordure noire, d\u00e9cor\u00e9e d&rsquo;un dessin de roulotte et de la phrase \u00abCr\u00e9ons des souvenirs un camping \u00e0 la fois\u00bb<\/p>\n","protected":false},"featured_media":2585,"comment_status":"open","ping_status":"closed","template":"","meta":[],"product_cat":[48],"product_tag":[47],"yoast_head":"<!-- This site is optimized with the Yoast SEO plugin v19.3 - https:\/\/yoast.com\/wordpress\/plugins\/seo\/ -->\n<title>Tasse en \u00e9mail avec roulotte \u00abCr\u00e9ons des souvenirs un camping \u00e0 la fois\u00bb - Boutique en ligne de Roulottes Gagnon<\/title>\n<meta name=\"description\" content=\"Tasse en email d\u00e9cor\u00e9e d&#039;un dessin de roulotte et de la phrase \u00abCr\u00e9ons des souvenirs un camping \u00e0 la fois\u00bb Votre caf\u00e9 sera m\u00e9morable!\" \/>\n<meta name=\"robots\" content=\"index, follow, max-snippet:-1, max-image-preview:large, max-video-preview:-1\" \/>\n<link rel=\"canonical\" href=\"https:\/\/roulottesgagnon.com\/boutique\/produit\/tasse-email-roulotte\/\" \/>\n<meta property=\"og:locale\" content=\"fr_CA\" \/>\n<meta property=\"og:type\" content=\"article\" \/>\n<meta property=\"og:title\" content=\"Tasse en \u00e9mail avec roulotte \u00abCr\u00e9ons des souvenirs un camping \u00e0 la fois\u00bb - Boutique en ligne de Roulottes Gagnon\" \/>\n<meta property=\"og:description\" content=\"Tasse en email d\u00e9cor\u00e9e d&#039;un dessin de roulotte et de la phrase \u00abCr\u00e9ons des souvenirs un camping \u00e0 la fois\u00bb Votre caf\u00e9 sera m\u00e9morable!\" \/>\n<meta property=\"og:url\" content=\"https:\/\/roulottesgagnon.com\/boutique\/produit\/tasse-email-roulotte\/\" \/>\n<meta property=\"og:site_name\" content=\"Boutique en ligne de Roulottes Gagnon\" \/>\n<meta property=\"article:publisher\" content=\"https:\/\/www.facebook.com\/RoulottesGagnon\" \/>\n<meta property=\"article:modified_time\" content=\"2025-01-07T16:40:23+00:00\" \/>\n<meta property=\"og:image\" content=\"https:\/\/roulottesgagnon.com\/boutique\/wp-content\/uploads\/2021\/06\/tasse-email-souvenir-camping.jpg\" \/>\n\t<meta property=\"og:image:width\" content=\"700\" \/>\n\t<meta property=\"og:image:height\" content=\"700\" \/>\n\t<meta property=\"og:image:type\" content=\"image\/jpeg\" \/>\n<meta name=\"twitter:card\" content=\"summary_large_image\" \/>\n<meta name=\"twitter:site\" content=\"@roulottesg\" \/>\n<script type=\"application\/ld+json\" class=\"yoast-schema-graph\">{\"@context\":\"https:\/\/schema.org\",\"@graph\":[{\"@type\":\"WebSite\",\"@id\":\"https:\/\/roulottesgagnon.com\/boutique\/#website\",\"url\":\"https:\/\/roulottesgagnon.com\/boutique\/\",\"name\":\"Boutique en ligne de Roulottes Gagnon\",\"description\":\"Pi\u00e8ces et accessoires de roulottes\",\"potentialAction\":[{\"@type\":\"SearchAction\",\"target\":{\"@type\":\"EntryPoint\",\"urlTemplate\":\"https:\/\/roulottesgagnon.com\/boutique\/?s={search_term_string}\"},\"query-input\":\"required name=search_term_string\"}],\"inLanguage\":\"fr-CA\"},{\"@type\":\"ImageObject\",\"inLanguage\":\"fr-CA\",\"@id\":\"https:\/\/roulottesgagnon.com\/boutique\/produit\/tasse-email-roulotte\/#primaryimage\",\"url\":\"https:\/\/roulottesgagnon.com\/boutique\/wp-content\/uploads\/2021\/06\/tasse-email-souvenir-camping.jpg\",\"contentUrl\":\"https:\/\/roulottesgagnon.com\/boutique\/wp-content\/uploads\/2021\/06\/tasse-email-souvenir-camping.jpg\",\"width\":700,\"height\":700,\"caption\":\"Tasse en email blanche avec bordure noire, d\u00e9cor\u00e9e d'un dessin de roulotte et de la phrase \u00abCr\u00e9ons des souvenirs un camping \u00e0 la fois\u00bb Votre caf\u00e9 sera m\u00e9morable!\"},{\"@type\":\"WebPage\",\"@id\":\"https:\/\/roulottesgagnon.com\/boutique\/produit\/tasse-email-roulotte\/\",\"url\":\"https:\/\/roulottesgagnon.com\/boutique\/produit\/tasse-email-roulotte\/\",\"name\":\"Tasse en \u00e9mail avec roulotte \u00abCr\u00e9ons des souvenirs un camping \u00e0 la fois\u00bb - Boutique en ligne de Roulottes Gagnon\",\"isPartOf\":{\"@id\":\"https:\/\/roulottesgagnon.com\/boutique\/#website\"},\"primaryImageOfPage\":{\"@id\":\"https:\/\/roulottesgagnon.com\/boutique\/produit\/tasse-email-roulotte\/#primaryimage\"},\"datePublished\":\"2021-06-04T17:50:25+00:00\",\"dateModified\":\"2025-01-07T16:40:23+00:00\",\"description\":\"Tasse en email d\u00e9cor\u00e9e d'un dessin de roulotte et de la phrase \u00abCr\u00e9ons des souvenirs un camping \u00e0 la fois\u00bb Votre caf\u00e9 sera m\u00e9morable!\",\"breadcrumb\":{\"@id\":\"https:\/\/roulottesgagnon.com\/boutique\/produit\/tasse-email-roulotte\/#breadcrumb\"},\"inLanguage\":\"fr-CA\",\"potentialAction\":[{\"@type\":\"ReadAction\",\"target\":[\"https:\/\/roulottesgagnon.com\/boutique\/produit\/tasse-email-roulotte\/\"]}]},{\"@type\":\"BreadcrumbList\",\"@id\":\"https:\/\/roulottesgagnon.com\/boutique\/produit\/tasse-email-roulotte\/#breadcrumb\",\"itemListElement\":[{\"@type\":\"ListItem\",\"position\":1,\"name\":\"Home\",\"item\":\"https:\/\/roulottesgagnon.com\/boutique\/\"},{\"@type\":\"ListItem\",\"position\":2,\"name\":\"Boutique en ligne\",\"item\":\"https:\/\/roulottesgagnon.com\/boutique\/\"},{\"@type\":\"ListItem\",\"position\":3,\"name\":\"Tasse en \u00e9mail avec roulotte \u00abCr\u00e9ons des souvenirs un camping \u00e0 la fois\u00bb\"}]}]}<\/script>\n<!-- \/ Yoast SEO plugin. -->","yoast_head_json":{"title":"Tasse en \u00e9mail avec roulotte \u00abCr\u00e9ons des souvenirs un camping \u00e0 la fois\u00bb - Boutique en ligne de Roulottes Gagnon","description":"Tasse en email d\u00e9cor\u00e9e d'un dessin de roulotte et de la phrase \u00abCr\u00e9ons des souvenirs un camping \u00e0 la fois\u00bb Votre caf\u00e9 sera m\u00e9morable!","robots":{"index":"index","follow":"follow","max-snippet":"max-snippet:-1","max-image-preview":"max-image-preview:large","max-video-preview":"max-video-preview:-1"},"canonical":"https:\/\/roulottesgagnon.com\/boutique\/produit\/tasse-email-roulotte\/","og_locale":"fr_CA","og_type":"article","og_title":"Tasse en \u00e9mail avec roulotte \u00abCr\u00e9ons des souvenirs un camping \u00e0 la fois\u00bb - Boutique en ligne de Roulottes Gagnon","og_description":"Tasse en email d\u00e9cor\u00e9e d'un dessin de roulotte et de la phrase \u00abCr\u00e9ons des souvenirs un camping \u00e0 la fois\u00bb Votre caf\u00e9 sera m\u00e9morable!","og_url":"https:\/\/roulottesgagnon.com\/boutique\/produit\/tasse-email-roulotte\/","og_site_name":"Boutique en ligne de Roulottes Gagnon","article_publisher":"https:\/\/www.facebook.com\/RoulottesGagnon","article_modified_time":"2025-01-07T16:40:23+00:00","og_image":[{"width":700,"height":700,"url":"https:\/\/roulottesgagnon.com\/boutique\/wp-content\/uploads\/2021\/06\/tasse-email-souvenir-camping.jpg","type":"image\/jpeg"}],"twitter_card":"summary_large_image","twitter_site":"@roulottesg","schema":{"@context":"https:\/\/schema.org","@graph":[{"@type":"WebSite","@id":"https:\/\/roulottesgagnon.com\/boutique\/#website","url":"https:\/\/roulottesgagnon.com\/boutique\/","name":"Boutique en ligne de Roulottes Gagnon","description":"Pi\u00e8ces et accessoires de roulottes","potentialAction":[{"@type":"SearchAction","target":{"@type":"EntryPoint","urlTemplate":"https:\/\/roulottesgagnon.com\/boutique\/?s={search_term_string}"},"query-input":"required name=search_term_string"}],"inLanguage":"fr-CA"},{"@type":"ImageObject","inLanguage":"fr-CA","@id":"https:\/\/roulottesgagnon.com\/boutique\/produit\/tasse-email-roulotte\/#primaryimage","url":"https:\/\/roulottesgagnon.com\/boutique\/wp-content\/uploads\/2021\/06\/tasse-email-souvenir-camping.jpg","contentUrl":"https:\/\/roulottesgagnon.com\/boutique\/wp-content\/uploads\/2021\/06\/tasse-email-souvenir-camping.jpg","width":700,"height":700,"caption":"Tasse en email blanche avec bordure noire, d\u00e9cor\u00e9e d'un dessin de roulotte et de la phrase \u00abCr\u00e9ons des souvenirs un camping \u00e0 la fois\u00bb Votre caf\u00e9 sera m\u00e9morable!"},{"@type":"WebPage","@id":"https:\/\/roulottesgagnon.com\/boutique\/produit\/tasse-email-roulotte\/","url":"https:\/\/roulottesgagnon.com\/boutique\/produit\/tasse-email-roulotte\/","name":"Tasse en \u00e9mail avec roulotte \u00abCr\u00e9ons des souvenirs un camping \u00e0 la fois\u00bb - Boutique en ligne de Roulottes Gagnon","isPartOf":{"@id":"https:\/\/roulottesgagnon.com\/boutique\/#website"},"primaryImageOfPage":{"@id":"https:\/\/roulottesgagnon.com\/boutique\/produit\/tasse-email-roulotte\/#primaryimage"},"datePublished":"2021-06-04T17:50:25+00:00","dateModified":"2025-01-07T16:40:23+00:00","description":"Tasse en email d\u00e9cor\u00e9e d'un dessin de roulotte et de la phrase \u00abCr\u00e9ons des souvenirs un camping \u00e0 la fois\u00bb Votre caf\u00e9 sera m\u00e9morable!","breadcrumb":{"@id":"https:\/\/roulottesgagnon.com\/boutique\/produit\/tasse-email-roulotte\/#breadcrumb"},"inLanguage":"fr-CA","potentialAction":[{"@type":"ReadAction","target":["https:\/\/roulottesgagnon.com\/boutique\/produit\/tasse-email-roulotte\/"]}]},{"@type":"BreadcrumbList","@id":"https:\/\/roulottesgagnon.com\/boutique\/produit\/tasse-email-roulotte\/#breadcrumb","itemListElement":[{"@type":"ListItem","position":1,"name":"Home","item":"https:\/\/roulottesgagnon.com\/boutique\/"},{"@type":"ListItem","position":2,"name":"Boutique en ligne","item":"https:\/\/roulottesgagnon.com\/boutique\/"},{"@type":"ListItem","position":3,"name":"Tasse en \u00e9mail avec roulotte \u00abCr\u00e9ons des souvenirs un camping \u00e0 la fois\u00bb"}]}]}},"_links":{"self":[{"href":"https:\/\/roulottesgagnon.com\/boutique\/wp-json\/wp\/v2\/product\/2584"}],"collection":[{"href":"https:\/\/roulottesgagnon.com\/boutique\/wp-json\/wp\/v2\/product"}],"about":[{"href":"https:\/\/roulottesgagnon.com\/boutique\/wp-json\/wp\/v2\/types\/product"}],"replies":[{"embeddable":true,"href":"https:\/\/roulottesgagnon.com\/boutique\/wp-json\/wp\/v2\/comments?post=2584"}],"wp:featuredmedia":[{"embeddable":true,"href":"https:\/\/roulottesgagnon.com\/boutique\/wp-json\/wp\/v2\/media\/2585"}],"wp:attachment":[{"href":"https:\/\/roulottesgagnon.com\/boutique\/wp-json\/wp\/v2\/media?parent=2584"}],"wp:term":[{"taxonomy":"product_cat","embeddable":true,"href":"https:\/\/roulottesgagnon.com\/boutique\/wp-json\/wp\/v2\/product_cat?post=2584"},{"taxonomy":"product_tag","embeddable":true,"href":"https:\/\/roulottesgagnon.com\/boutique\/wp-json\/wp\/v2\/product_tag?post=2584"}],"curies":[{"name":"wp","href":"https:\/\/api.w.org\/{rel}","templated":true}]}}