{"id":2566,"date":"2021-06-04T16:08:04","date_gmt":"2021-06-04T16:08:04","guid":{"rendered":"https:\/\/roulottesgagnon.com\/boutique\/?post_type=product&#038;p=2566"},"modified":"2025-05-16T12:15:07","modified_gmt":"2025-05-16T12:15:07","slug":"mitaine-de-four-de-camping","status":"publish","type":"product","link":"https:\/\/roulottesgagnon.com\/boutique\/produit\/mitaine-de-four-de-camping\/","title":{"rendered":"Ensemble de mitaine de four et sous plat de camping"},"content":{"rendered":"<p>Ensemble compos\u00e9 d&rsquo;un sous plat de casserole et d&rsquo;une mitaine de four avec motif de roulottes de camping. Parfait pour les adeptes de camping et de VR. Fabriqu\u00e9s \u00e0 partir de mat\u00e9riaux de haute qualit\u00e9. Couleurs vivantes et motif de roulottes s&rsquo;harmonisant \u00e0 merveille \u00e0 tout d\u00e9cor de roulottes.<\/p>\n<p>Les Campeuses en Cavale<br \/>\nCollection &laquo; \u00c9t\u00e9 des boh\u00e8mes &raquo;<br \/>\nDimension du sous plat : 20 x 20 cm<br \/>\nDimension de la mitaine de four: 19 x 33 cm<br \/>\n100% coton<br \/>\nLavable \u00e0 la machine<br \/>\nConception matelass\u00e9e pour une protection ad\u00e9quate contre la chaleur des fours ou des plats chauds<br \/>\nComprends une boucle sur chaque item pour suspendre<br \/>\nConserve sa belle apparence malgr\u00e9 les lavages<br \/>\nD\u00e9couvrez les items agenc\u00e9s de la m\u00eame collection<\/p>\n","protected":false},"excerpt":{"rendered":"<p>Ensemble compos\u00e9 d&rsquo;un sous plat de casserole et d&rsquo;une mitaine de four avec motif de roulottes de camping. Parfait pour les adeptes de camping et de VR. Fabriqu\u00e9s \u00e0 partir de mat\u00e9riaux de haute qualit\u00e9. Couleurs vivantes et motif de roulottes s&rsquo;harmonisant \u00e0 merveille \u00e0 tout d\u00e9cor de roulottes.<\/p>\n","protected":false},"featured_media":2569,"comment_status":"open","ping_status":"closed","template":"","meta":[],"product_cat":[48],"product_tag":[47],"yoast_head":"<!-- This site is optimized with the Yoast SEO plugin v19.3 - https:\/\/yoast.com\/wordpress\/plugins\/seo\/ -->\n<title>Ensemble de mitaine de four et sous plat de camping - Boutique en ligne de Roulottes Gagnon<\/title>\n<meta name=\"description\" content=\"Sous plat de casserole et mitaine de four avec motif de roulottes de camping. Parfait pour les adeptes de camping et de VR.\" \/>\n<meta name=\"robots\" content=\"index, follow, max-snippet:-1, max-image-preview:large, max-video-preview:-1\" \/>\n<link rel=\"canonical\" href=\"https:\/\/roulottesgagnon.com\/boutique\/produit\/mitaine-de-four-de-camping\/\" \/>\n<meta property=\"og:locale\" content=\"fr_CA\" \/>\n<meta property=\"og:type\" content=\"article\" \/>\n<meta property=\"og:title\" content=\"Ensemble de mitaine de four et sous plat de camping - Boutique en ligne de Roulottes Gagnon\" \/>\n<meta property=\"og:description\" content=\"Sous plat de casserole et mitaine de four avec motif de roulottes de camping. Parfait pour les adeptes de camping et de VR.\" \/>\n<meta property=\"og:url\" content=\"https:\/\/roulottesgagnon.com\/boutique\/produit\/mitaine-de-four-de-camping\/\" \/>\n<meta property=\"og:site_name\" content=\"Boutique en ligne de Roulottes Gagnon\" \/>\n<meta property=\"article:publisher\" content=\"https:\/\/www.facebook.com\/RoulottesGagnon\" \/>\n<meta property=\"article:modified_time\" content=\"2025-05-16T12:15:07+00:00\" \/>\n<meta property=\"og:image\" content=\"https:\/\/roulottesgagnon.com\/boutique\/wp-content\/uploads\/2021\/06\/mitaine-de-four-camping.jpg\" \/>\n\t<meta property=\"og:image:width\" content=\"1000\" \/>\n\t<meta property=\"og:image:height\" content=\"1000\" \/>\n\t<meta property=\"og:image:type\" content=\"image\/jpeg\" \/>\n<meta name=\"twitter:card\" content=\"summary_large_image\" \/>\n<meta name=\"twitter:site\" content=\"@roulottesg\" \/>\n<meta name=\"twitter:label1\" content=\"Estimation du temps de lecture\" \/>\n\t<meta name=\"twitter:data1\" content=\"1 minute\" \/>\n<script type=\"application\/ld+json\" class=\"yoast-schema-graph\">{\"@context\":\"https:\/\/schema.org\",\"@graph\":[{\"@type\":\"WebSite\",\"@id\":\"https:\/\/roulottesgagnon.com\/boutique\/#website\",\"url\":\"https:\/\/roulottesgagnon.com\/boutique\/\",\"name\":\"Boutique en ligne de Roulottes Gagnon\",\"description\":\"Pi\u00e8ces et accessoires de roulottes\",\"potentialAction\":[{\"@type\":\"SearchAction\",\"target\":{\"@type\":\"EntryPoint\",\"urlTemplate\":\"https:\/\/roulottesgagnon.com\/boutique\/?s={search_term_string}\"},\"query-input\":\"required name=search_term_string\"}],\"inLanguage\":\"fr-CA\"},{\"@type\":\"ImageObject\",\"inLanguage\":\"fr-CA\",\"@id\":\"https:\/\/roulottesgagnon.com\/boutique\/produit\/mitaine-de-four-de-camping\/#primaryimage\",\"url\":\"https:\/\/roulottesgagnon.com\/boutique\/wp-content\/uploads\/2021\/06\/mitaine-de-four-camping.jpg\",\"contentUrl\":\"https:\/\/roulottesgagnon.com\/boutique\/wp-content\/uploads\/2021\/06\/mitaine-de-four-camping.jpg\",\"width\":1000,\"height\":1000,\"caption\":\"Mitaine de four pour camping\"},{\"@type\":\"WebPage\",\"@id\":\"https:\/\/roulottesgagnon.com\/boutique\/produit\/mitaine-de-four-de-camping\/\",\"url\":\"https:\/\/roulottesgagnon.com\/boutique\/produit\/mitaine-de-four-de-camping\/\",\"name\":\"Ensemble de mitaine de four et sous plat de camping - Boutique en ligne de Roulottes Gagnon\",\"isPartOf\":{\"@id\":\"https:\/\/roulottesgagnon.com\/boutique\/#website\"},\"primaryImageOfPage\":{\"@id\":\"https:\/\/roulottesgagnon.com\/boutique\/produit\/mitaine-de-four-de-camping\/#primaryimage\"},\"datePublished\":\"2021-06-04T16:08:04+00:00\",\"dateModified\":\"2025-05-16T12:15:07+00:00\",\"description\":\"Sous plat de casserole et mitaine de four avec motif de roulottes de camping. Parfait pour les adeptes de camping et de VR.\",\"breadcrumb\":{\"@id\":\"https:\/\/roulottesgagnon.com\/boutique\/produit\/mitaine-de-four-de-camping\/#breadcrumb\"},\"inLanguage\":\"fr-CA\",\"potentialAction\":[{\"@type\":\"ReadAction\",\"target\":[\"https:\/\/roulottesgagnon.com\/boutique\/produit\/mitaine-de-four-de-camping\/\"]}]},{\"@type\":\"BreadcrumbList\",\"@id\":\"https:\/\/roulottesgagnon.com\/boutique\/produit\/mitaine-de-four-de-camping\/#breadcrumb\",\"itemListElement\":[{\"@type\":\"ListItem\",\"position\":1,\"name\":\"Home\",\"item\":\"https:\/\/roulottesgagnon.com\/boutique\/\"},{\"@type\":\"ListItem\",\"position\":2,\"name\":\"Boutique en ligne\",\"item\":\"https:\/\/roulottesgagnon.com\/boutique\/\"},{\"@type\":\"ListItem\",\"position\":3,\"name\":\"Ensemble de mitaine de four et sous plat de camping\"}]}]}<\/script>\n<!-- \/ Yoast SEO plugin. -->","yoast_head_json":{"title":"Ensemble de mitaine de four et sous plat de camping - Boutique en ligne de Roulottes Gagnon","description":"Sous plat de casserole et mitaine de four avec motif de roulottes de camping. Parfait pour les adeptes de camping et de VR.","robots":{"index":"index","follow":"follow","max-snippet":"max-snippet:-1","max-image-preview":"max-image-preview:large","max-video-preview":"max-video-preview:-1"},"canonical":"https:\/\/roulottesgagnon.com\/boutique\/produit\/mitaine-de-four-de-camping\/","og_locale":"fr_CA","og_type":"article","og_title":"Ensemble de mitaine de four et sous plat de camping - Boutique en ligne de Roulottes Gagnon","og_description":"Sous plat de casserole et mitaine de four avec motif de roulottes de camping. Parfait pour les adeptes de camping et de VR.","og_url":"https:\/\/roulottesgagnon.com\/boutique\/produit\/mitaine-de-four-de-camping\/","og_site_name":"Boutique en ligne de Roulottes Gagnon","article_publisher":"https:\/\/www.facebook.com\/RoulottesGagnon","article_modified_time":"2025-05-16T12:15:07+00:00","og_image":[{"width":1000,"height":1000,"url":"https:\/\/roulottesgagnon.com\/boutique\/wp-content\/uploads\/2021\/06\/mitaine-de-four-camping.jpg","type":"image\/jpeg"}],"twitter_card":"summary_large_image","twitter_site":"@roulottesg","twitter_misc":{"Estimation du temps de lecture":"1 minute"},"schema":{"@context":"https:\/\/schema.org","@graph":[{"@type":"WebSite","@id":"https:\/\/roulottesgagnon.com\/boutique\/#website","url":"https:\/\/roulottesgagnon.com\/boutique\/","name":"Boutique en ligne de Roulottes Gagnon","description":"Pi\u00e8ces et accessoires de roulottes","potentialAction":[{"@type":"SearchAction","target":{"@type":"EntryPoint","urlTemplate":"https:\/\/roulottesgagnon.com\/boutique\/?s={search_term_string}"},"query-input":"required name=search_term_string"}],"inLanguage":"fr-CA"},{"@type":"ImageObject","inLanguage":"fr-CA","@id":"https:\/\/roulottesgagnon.com\/boutique\/produit\/mitaine-de-four-de-camping\/#primaryimage","url":"https:\/\/roulottesgagnon.com\/boutique\/wp-content\/uploads\/2021\/06\/mitaine-de-four-camping.jpg","contentUrl":"https:\/\/roulottesgagnon.com\/boutique\/wp-content\/uploads\/2021\/06\/mitaine-de-four-camping.jpg","width":1000,"height":1000,"caption":"Mitaine de four pour camping"},{"@type":"WebPage","@id":"https:\/\/roulottesgagnon.com\/boutique\/produit\/mitaine-de-four-de-camping\/","url":"https:\/\/roulottesgagnon.com\/boutique\/produit\/mitaine-de-four-de-camping\/","name":"Ensemble de mitaine de four et sous plat de camping - Boutique en ligne de Roulottes Gagnon","isPartOf":{"@id":"https:\/\/roulottesgagnon.com\/boutique\/#website"},"primaryImageOfPage":{"@id":"https:\/\/roulottesgagnon.com\/boutique\/produit\/mitaine-de-four-de-camping\/#primaryimage"},"datePublished":"2021-06-04T16:08:04+00:00","dateModified":"2025-05-16T12:15:07+00:00","description":"Sous plat de casserole et mitaine de four avec motif de roulottes de camping. Parfait pour les adeptes de camping et de VR.","breadcrumb":{"@id":"https:\/\/roulottesgagnon.com\/boutique\/produit\/mitaine-de-four-de-camping\/#breadcrumb"},"inLanguage":"fr-CA","potentialAction":[{"@type":"ReadAction","target":["https:\/\/roulottesgagnon.com\/boutique\/produit\/mitaine-de-four-de-camping\/"]}]},{"@type":"BreadcrumbList","@id":"https:\/\/roulottesgagnon.com\/boutique\/produit\/mitaine-de-four-de-camping\/#breadcrumb","itemListElement":[{"@type":"ListItem","position":1,"name":"Home","item":"https:\/\/roulottesgagnon.com\/boutique\/"},{"@type":"ListItem","position":2,"name":"Boutique en ligne","item":"https:\/\/roulottesgagnon.com\/boutique\/"},{"@type":"ListItem","position":3,"name":"Ensemble de mitaine de four et sous plat de camping"}]}]}},"_links":{"self":[{"href":"https:\/\/roulottesgagnon.com\/boutique\/wp-json\/wp\/v2\/product\/2566"}],"collection":[{"href":"https:\/\/roulottesgagnon.com\/boutique\/wp-json\/wp\/v2\/product"}],"about":[{"href":"https:\/\/roulottesgagnon.com\/boutique\/wp-json\/wp\/v2\/types\/product"}],"replies":[{"embeddable":true,"href":"https:\/\/roulottesgagnon.com\/boutique\/wp-json\/wp\/v2\/comments?post=2566"}],"wp:featuredmedia":[{"embeddable":true,"href":"https:\/\/roulottesgagnon.com\/boutique\/wp-json\/wp\/v2\/media\/2569"}],"wp:attachment":[{"href":"https:\/\/roulottesgagnon.com\/boutique\/wp-json\/wp\/v2\/media?parent=2566"}],"wp:term":[{"taxonomy":"product_cat","embeddable":true,"href":"https:\/\/roulottesgagnon.com\/boutique\/wp-json\/wp\/v2\/product_cat?post=2566"},{"taxonomy":"product_tag","embeddable":true,"href":"https:\/\/roulottesgagnon.com\/boutique\/wp-json\/wp\/v2\/product_tag?post=2566"}],"curies":[{"name":"wp","href":"https:\/\/api.w.org\/{rel}","templated":true}]}}