{"id":2563,"date":"2021-06-04T15:55:49","date_gmt":"2021-06-04T15:55:49","guid":{"rendered":"https:\/\/roulottesgagnon.com\/boutique\/?post_type=product&#038;p=2563"},"modified":"2025-05-16T12:15:02","modified_gmt":"2025-05-16T12:15:02","slug":"linges-a-vaisselle-de-camping","status":"publish","type":"product","link":"https:\/\/roulottesgagnon.com\/boutique\/produit\/linges-a-vaisselle-de-camping\/","title":{"rendered":"Ensemble de 2 linges \u00e0 vaisselle de camping"},"content":{"rendered":"<p>Linges \u00e0 vaisselle de camping absorbants d\u00e9cor\u00e9s d&rsquo;un motif de roulottes. Parfait pour les amateurs de camping et de roulottes.<\/p>\n<p>Les Campeuses en Cavale<br \/>\nCollection &laquo; \u00c9t\u00e9 des boh\u00e8mes &raquo;<br \/>\n100% coton tr\u00e8s absorbant<br \/>\nLavable en machine<br \/>\n50 cm x 70 cm pour plus de surface de s\u00e9chage<br \/>\nComprend 2 torchons<\/p>\n","protected":false},"excerpt":{"rendered":"<p>Linges \u00e0 vaisselle de camping absorbants d\u00e9cor\u00e9s d&rsquo;un motif de roulottes. Parfait pour les amateurs de camping et de roulottes.<\/p>\n","protected":false},"featured_media":2565,"comment_status":"open","ping_status":"closed","template":"","meta":[],"product_cat":[48],"product_tag":[47],"yoast_head":"<!-- This site is optimized with the Yoast SEO plugin v19.3 - https:\/\/yoast.com\/wordpress\/plugins\/seo\/ -->\n<title>Ensemble de 2 linges \u00e0 vaisselle de camping - Boutique en ligne de Roulottes Gagnon<\/title>\n<meta name=\"description\" content=\"Linges \u00e0 vaisselle de camping absorbants d\u00e9cor\u00e9s d&#039;un motif de roulottes. Parfait pour les amateurs de camping et de roulottes.\" \/>\n<meta name=\"robots\" content=\"index, follow, max-snippet:-1, max-image-preview:large, max-video-preview:-1\" \/>\n<link rel=\"canonical\" href=\"https:\/\/roulottesgagnon.com\/boutique\/produit\/linges-a-vaisselle-de-camping\/\" \/>\n<meta property=\"og:locale\" content=\"fr_CA\" \/>\n<meta property=\"og:type\" content=\"article\" \/>\n<meta property=\"og:title\" content=\"Ensemble de 2 linges \u00e0 vaisselle de camping - Boutique en ligne de Roulottes Gagnon\" \/>\n<meta property=\"og:description\" content=\"Linges \u00e0 vaisselle de camping absorbants d\u00e9cor\u00e9s d&#039;un motif de roulottes. Parfait pour les amateurs de camping et de roulottes.\" \/>\n<meta property=\"og:url\" content=\"https:\/\/roulottesgagnon.com\/boutique\/produit\/linges-a-vaisselle-de-camping\/\" \/>\n<meta property=\"og:site_name\" content=\"Boutique en ligne de Roulottes Gagnon\" \/>\n<meta property=\"article:publisher\" content=\"https:\/\/www.facebook.com\/RoulottesGagnon\" \/>\n<meta property=\"article:modified_time\" content=\"2025-05-16T12:15:02+00:00\" \/>\n<meta property=\"og:image\" content=\"https:\/\/roulottesgagnon.com\/boutique\/wp-content\/uploads\/2021\/06\/linge-vaisselle-camping.jpg\" \/>\n\t<meta property=\"og:image:width\" content=\"1000\" \/>\n\t<meta property=\"og:image:height\" content=\"1000\" \/>\n\t<meta property=\"og:image:type\" content=\"image\/jpeg\" \/>\n<meta name=\"twitter:card\" content=\"summary_large_image\" \/>\n<meta name=\"twitter:site\" content=\"@roulottesg\" \/>\n<script type=\"application\/ld+json\" class=\"yoast-schema-graph\">{\"@context\":\"https:\/\/schema.org\",\"@graph\":[{\"@type\":\"WebSite\",\"@id\":\"https:\/\/roulottesgagnon.com\/boutique\/#website\",\"url\":\"https:\/\/roulottesgagnon.com\/boutique\/\",\"name\":\"Boutique en ligne de Roulottes Gagnon\",\"description\":\"Pi\u00e8ces et accessoires de roulottes\",\"potentialAction\":[{\"@type\":\"SearchAction\",\"target\":{\"@type\":\"EntryPoint\",\"urlTemplate\":\"https:\/\/roulottesgagnon.com\/boutique\/?s={search_term_string}\"},\"query-input\":\"required name=search_term_string\"}],\"inLanguage\":\"fr-CA\"},{\"@type\":\"ImageObject\",\"inLanguage\":\"fr-CA\",\"@id\":\"https:\/\/roulottesgagnon.com\/boutique\/produit\/linges-a-vaisselle-de-camping\/#primaryimage\",\"url\":\"https:\/\/roulottesgagnon.com\/boutique\/wp-content\/uploads\/2021\/06\/linge-vaisselle-camping.jpg\",\"contentUrl\":\"https:\/\/roulottesgagnon.com\/boutique\/wp-content\/uploads\/2021\/06\/linge-vaisselle-camping.jpg\",\"width\":1000,\"height\":1000,\"caption\":\"linges \u00e0 vaisselles de camping\"},{\"@type\":\"WebPage\",\"@id\":\"https:\/\/roulottesgagnon.com\/boutique\/produit\/linges-a-vaisselle-de-camping\/\",\"url\":\"https:\/\/roulottesgagnon.com\/boutique\/produit\/linges-a-vaisselle-de-camping\/\",\"name\":\"Ensemble de 2 linges \u00e0 vaisselle de camping - Boutique en ligne de Roulottes Gagnon\",\"isPartOf\":{\"@id\":\"https:\/\/roulottesgagnon.com\/boutique\/#website\"},\"primaryImageOfPage\":{\"@id\":\"https:\/\/roulottesgagnon.com\/boutique\/produit\/linges-a-vaisselle-de-camping\/#primaryimage\"},\"datePublished\":\"2021-06-04T15:55:49+00:00\",\"dateModified\":\"2025-05-16T12:15:02+00:00\",\"description\":\"Linges \u00e0 vaisselle de camping absorbants d\u00e9cor\u00e9s d'un motif de roulottes. Parfait pour les amateurs de camping et de roulottes.\",\"breadcrumb\":{\"@id\":\"https:\/\/roulottesgagnon.com\/boutique\/produit\/linges-a-vaisselle-de-camping\/#breadcrumb\"},\"inLanguage\":\"fr-CA\",\"potentialAction\":[{\"@type\":\"ReadAction\",\"target\":[\"https:\/\/roulottesgagnon.com\/boutique\/produit\/linges-a-vaisselle-de-camping\/\"]}]},{\"@type\":\"BreadcrumbList\",\"@id\":\"https:\/\/roulottesgagnon.com\/boutique\/produit\/linges-a-vaisselle-de-camping\/#breadcrumb\",\"itemListElement\":[{\"@type\":\"ListItem\",\"position\":1,\"name\":\"Home\",\"item\":\"https:\/\/roulottesgagnon.com\/boutique\/\"},{\"@type\":\"ListItem\",\"position\":2,\"name\":\"Boutique en ligne\",\"item\":\"https:\/\/roulottesgagnon.com\/boutique\/\"},{\"@type\":\"ListItem\",\"position\":3,\"name\":\"Ensemble de 2 linges \u00e0 vaisselle de camping\"}]}]}<\/script>\n<!-- \/ Yoast SEO plugin. -->","yoast_head_json":{"title":"Ensemble de 2 linges \u00e0 vaisselle de camping - Boutique en ligne de Roulottes Gagnon","description":"Linges \u00e0 vaisselle de camping absorbants d\u00e9cor\u00e9s d'un motif de roulottes. Parfait pour les amateurs de camping et de roulottes.","robots":{"index":"index","follow":"follow","max-snippet":"max-snippet:-1","max-image-preview":"max-image-preview:large","max-video-preview":"max-video-preview:-1"},"canonical":"https:\/\/roulottesgagnon.com\/boutique\/produit\/linges-a-vaisselle-de-camping\/","og_locale":"fr_CA","og_type":"article","og_title":"Ensemble de 2 linges \u00e0 vaisselle de camping - Boutique en ligne de Roulottes Gagnon","og_description":"Linges \u00e0 vaisselle de camping absorbants d\u00e9cor\u00e9s d'un motif de roulottes. Parfait pour les amateurs de camping et de roulottes.","og_url":"https:\/\/roulottesgagnon.com\/boutique\/produit\/linges-a-vaisselle-de-camping\/","og_site_name":"Boutique en ligne de Roulottes Gagnon","article_publisher":"https:\/\/www.facebook.com\/RoulottesGagnon","article_modified_time":"2025-05-16T12:15:02+00:00","og_image":[{"width":1000,"height":1000,"url":"https:\/\/roulottesgagnon.com\/boutique\/wp-content\/uploads\/2021\/06\/linge-vaisselle-camping.jpg","type":"image\/jpeg"}],"twitter_card":"summary_large_image","twitter_site":"@roulottesg","schema":{"@context":"https:\/\/schema.org","@graph":[{"@type":"WebSite","@id":"https:\/\/roulottesgagnon.com\/boutique\/#website","url":"https:\/\/roulottesgagnon.com\/boutique\/","name":"Boutique en ligne de Roulottes Gagnon","description":"Pi\u00e8ces et accessoires de roulottes","potentialAction":[{"@type":"SearchAction","target":{"@type":"EntryPoint","urlTemplate":"https:\/\/roulottesgagnon.com\/boutique\/?s={search_term_string}"},"query-input":"required name=search_term_string"}],"inLanguage":"fr-CA"},{"@type":"ImageObject","inLanguage":"fr-CA","@id":"https:\/\/roulottesgagnon.com\/boutique\/produit\/linges-a-vaisselle-de-camping\/#primaryimage","url":"https:\/\/roulottesgagnon.com\/boutique\/wp-content\/uploads\/2021\/06\/linge-vaisselle-camping.jpg","contentUrl":"https:\/\/roulottesgagnon.com\/boutique\/wp-content\/uploads\/2021\/06\/linge-vaisselle-camping.jpg","width":1000,"height":1000,"caption":"linges \u00e0 vaisselles de camping"},{"@type":"WebPage","@id":"https:\/\/roulottesgagnon.com\/boutique\/produit\/linges-a-vaisselle-de-camping\/","url":"https:\/\/roulottesgagnon.com\/boutique\/produit\/linges-a-vaisselle-de-camping\/","name":"Ensemble de 2 linges \u00e0 vaisselle de camping - Boutique en ligne de Roulottes Gagnon","isPartOf":{"@id":"https:\/\/roulottesgagnon.com\/boutique\/#website"},"primaryImageOfPage":{"@id":"https:\/\/roulottesgagnon.com\/boutique\/produit\/linges-a-vaisselle-de-camping\/#primaryimage"},"datePublished":"2021-06-04T15:55:49+00:00","dateModified":"2025-05-16T12:15:02+00:00","description":"Linges \u00e0 vaisselle de camping absorbants d\u00e9cor\u00e9s d'un motif de roulottes. Parfait pour les amateurs de camping et de roulottes.","breadcrumb":{"@id":"https:\/\/roulottesgagnon.com\/boutique\/produit\/linges-a-vaisselle-de-camping\/#breadcrumb"},"inLanguage":"fr-CA","potentialAction":[{"@type":"ReadAction","target":["https:\/\/roulottesgagnon.com\/boutique\/produit\/linges-a-vaisselle-de-camping\/"]}]},{"@type":"BreadcrumbList","@id":"https:\/\/roulottesgagnon.com\/boutique\/produit\/linges-a-vaisselle-de-camping\/#breadcrumb","itemListElement":[{"@type":"ListItem","position":1,"name":"Home","item":"https:\/\/roulottesgagnon.com\/boutique\/"},{"@type":"ListItem","position":2,"name":"Boutique en ligne","item":"https:\/\/roulottesgagnon.com\/boutique\/"},{"@type":"ListItem","position":3,"name":"Ensemble de 2 linges \u00e0 vaisselle de camping"}]}]}},"_links":{"self":[{"href":"https:\/\/roulottesgagnon.com\/boutique\/wp-json\/wp\/v2\/product\/2563"}],"collection":[{"href":"https:\/\/roulottesgagnon.com\/boutique\/wp-json\/wp\/v2\/product"}],"about":[{"href":"https:\/\/roulottesgagnon.com\/boutique\/wp-json\/wp\/v2\/types\/product"}],"replies":[{"embeddable":true,"href":"https:\/\/roulottesgagnon.com\/boutique\/wp-json\/wp\/v2\/comments?post=2563"}],"wp:featuredmedia":[{"embeddable":true,"href":"https:\/\/roulottesgagnon.com\/boutique\/wp-json\/wp\/v2\/media\/2565"}],"wp:attachment":[{"href":"https:\/\/roulottesgagnon.com\/boutique\/wp-json\/wp\/v2\/media?parent=2563"}],"wp:term":[{"taxonomy":"product_cat","embeddable":true,"href":"https:\/\/roulottesgagnon.com\/boutique\/wp-json\/wp\/v2\/product_cat?post=2563"},{"taxonomy":"product_tag","embeddable":true,"href":"https:\/\/roulottesgagnon.com\/boutique\/wp-json\/wp\/v2\/product_tag?post=2563"}],"curies":[{"name":"wp","href":"https:\/\/api.w.org\/{rel}","templated":true}]}}