{"id":2555,"date":"2021-06-04T14:59:59","date_gmt":"2021-06-04T14:59:59","guid":{"rendered":"https:\/\/roulottesgagnon.com\/boutique\/?post_type=product&#038;p=2555"},"modified":"2025-05-16T12:14:23","modified_gmt":"2025-05-16T12:14:23","slug":"rideau-de-douche-de-roulotte","status":"publish","type":"product","link":"https:\/\/roulottesgagnon.com\/boutique\/produit\/rideau-de-douche-de-roulotte\/","title":{"rendered":"Rideau de douche avec motif de roulottes"},"content":{"rendered":"<p>Joli rideau de douche avec motif de roulottes vintages pour votre v\u00e9hicule r\u00e9cr\u00e9atif ou pour la maison. Se marie parfaitement \u00e0 plusieurs types de d\u00e9cors de salle de bain . Parfait pour enjoliver votre roulotte!<br \/>\nTissu imperm\u00e9able r\u00e9sistant et anti-moisissures<br \/>\nEntretien facile, lavable \u00e0 la machine<br \/>\nSuspension \u00e0 oeillets de m\u00e9tal antirouille<br \/>\nInclut les anneaux de plastique<br \/>\n180 x 180 cm (71 x 71 po)<\/p>\n","protected":false},"excerpt":{"rendered":"<p>Joli rideau de douche avec motif de roulottes vintages pour votre v\u00e9hicule r\u00e9cr\u00e9atif ou pour la maison. Se marie parfaitement \u00e0 plusieurs types de d\u00e9cors de salle de bain . Parfait pour enjoliver votre roulotte!<\/p>\n","protected":false},"featured_media":2556,"comment_status":"open","ping_status":"closed","template":"","meta":[],"product_cat":[48],"product_tag":[47],"yoast_head":"<!-- This site is optimized with the Yoast SEO plugin v19.3 - https:\/\/yoast.com\/wordpress\/plugins\/seo\/ -->\n<title>Rideau de douche avec motif de roulottes - Boutique en ligne de Roulottes Gagnon<\/title>\n<meta name=\"description\" content=\"Rideau de douche avec motif de roulottes vintages pour votre VR ou pour la maison. Rideau de douche de roulottes imperm\u00e9able.\" \/>\n<meta name=\"robots\" content=\"index, follow, max-snippet:-1, max-image-preview:large, max-video-preview:-1\" \/>\n<link rel=\"canonical\" href=\"https:\/\/roulottesgagnon.com\/boutique\/produit\/rideau-de-douche-de-roulotte\/\" \/>\n<meta property=\"og:locale\" content=\"fr_CA\" \/>\n<meta property=\"og:type\" content=\"article\" \/>\n<meta property=\"og:title\" content=\"Rideau de douche avec motif de roulottes - Boutique en ligne de Roulottes Gagnon\" \/>\n<meta property=\"og:description\" content=\"Rideau de douche avec motif de roulottes vintages pour votre VR ou pour la maison. Rideau de douche de roulottes imperm\u00e9able.\" \/>\n<meta property=\"og:url\" content=\"https:\/\/roulottesgagnon.com\/boutique\/produit\/rideau-de-douche-de-roulotte\/\" \/>\n<meta property=\"og:site_name\" content=\"Boutique en ligne de Roulottes Gagnon\" \/>\n<meta property=\"article:publisher\" content=\"https:\/\/www.facebook.com\/RoulottesGagnon\" \/>\n<meta property=\"article:modified_time\" content=\"2025-05-16T12:14:23+00:00\" \/>\n<meta property=\"og:image\" content=\"https:\/\/roulottesgagnon.com\/boutique\/wp-content\/uploads\/2021\/06\/rideau-douche-motif-roulottes.jpg\" \/>\n\t<meta property=\"og:image:width\" content=\"2000\" \/>\n\t<meta property=\"og:image:height\" content=\"2000\" \/>\n\t<meta property=\"og:image:type\" content=\"image\/jpeg\" \/>\n<meta name=\"twitter:card\" content=\"summary_large_image\" \/>\n<meta name=\"twitter:site\" content=\"@roulottesg\" \/>\n<script type=\"application\/ld+json\" class=\"yoast-schema-graph\">{\"@context\":\"https:\/\/schema.org\",\"@graph\":[{\"@type\":\"WebSite\",\"@id\":\"https:\/\/roulottesgagnon.com\/boutique\/#website\",\"url\":\"https:\/\/roulottesgagnon.com\/boutique\/\",\"name\":\"Boutique en ligne de Roulottes Gagnon\",\"description\":\"Pi\u00e8ces et accessoires de roulottes\",\"potentialAction\":[{\"@type\":\"SearchAction\",\"target\":{\"@type\":\"EntryPoint\",\"urlTemplate\":\"https:\/\/roulottesgagnon.com\/boutique\/?s={search_term_string}\"},\"query-input\":\"required name=search_term_string\"}],\"inLanguage\":\"fr-CA\"},{\"@type\":\"ImageObject\",\"inLanguage\":\"fr-CA\",\"@id\":\"https:\/\/roulottesgagnon.com\/boutique\/produit\/rideau-de-douche-de-roulotte\/#primaryimage\",\"url\":\"https:\/\/roulottesgagnon.com\/boutique\/wp-content\/uploads\/2021\/06\/rideau-douche-motif-roulottes.jpg\",\"contentUrl\":\"https:\/\/roulottesgagnon.com\/boutique\/wp-content\/uploads\/2021\/06\/rideau-douche-motif-roulottes.jpg\",\"width\":2000,\"height\":2000,\"caption\":\"Rideau de douche avec motif de roulottes\"},{\"@type\":\"WebPage\",\"@id\":\"https:\/\/roulottesgagnon.com\/boutique\/produit\/rideau-de-douche-de-roulotte\/\",\"url\":\"https:\/\/roulottesgagnon.com\/boutique\/produit\/rideau-de-douche-de-roulotte\/\",\"name\":\"Rideau de douche avec motif de roulottes - Boutique en ligne de Roulottes Gagnon\",\"isPartOf\":{\"@id\":\"https:\/\/roulottesgagnon.com\/boutique\/#website\"},\"primaryImageOfPage\":{\"@id\":\"https:\/\/roulottesgagnon.com\/boutique\/produit\/rideau-de-douche-de-roulotte\/#primaryimage\"},\"datePublished\":\"2021-06-04T14:59:59+00:00\",\"dateModified\":\"2025-05-16T12:14:23+00:00\",\"description\":\"Rideau de douche avec motif de roulottes vintages pour votre VR ou pour la maison. Rideau de douche de roulottes imperm\u00e9able.\",\"breadcrumb\":{\"@id\":\"https:\/\/roulottesgagnon.com\/boutique\/produit\/rideau-de-douche-de-roulotte\/#breadcrumb\"},\"inLanguage\":\"fr-CA\",\"potentialAction\":[{\"@type\":\"ReadAction\",\"target\":[\"https:\/\/roulottesgagnon.com\/boutique\/produit\/rideau-de-douche-de-roulotte\/\"]}]},{\"@type\":\"BreadcrumbList\",\"@id\":\"https:\/\/roulottesgagnon.com\/boutique\/produit\/rideau-de-douche-de-roulotte\/#breadcrumb\",\"itemListElement\":[{\"@type\":\"ListItem\",\"position\":1,\"name\":\"Home\",\"item\":\"https:\/\/roulottesgagnon.com\/boutique\/\"},{\"@type\":\"ListItem\",\"position\":2,\"name\":\"Boutique en ligne\",\"item\":\"https:\/\/roulottesgagnon.com\/boutique\/\"},{\"@type\":\"ListItem\",\"position\":3,\"name\":\"Rideau de douche avec motif de roulottes\"}]}]}<\/script>\n<!-- \/ Yoast SEO plugin. -->","yoast_head_json":{"title":"Rideau de douche avec motif de roulottes - Boutique en ligne de Roulottes Gagnon","description":"Rideau de douche avec motif de roulottes vintages pour votre VR ou pour la maison. Rideau de douche de roulottes imperm\u00e9able.","robots":{"index":"index","follow":"follow","max-snippet":"max-snippet:-1","max-image-preview":"max-image-preview:large","max-video-preview":"max-video-preview:-1"},"canonical":"https:\/\/roulottesgagnon.com\/boutique\/produit\/rideau-de-douche-de-roulotte\/","og_locale":"fr_CA","og_type":"article","og_title":"Rideau de douche avec motif de roulottes - Boutique en ligne de Roulottes Gagnon","og_description":"Rideau de douche avec motif de roulottes vintages pour votre VR ou pour la maison. Rideau de douche de roulottes imperm\u00e9able.","og_url":"https:\/\/roulottesgagnon.com\/boutique\/produit\/rideau-de-douche-de-roulotte\/","og_site_name":"Boutique en ligne de Roulottes Gagnon","article_publisher":"https:\/\/www.facebook.com\/RoulottesGagnon","article_modified_time":"2025-05-16T12:14:23+00:00","og_image":[{"width":2000,"height":2000,"url":"https:\/\/roulottesgagnon.com\/boutique\/wp-content\/uploads\/2021\/06\/rideau-douche-motif-roulottes.jpg","type":"image\/jpeg"}],"twitter_card":"summary_large_image","twitter_site":"@roulottesg","schema":{"@context":"https:\/\/schema.org","@graph":[{"@type":"WebSite","@id":"https:\/\/roulottesgagnon.com\/boutique\/#website","url":"https:\/\/roulottesgagnon.com\/boutique\/","name":"Boutique en ligne de Roulottes Gagnon","description":"Pi\u00e8ces et accessoires de roulottes","potentialAction":[{"@type":"SearchAction","target":{"@type":"EntryPoint","urlTemplate":"https:\/\/roulottesgagnon.com\/boutique\/?s={search_term_string}"},"query-input":"required name=search_term_string"}],"inLanguage":"fr-CA"},{"@type":"ImageObject","inLanguage":"fr-CA","@id":"https:\/\/roulottesgagnon.com\/boutique\/produit\/rideau-de-douche-de-roulotte\/#primaryimage","url":"https:\/\/roulottesgagnon.com\/boutique\/wp-content\/uploads\/2021\/06\/rideau-douche-motif-roulottes.jpg","contentUrl":"https:\/\/roulottesgagnon.com\/boutique\/wp-content\/uploads\/2021\/06\/rideau-douche-motif-roulottes.jpg","width":2000,"height":2000,"caption":"Rideau de douche avec motif de roulottes"},{"@type":"WebPage","@id":"https:\/\/roulottesgagnon.com\/boutique\/produit\/rideau-de-douche-de-roulotte\/","url":"https:\/\/roulottesgagnon.com\/boutique\/produit\/rideau-de-douche-de-roulotte\/","name":"Rideau de douche avec motif de roulottes - Boutique en ligne de Roulottes Gagnon","isPartOf":{"@id":"https:\/\/roulottesgagnon.com\/boutique\/#website"},"primaryImageOfPage":{"@id":"https:\/\/roulottesgagnon.com\/boutique\/produit\/rideau-de-douche-de-roulotte\/#primaryimage"},"datePublished":"2021-06-04T14:59:59+00:00","dateModified":"2025-05-16T12:14:23+00:00","description":"Rideau de douche avec motif de roulottes vintages pour votre VR ou pour la maison. Rideau de douche de roulottes imperm\u00e9able.","breadcrumb":{"@id":"https:\/\/roulottesgagnon.com\/boutique\/produit\/rideau-de-douche-de-roulotte\/#breadcrumb"},"inLanguage":"fr-CA","potentialAction":[{"@type":"ReadAction","target":["https:\/\/roulottesgagnon.com\/boutique\/produit\/rideau-de-douche-de-roulotte\/"]}]},{"@type":"BreadcrumbList","@id":"https:\/\/roulottesgagnon.com\/boutique\/produit\/rideau-de-douche-de-roulotte\/#breadcrumb","itemListElement":[{"@type":"ListItem","position":1,"name":"Home","item":"https:\/\/roulottesgagnon.com\/boutique\/"},{"@type":"ListItem","position":2,"name":"Boutique en ligne","item":"https:\/\/roulottesgagnon.com\/boutique\/"},{"@type":"ListItem","position":3,"name":"Rideau de douche avec motif de roulottes"}]}]}},"_links":{"self":[{"href":"https:\/\/roulottesgagnon.com\/boutique\/wp-json\/wp\/v2\/product\/2555"}],"collection":[{"href":"https:\/\/roulottesgagnon.com\/boutique\/wp-json\/wp\/v2\/product"}],"about":[{"href":"https:\/\/roulottesgagnon.com\/boutique\/wp-json\/wp\/v2\/types\/product"}],"replies":[{"embeddable":true,"href":"https:\/\/roulottesgagnon.com\/boutique\/wp-json\/wp\/v2\/comments?post=2555"}],"wp:featuredmedia":[{"embeddable":true,"href":"https:\/\/roulottesgagnon.com\/boutique\/wp-json\/wp\/v2\/media\/2556"}],"wp:attachment":[{"href":"https:\/\/roulottesgagnon.com\/boutique\/wp-json\/wp\/v2\/media?parent=2555"}],"wp:term":[{"taxonomy":"product_cat","embeddable":true,"href":"https:\/\/roulottesgagnon.com\/boutique\/wp-json\/wp\/v2\/product_cat?post=2555"},{"taxonomy":"product_tag","embeddable":true,"href":"https:\/\/roulottesgagnon.com\/boutique\/wp-json\/wp\/v2\/product_tag?post=2555"}],"curies":[{"name":"wp","href":"https:\/\/api.w.org\/{rel}","templated":true}]}}