{"id":2263,"date":"2020-06-23T17:49:49","date_gmt":"2020-06-23T17:49:49","guid":{"rendered":"https:\/\/roulottesgagnon.com\/boutique\/produit\/fermeture-de-porte-a-bagages\/"},"modified":"2025-10-10T14:26:26","modified_gmt":"2025-10-10T14:26:26","slug":"fermoirs-de-porte-a-bagages","status":"publish","type":"product","link":"https:\/\/roulottesgagnon.com\/boutique\/produit\/fermoirs-de-porte-a-bagages\/","title":{"rendered":"Fermoirs de porte a bagages Jr Product"},"content":{"rendered":"<p>Les fermoirs de porte \u00e0 bagages serve a tenir les porte de compartiment de votre roulotte ouverte, les fermoirs de porte \u00e0 bagages JR Product poss\u00e8dent un robuste m\u00e9canisme \u00e0 ressort. Vendu en paquet de 2 avec vis. Les fermoirs de porte bagage Jr Product peuvent \u00eatre installer au dessus ou sur les cot\u00e9s de la porte du compartiment de rangement.<\/p>\n","protected":false},"excerpt":{"rendered":"<p>Fermeture de porte \u00e0 bagages<\/p>\n","protected":false},"featured_media":2130,"comment_status":"open","ping_status":"closed","template":"","meta":[],"product_cat":[26],"product_tag":[],"yoast_head":"<!-- This site is optimized with the Yoast SEO plugin v19.3 - https:\/\/yoast.com\/wordpress\/plugins\/seo\/ -->\n<title>Fermoirs de porte a bagages Jr Product - Boutique en ligne de Roulottes Gagnon<\/title>\n<meta name=\"description\" content=\"Les fermoirs de porte \u00e0 bagages servent \u00e0 tenir les porte de compartiment de votre roulotte ouverte. Fermoirs de porte \u00e0 bagages JR Product.\" \/>\n<meta name=\"robots\" content=\"index, follow, max-snippet:-1, max-image-preview:large, max-video-preview:-1\" \/>\n<link rel=\"canonical\" href=\"https:\/\/roulottesgagnon.com\/boutique\/produit\/fermoirs-de-porte-a-bagages\/\" \/>\n<meta property=\"og:locale\" content=\"fr_CA\" \/>\n<meta property=\"og:type\" content=\"article\" \/>\n<meta property=\"og:title\" content=\"Fermoirs de porte a bagages Jr Product - Boutique en ligne de Roulottes Gagnon\" \/>\n<meta property=\"og:description\" content=\"Les fermoirs de porte \u00e0 bagages servent \u00e0 tenir les porte de compartiment de votre roulotte ouverte. Fermoirs de porte \u00e0 bagages JR Product.\" \/>\n<meta property=\"og:url\" content=\"https:\/\/roulottesgagnon.com\/boutique\/produit\/fermoirs-de-porte-a-bagages\/\" \/>\n<meta property=\"og:site_name\" content=\"Boutique en ligne de Roulottes Gagnon\" \/>\n<meta property=\"article:publisher\" content=\"https:\/\/www.facebook.com\/RoulottesGagnon\" \/>\n<meta property=\"article:modified_time\" content=\"2025-10-10T14:26:26+00:00\" \/>\n<meta property=\"og:image\" content=\"https:\/\/roulottesgagnon.com\/boutique\/wp-content\/uploads\/2020\/06\/fermeture-porte-bagage-noir.jpg\" \/>\n\t<meta property=\"og:image:width\" content=\"1024\" \/>\n\t<meta property=\"og:image:height\" content=\"1024\" \/>\n\t<meta property=\"og:image:type\" content=\"image\/jpeg\" \/>\n<meta name=\"twitter:card\" content=\"summary_large_image\" \/>\n<meta name=\"twitter:site\" content=\"@roulottesg\" \/>\n<meta name=\"twitter:label1\" content=\"Estimation du temps de lecture\" \/>\n\t<meta name=\"twitter:data1\" content=\"1 minute\" \/>\n<script type=\"application\/ld+json\" class=\"yoast-schema-graph\">{\"@context\":\"https:\/\/schema.org\",\"@graph\":[{\"@type\":\"WebSite\",\"@id\":\"https:\/\/roulottesgagnon.com\/boutique\/#website\",\"url\":\"https:\/\/roulottesgagnon.com\/boutique\/\",\"name\":\"Boutique en ligne de Roulottes Gagnon\",\"description\":\"Pi\u00e8ces et accessoires de roulottes\",\"potentialAction\":[{\"@type\":\"SearchAction\",\"target\":{\"@type\":\"EntryPoint\",\"urlTemplate\":\"https:\/\/roulottesgagnon.com\/boutique\/?s={search_term_string}\"},\"query-input\":\"required name=search_term_string\"}],\"inLanguage\":\"fr-CA\"},{\"@type\":\"ImageObject\",\"inLanguage\":\"fr-CA\",\"@id\":\"https:\/\/roulottesgagnon.com\/boutique\/produit\/fermoirs-de-porte-a-bagages\/#primaryimage\",\"url\":\"https:\/\/roulottesgagnon.com\/boutique\/wp-content\/uploads\/2020\/06\/fermeture-porte-bagage-noir.jpg\",\"contentUrl\":\"https:\/\/roulottesgagnon.com\/boutique\/wp-content\/uploads\/2020\/06\/fermeture-porte-bagage-noir.jpg\",\"width\":1024,\"height\":1024},{\"@type\":\"WebPage\",\"@id\":\"https:\/\/roulottesgagnon.com\/boutique\/produit\/fermoirs-de-porte-a-bagages\/\",\"url\":\"https:\/\/roulottesgagnon.com\/boutique\/produit\/fermoirs-de-porte-a-bagages\/\",\"name\":\"Fermoirs de porte a bagages Jr Product - Boutique en ligne de Roulottes Gagnon\",\"isPartOf\":{\"@id\":\"https:\/\/roulottesgagnon.com\/boutique\/#website\"},\"primaryImageOfPage\":{\"@id\":\"https:\/\/roulottesgagnon.com\/boutique\/produit\/fermoirs-de-porte-a-bagages\/#primaryimage\"},\"datePublished\":\"2020-06-23T17:49:49+00:00\",\"dateModified\":\"2025-10-10T14:26:26+00:00\",\"description\":\"Les fermoirs de porte \u00e0 bagages servent \u00e0 tenir les porte de compartiment de votre roulotte ouverte. Fermoirs de porte \u00e0 bagages JR Product.\",\"breadcrumb\":{\"@id\":\"https:\/\/roulottesgagnon.com\/boutique\/produit\/fermoirs-de-porte-a-bagages\/#breadcrumb\"},\"inLanguage\":\"fr-CA\",\"potentialAction\":[{\"@type\":\"ReadAction\",\"target\":[\"https:\/\/roulottesgagnon.com\/boutique\/produit\/fermoirs-de-porte-a-bagages\/\"]}]},{\"@type\":\"BreadcrumbList\",\"@id\":\"https:\/\/roulottesgagnon.com\/boutique\/produit\/fermoirs-de-porte-a-bagages\/#breadcrumb\",\"itemListElement\":[{\"@type\":\"ListItem\",\"position\":1,\"name\":\"Home\",\"item\":\"https:\/\/roulottesgagnon.com\/boutique\/\"},{\"@type\":\"ListItem\",\"position\":2,\"name\":\"Boutique en ligne\",\"item\":\"https:\/\/roulottesgagnon.com\/boutique\/\"},{\"@type\":\"ListItem\",\"position\":3,\"name\":\"Fermoirs de porte a bagages Jr Product\"}]}]}<\/script>\n<!-- \/ Yoast SEO plugin. -->","yoast_head_json":{"title":"Fermoirs de porte a bagages Jr Product - Boutique en ligne de Roulottes Gagnon","description":"Les fermoirs de porte \u00e0 bagages servent \u00e0 tenir les porte de compartiment de votre roulotte ouverte. Fermoirs de porte \u00e0 bagages JR Product.","robots":{"index":"index","follow":"follow","max-snippet":"max-snippet:-1","max-image-preview":"max-image-preview:large","max-video-preview":"max-video-preview:-1"},"canonical":"https:\/\/roulottesgagnon.com\/boutique\/produit\/fermoirs-de-porte-a-bagages\/","og_locale":"fr_CA","og_type":"article","og_title":"Fermoirs de porte a bagages Jr Product - Boutique en ligne de Roulottes Gagnon","og_description":"Les fermoirs de porte \u00e0 bagages servent \u00e0 tenir les porte de compartiment de votre roulotte ouverte. Fermoirs de porte \u00e0 bagages JR Product.","og_url":"https:\/\/roulottesgagnon.com\/boutique\/produit\/fermoirs-de-porte-a-bagages\/","og_site_name":"Boutique en ligne de Roulottes Gagnon","article_publisher":"https:\/\/www.facebook.com\/RoulottesGagnon","article_modified_time":"2025-10-10T14:26:26+00:00","og_image":[{"width":1024,"height":1024,"url":"https:\/\/roulottesgagnon.com\/boutique\/wp-content\/uploads\/2020\/06\/fermeture-porte-bagage-noir.jpg","type":"image\/jpeg"}],"twitter_card":"summary_large_image","twitter_site":"@roulottesg","twitter_misc":{"Estimation du temps de lecture":"1 minute"},"schema":{"@context":"https:\/\/schema.org","@graph":[{"@type":"WebSite","@id":"https:\/\/roulottesgagnon.com\/boutique\/#website","url":"https:\/\/roulottesgagnon.com\/boutique\/","name":"Boutique en ligne de Roulottes Gagnon","description":"Pi\u00e8ces et accessoires de roulottes","potentialAction":[{"@type":"SearchAction","target":{"@type":"EntryPoint","urlTemplate":"https:\/\/roulottesgagnon.com\/boutique\/?s={search_term_string}"},"query-input":"required name=search_term_string"}],"inLanguage":"fr-CA"},{"@type":"ImageObject","inLanguage":"fr-CA","@id":"https:\/\/roulottesgagnon.com\/boutique\/produit\/fermoirs-de-porte-a-bagages\/#primaryimage","url":"https:\/\/roulottesgagnon.com\/boutique\/wp-content\/uploads\/2020\/06\/fermeture-porte-bagage-noir.jpg","contentUrl":"https:\/\/roulottesgagnon.com\/boutique\/wp-content\/uploads\/2020\/06\/fermeture-porte-bagage-noir.jpg","width":1024,"height":1024},{"@type":"WebPage","@id":"https:\/\/roulottesgagnon.com\/boutique\/produit\/fermoirs-de-porte-a-bagages\/","url":"https:\/\/roulottesgagnon.com\/boutique\/produit\/fermoirs-de-porte-a-bagages\/","name":"Fermoirs de porte a bagages Jr Product - Boutique en ligne de Roulottes Gagnon","isPartOf":{"@id":"https:\/\/roulottesgagnon.com\/boutique\/#website"},"primaryImageOfPage":{"@id":"https:\/\/roulottesgagnon.com\/boutique\/produit\/fermoirs-de-porte-a-bagages\/#primaryimage"},"datePublished":"2020-06-23T17:49:49+00:00","dateModified":"2025-10-10T14:26:26+00:00","description":"Les fermoirs de porte \u00e0 bagages servent \u00e0 tenir les porte de compartiment de votre roulotte ouverte. Fermoirs de porte \u00e0 bagages JR Product.","breadcrumb":{"@id":"https:\/\/roulottesgagnon.com\/boutique\/produit\/fermoirs-de-porte-a-bagages\/#breadcrumb"},"inLanguage":"fr-CA","potentialAction":[{"@type":"ReadAction","target":["https:\/\/roulottesgagnon.com\/boutique\/produit\/fermoirs-de-porte-a-bagages\/"]}]},{"@type":"BreadcrumbList","@id":"https:\/\/roulottesgagnon.com\/boutique\/produit\/fermoirs-de-porte-a-bagages\/#breadcrumb","itemListElement":[{"@type":"ListItem","position":1,"name":"Home","item":"https:\/\/roulottesgagnon.com\/boutique\/"},{"@type":"ListItem","position":2,"name":"Boutique en ligne","item":"https:\/\/roulottesgagnon.com\/boutique\/"},{"@type":"ListItem","position":3,"name":"Fermoirs de porte a bagages Jr Product"}]}]}},"_links":{"self":[{"href":"https:\/\/roulottesgagnon.com\/boutique\/wp-json\/wp\/v2\/product\/2263"}],"collection":[{"href":"https:\/\/roulottesgagnon.com\/boutique\/wp-json\/wp\/v2\/product"}],"about":[{"href":"https:\/\/roulottesgagnon.com\/boutique\/wp-json\/wp\/v2\/types\/product"}],"replies":[{"embeddable":true,"href":"https:\/\/roulottesgagnon.com\/boutique\/wp-json\/wp\/v2\/comments?post=2263"}],"wp:featuredmedia":[{"embeddable":true,"href":"https:\/\/roulottesgagnon.com\/boutique\/wp-json\/wp\/v2\/media\/2130"}],"wp:attachment":[{"href":"https:\/\/roulottesgagnon.com\/boutique\/wp-json\/wp\/v2\/media?parent=2263"}],"wp:term":[{"taxonomy":"product_cat","embeddable":true,"href":"https:\/\/roulottesgagnon.com\/boutique\/wp-json\/wp\/v2\/product_cat?post=2263"},{"taxonomy":"product_tag","embeddable":true,"href":"https:\/\/roulottesgagnon.com\/boutique\/wp-json\/wp\/v2\/product_tag?post=2263"}],"curies":[{"name":"wp","href":"https:\/\/api.w.org\/{rel}","templated":true}]}}