{"id":2262,"date":"2020-06-23T17:49:48","date_gmt":"2020-06-23T17:49:48","guid":{"rendered":"https:\/\/roulottesgagnon.com\/boutique\/produit\/restaurateur-protecteur\/"},"modified":"2023-02-17T19:52:35","modified_gmt":"2023-02-17T19:52:35","slug":"restaurateur-protecteur-magic-boss","status":"publish","type":"product","link":"https:\/\/roulottesgagnon.com\/boutique\/produit\/restaurateur-protecteur-magic-boss\/","title":{"rendered":"Restaurateur protecteur Magic Boss"},"content":{"rendered":"<p>Le restaurateur protecteur Magic Boss prot\u00e8ge et rehausse les surfaces faites de vinyle, caoutchouc, plastique et cuir en leur redonnant une apparence neuve et naturelle. Il peut \u00eatre utilis\u00e9 sur le tableau de bord, les si\u00e8ges de cuir et les garnitures int\u00e9rieures et ext\u00e9rieures de tous types de v\u00e9hicules. Le restaurateur protecteur Magic Boss nourrit la surface trait\u00e9e et pr\u00e9vient ainsi le durcissement, fendillement et ternissement. Il restaure et intensifie les couleurs et prot\u00e8ge contre les rayons UV. Action durable. Le restaurateur protecteur Magic Bosscontient une formule antistatique qui repousse la poussi\u00e8re et ne laisse pas de r\u00e9sidus graisseux ou collants.<\/p>\n<p>MODE D\u2019EMPLOI:<br \/>\n1- Nettoyer la surface \u00e0 traiter en utilisant MAGIC-BOSSMC NETTOYANT D\u2019AUVENT AUX AGRUMES et laisser s\u00e9cher.<br \/>\n2- Vaporiser MAGIC-BOSSMC RESTAURATEUR \/ PROTECTEUR sur la surface et appliquer uniform\u00e9ment avec un chiffon doux ou une \u00e9ponge.<br \/>\n3- Laisser p\u00e9n\u00e9trer 15 minutes.<br \/>\n4- L\u00e9g\u00e8rement polir avec un linge en microfibre propre. R\u00e9p\u00e9ter pour un meilleur r\u00e9sultat si n\u00e9c\u00e9ssaire. <\/p>\n<p>Contient: Distillats de p\u00e9trole. Ne pas ing\u00e9rer. \u00c9viter tout contact avec les yeux, peut provoquer des br\u00fblures aux yeux. \u00c9viter tout contact avec la peau. Manipuler avec soin. Conserver hors de la port\u00e9e des enfants. PREMIERS SOINS: En cas d\u2019ingestion, appeler imm\u00e9diatement un Centre Anti-Poison ou un m\u00e9decin. Ne pas faire vomir. YEUX: Rincer \u00e0 l\u2019eau courante pendant au moins 15 minutes. Soulever occasionnellement les paupi\u00e8res. PEAU: Laver la peau contamin\u00e9e \u00e0 l\u2019eau et au savon.<\/p>\n","protected":false},"excerpt":{"rendered":"<p>Restaurateur Magic Boss pour caoutchouc vinyle plastique &amp; cuir, ecran UV<\/p>\n","protected":false},"featured_media":2072,"comment_status":"open","ping_status":"closed","template":"","meta":[],"product_cat":[21],"product_tag":[],"yoast_head":"<!-- This site is optimized with the Yoast SEO plugin v19.3 - https:\/\/yoast.com\/wordpress\/plugins\/seo\/ -->\n<title>Restaurateur protecteur Magic Boss - Boutique en ligne de Roulottes Gagnon<\/title>\n<meta name=\"description\" content=\"Restaurateur protecteur Magic Boss prot\u00e8ge les surfaces de vinyle, caoutchouc, etc, en leur redonnant une apparence neuve. Magic Boss\" \/>\n<meta name=\"robots\" content=\"index, follow, max-snippet:-1, max-image-preview:large, max-video-preview:-1\" \/>\n<link rel=\"canonical\" href=\"https:\/\/roulottesgagnon.com\/boutique\/produit\/restaurateur-protecteur-magic-boss\/\" \/>\n<meta property=\"og:locale\" content=\"fr_CA\" \/>\n<meta property=\"og:type\" content=\"article\" \/>\n<meta property=\"og:title\" content=\"Restaurateur protecteur Magic Boss - Boutique en ligne de Roulottes Gagnon\" \/>\n<meta property=\"og:description\" content=\"Restaurateur protecteur Magic Boss prot\u00e8ge les surfaces de vinyle, caoutchouc, etc, en leur redonnant une apparence neuve. Magic Boss\" \/>\n<meta property=\"og:url\" content=\"https:\/\/roulottesgagnon.com\/boutique\/produit\/restaurateur-protecteur-magic-boss\/\" \/>\n<meta property=\"og:site_name\" content=\"Boutique en ligne de Roulottes Gagnon\" \/>\n<meta property=\"article:publisher\" content=\"https:\/\/www.facebook.com\/RoulottesGagnon\" \/>\n<meta property=\"article:modified_time\" content=\"2023-02-17T19:52:35+00:00\" \/>\n<meta property=\"og:image\" content=\"https:\/\/roulottesgagnon.com\/boutique\/wp-content\/uploads\/2020\/06\/magic-boss-restaurateur.jpg\" \/>\n\t<meta property=\"og:image:width\" content=\"1024\" \/>\n\t<meta property=\"og:image:height\" content=\"1024\" \/>\n\t<meta property=\"og:image:type\" content=\"image\/jpeg\" \/>\n<meta name=\"twitter:card\" content=\"summary_large_image\" \/>\n<meta name=\"twitter:site\" content=\"@roulottesg\" \/>\n<meta name=\"twitter:label1\" content=\"Estimation du temps de lecture\" \/>\n\t<meta name=\"twitter:data1\" content=\"1 minute\" \/>\n<script type=\"application\/ld+json\" class=\"yoast-schema-graph\">{\"@context\":\"https:\/\/schema.org\",\"@graph\":[{\"@type\":\"WebSite\",\"@id\":\"https:\/\/roulottesgagnon.com\/boutique\/#website\",\"url\":\"https:\/\/roulottesgagnon.com\/boutique\/\",\"name\":\"Boutique en ligne de Roulottes Gagnon\",\"description\":\"Pi\u00e8ces et accessoires de roulottes\",\"potentialAction\":[{\"@type\":\"SearchAction\",\"target\":{\"@type\":\"EntryPoint\",\"urlTemplate\":\"https:\/\/roulottesgagnon.com\/boutique\/?s={search_term_string}\"},\"query-input\":\"required name=search_term_string\"}],\"inLanguage\":\"fr-CA\"},{\"@type\":\"ImageObject\",\"inLanguage\":\"fr-CA\",\"@id\":\"https:\/\/roulottesgagnon.com\/boutique\/produit\/restaurateur-protecteur-magic-boss\/#primaryimage\",\"url\":\"https:\/\/roulottesgagnon.com\/boutique\/wp-content\/uploads\/2020\/06\/magic-boss-restaurateur.jpg\",\"contentUrl\":\"https:\/\/roulottesgagnon.com\/boutique\/wp-content\/uploads\/2020\/06\/magic-boss-restaurateur.jpg\",\"width\":1024,\"height\":1024},{\"@type\":\"WebPage\",\"@id\":\"https:\/\/roulottesgagnon.com\/boutique\/produit\/restaurateur-protecteur-magic-boss\/\",\"url\":\"https:\/\/roulottesgagnon.com\/boutique\/produit\/restaurateur-protecteur-magic-boss\/\",\"name\":\"Restaurateur protecteur Magic Boss - Boutique en ligne de Roulottes Gagnon\",\"isPartOf\":{\"@id\":\"https:\/\/roulottesgagnon.com\/boutique\/#website\"},\"primaryImageOfPage\":{\"@id\":\"https:\/\/roulottesgagnon.com\/boutique\/produit\/restaurateur-protecteur-magic-boss\/#primaryimage\"},\"datePublished\":\"2020-06-23T17:49:48+00:00\",\"dateModified\":\"2023-02-17T19:52:35+00:00\",\"description\":\"Restaurateur protecteur Magic Boss prot\u00e8ge les surfaces de vinyle, caoutchouc, etc, en leur redonnant une apparence neuve. Magic Boss\",\"breadcrumb\":{\"@id\":\"https:\/\/roulottesgagnon.com\/boutique\/produit\/restaurateur-protecteur-magic-boss\/#breadcrumb\"},\"inLanguage\":\"fr-CA\",\"potentialAction\":[{\"@type\":\"ReadAction\",\"target\":[\"https:\/\/roulottesgagnon.com\/boutique\/produit\/restaurateur-protecteur-magic-boss\/\"]}]},{\"@type\":\"BreadcrumbList\",\"@id\":\"https:\/\/roulottesgagnon.com\/boutique\/produit\/restaurateur-protecteur-magic-boss\/#breadcrumb\",\"itemListElement\":[{\"@type\":\"ListItem\",\"position\":1,\"name\":\"Home\",\"item\":\"https:\/\/roulottesgagnon.com\/boutique\/\"},{\"@type\":\"ListItem\",\"position\":2,\"name\":\"Boutique en ligne\",\"item\":\"https:\/\/roulottesgagnon.com\/boutique\/\"},{\"@type\":\"ListItem\",\"position\":3,\"name\":\"Restaurateur protecteur Magic Boss\"}]}]}<\/script>\n<!-- \/ Yoast SEO plugin. -->","yoast_head_json":{"title":"Restaurateur protecteur Magic Boss - Boutique en ligne de Roulottes Gagnon","description":"Restaurateur protecteur Magic Boss prot\u00e8ge les surfaces de vinyle, caoutchouc, etc, en leur redonnant une apparence neuve. Magic Boss","robots":{"index":"index","follow":"follow","max-snippet":"max-snippet:-1","max-image-preview":"max-image-preview:large","max-video-preview":"max-video-preview:-1"},"canonical":"https:\/\/roulottesgagnon.com\/boutique\/produit\/restaurateur-protecteur-magic-boss\/","og_locale":"fr_CA","og_type":"article","og_title":"Restaurateur protecteur Magic Boss - Boutique en ligne de Roulottes Gagnon","og_description":"Restaurateur protecteur Magic Boss prot\u00e8ge les surfaces de vinyle, caoutchouc, etc, en leur redonnant une apparence neuve. Magic Boss","og_url":"https:\/\/roulottesgagnon.com\/boutique\/produit\/restaurateur-protecteur-magic-boss\/","og_site_name":"Boutique en ligne de Roulottes Gagnon","article_publisher":"https:\/\/www.facebook.com\/RoulottesGagnon","article_modified_time":"2023-02-17T19:52:35+00:00","og_image":[{"width":1024,"height":1024,"url":"https:\/\/roulottesgagnon.com\/boutique\/wp-content\/uploads\/2020\/06\/magic-boss-restaurateur.jpg","type":"image\/jpeg"}],"twitter_card":"summary_large_image","twitter_site":"@roulottesg","twitter_misc":{"Estimation du temps de lecture":"1 minute"},"schema":{"@context":"https:\/\/schema.org","@graph":[{"@type":"WebSite","@id":"https:\/\/roulottesgagnon.com\/boutique\/#website","url":"https:\/\/roulottesgagnon.com\/boutique\/","name":"Boutique en ligne de Roulottes Gagnon","description":"Pi\u00e8ces et accessoires de roulottes","potentialAction":[{"@type":"SearchAction","target":{"@type":"EntryPoint","urlTemplate":"https:\/\/roulottesgagnon.com\/boutique\/?s={search_term_string}"},"query-input":"required name=search_term_string"}],"inLanguage":"fr-CA"},{"@type":"ImageObject","inLanguage":"fr-CA","@id":"https:\/\/roulottesgagnon.com\/boutique\/produit\/restaurateur-protecteur-magic-boss\/#primaryimage","url":"https:\/\/roulottesgagnon.com\/boutique\/wp-content\/uploads\/2020\/06\/magic-boss-restaurateur.jpg","contentUrl":"https:\/\/roulottesgagnon.com\/boutique\/wp-content\/uploads\/2020\/06\/magic-boss-restaurateur.jpg","width":1024,"height":1024},{"@type":"WebPage","@id":"https:\/\/roulottesgagnon.com\/boutique\/produit\/restaurateur-protecteur-magic-boss\/","url":"https:\/\/roulottesgagnon.com\/boutique\/produit\/restaurateur-protecteur-magic-boss\/","name":"Restaurateur protecteur Magic Boss - Boutique en ligne de Roulottes Gagnon","isPartOf":{"@id":"https:\/\/roulottesgagnon.com\/boutique\/#website"},"primaryImageOfPage":{"@id":"https:\/\/roulottesgagnon.com\/boutique\/produit\/restaurateur-protecteur-magic-boss\/#primaryimage"},"datePublished":"2020-06-23T17:49:48+00:00","dateModified":"2023-02-17T19:52:35+00:00","description":"Restaurateur protecteur Magic Boss prot\u00e8ge les surfaces de vinyle, caoutchouc, etc, en leur redonnant une apparence neuve. Magic Boss","breadcrumb":{"@id":"https:\/\/roulottesgagnon.com\/boutique\/produit\/restaurateur-protecteur-magic-boss\/#breadcrumb"},"inLanguage":"fr-CA","potentialAction":[{"@type":"ReadAction","target":["https:\/\/roulottesgagnon.com\/boutique\/produit\/restaurateur-protecteur-magic-boss\/"]}]},{"@type":"BreadcrumbList","@id":"https:\/\/roulottesgagnon.com\/boutique\/produit\/restaurateur-protecteur-magic-boss\/#breadcrumb","itemListElement":[{"@type":"ListItem","position":1,"name":"Home","item":"https:\/\/roulottesgagnon.com\/boutique\/"},{"@type":"ListItem","position":2,"name":"Boutique en ligne","item":"https:\/\/roulottesgagnon.com\/boutique\/"},{"@type":"ListItem","position":3,"name":"Restaurateur protecteur Magic Boss"}]}]}},"_links":{"self":[{"href":"https:\/\/roulottesgagnon.com\/boutique\/wp-json\/wp\/v2\/product\/2262"}],"collection":[{"href":"https:\/\/roulottesgagnon.com\/boutique\/wp-json\/wp\/v2\/product"}],"about":[{"href":"https:\/\/roulottesgagnon.com\/boutique\/wp-json\/wp\/v2\/types\/product"}],"replies":[{"embeddable":true,"href":"https:\/\/roulottesgagnon.com\/boutique\/wp-json\/wp\/v2\/comments?post=2262"}],"wp:featuredmedia":[{"embeddable":true,"href":"https:\/\/roulottesgagnon.com\/boutique\/wp-json\/wp\/v2\/media\/2072"}],"wp:attachment":[{"href":"https:\/\/roulottesgagnon.com\/boutique\/wp-json\/wp\/v2\/media?parent=2262"}],"wp:term":[{"taxonomy":"product_cat","embeddable":true,"href":"https:\/\/roulottesgagnon.com\/boutique\/wp-json\/wp\/v2\/product_cat?post=2262"},{"taxonomy":"product_tag","embeddable":true,"href":"https:\/\/roulottesgagnon.com\/boutique\/wp-json\/wp\/v2\/product_tag?post=2262"}],"curies":[{"name":"wp","href":"https:\/\/api.w.org\/{rel}","templated":true}]}}