{"id":2261,"date":"2020-06-23T17:49:47","date_gmt":"2020-06-23T17:49:47","guid":{"rendered":"https:\/\/roulottesgagnon.com\/boutique\/produit\/super-cire\/"},"modified":"2025-05-16T12:37:34","modified_gmt":"2025-05-16T12:37:34","slug":"super-cire-mirage-2000","status":"publish","type":"product","link":"https:\/\/roulottesgagnon.com\/boutique\/produit\/super-cire-mirage-2000\/","title":{"rendered":"Super cire Mirage 2000"},"content":{"rendered":"<p>Cire Super cire Mirage 2000 nettoyante polym\u00e8re pour tous genres de v\u00e9hicules. La Super cire Mirage 2000 assure la protection et durabilit\u00e9 optimale contre le calcium, le sel, les rayons UV et les pluies acides. Les finis oxyd\u00e9s tels que l\u2019aluminium, le fibre de verre et le gel coat retrouveront leur \u00e9clat original.<\/p>\n","protected":false},"excerpt":{"rendered":"<p>Cire au polym\u00e8re Mirage 2000<\/p>\n","protected":false},"featured_media":3012,"comment_status":"open","ping_status":"closed","template":"","meta":[],"product_cat":[21],"product_tag":[],"yoast_head":"<!-- This site is optimized with the Yoast SEO plugin v19.3 - https:\/\/yoast.com\/wordpress\/plugins\/seo\/ -->\n<title>Super cire Mirage 2000 - Boutique en ligne de Roulottes Gagnon<\/title>\n<meta name=\"description\" content=\"Cire Super cire Mirage 2000 nettoyante polym\u00e8re pour votre roulotte. La Super cire Mirage 2000 assure la protection et durabilit\u00e9 optimale.\" \/>\n<meta name=\"robots\" content=\"index, follow, max-snippet:-1, max-image-preview:large, max-video-preview:-1\" \/>\n<link rel=\"canonical\" href=\"https:\/\/roulottesgagnon.com\/boutique\/produit\/super-cire-mirage-2000\/\" \/>\n<meta property=\"og:locale\" content=\"fr_CA\" \/>\n<meta property=\"og:type\" content=\"article\" \/>\n<meta property=\"og:title\" content=\"Super cire Mirage 2000 - Boutique en ligne de Roulottes Gagnon\" \/>\n<meta property=\"og:description\" content=\"Cire Super cire Mirage 2000 nettoyante polym\u00e8re pour votre roulotte. La Super cire Mirage 2000 assure la protection et durabilit\u00e9 optimale.\" \/>\n<meta property=\"og:url\" content=\"https:\/\/roulottesgagnon.com\/boutique\/produit\/super-cire-mirage-2000\/\" \/>\n<meta property=\"og:site_name\" content=\"Boutique en ligne de Roulottes Gagnon\" \/>\n<meta property=\"article:publisher\" content=\"https:\/\/www.facebook.com\/RoulottesGagnon\" \/>\n<meta property=\"article:modified_time\" content=\"2025-05-16T12:37:34+00:00\" \/>\n<meta property=\"og:image\" content=\"https:\/\/roulottesgagnon.com\/boutique\/wp-content\/uploads\/2020\/06\/1000004094-1.jpg\" \/>\n\t<meta property=\"og:image:width\" content=\"1585\" \/>\n\t<meta property=\"og:image:height\" content=\"2178\" \/>\n\t<meta property=\"og:image:type\" content=\"image\/jpeg\" \/>\n<meta name=\"twitter:card\" content=\"summary_large_image\" \/>\n<meta name=\"twitter:site\" content=\"@roulottesg\" \/>\n<meta name=\"twitter:label1\" content=\"Estimation du temps de lecture\" \/>\n\t<meta name=\"twitter:data1\" content=\"1 minute\" \/>\n<script type=\"application\/ld+json\" class=\"yoast-schema-graph\">{\"@context\":\"https:\/\/schema.org\",\"@graph\":[{\"@type\":\"WebSite\",\"@id\":\"https:\/\/roulottesgagnon.com\/boutique\/#website\",\"url\":\"https:\/\/roulottesgagnon.com\/boutique\/\",\"name\":\"Boutique en ligne de Roulottes Gagnon\",\"description\":\"Pi\u00e8ces et accessoires de roulottes\",\"potentialAction\":[{\"@type\":\"SearchAction\",\"target\":{\"@type\":\"EntryPoint\",\"urlTemplate\":\"https:\/\/roulottesgagnon.com\/boutique\/?s={search_term_string}\"},\"query-input\":\"required name=search_term_string\"}],\"inLanguage\":\"fr-CA\"},{\"@type\":\"ImageObject\",\"inLanguage\":\"fr-CA\",\"@id\":\"https:\/\/roulottesgagnon.com\/boutique\/produit\/super-cire-mirage-2000\/#primaryimage\",\"url\":\"https:\/\/roulottesgagnon.com\/boutique\/wp-content\/uploads\/2020\/06\/1000004094-1.jpg\",\"contentUrl\":\"https:\/\/roulottesgagnon.com\/boutique\/wp-content\/uploads\/2020\/06\/1000004094-1.jpg\",\"width\":1585,\"height\":2178},{\"@type\":\"WebPage\",\"@id\":\"https:\/\/roulottesgagnon.com\/boutique\/produit\/super-cire-mirage-2000\/\",\"url\":\"https:\/\/roulottesgagnon.com\/boutique\/produit\/super-cire-mirage-2000\/\",\"name\":\"Super cire Mirage 2000 - Boutique en ligne de Roulottes Gagnon\",\"isPartOf\":{\"@id\":\"https:\/\/roulottesgagnon.com\/boutique\/#website\"},\"primaryImageOfPage\":{\"@id\":\"https:\/\/roulottesgagnon.com\/boutique\/produit\/super-cire-mirage-2000\/#primaryimage\"},\"datePublished\":\"2020-06-23T17:49:47+00:00\",\"dateModified\":\"2025-05-16T12:37:34+00:00\",\"description\":\"Cire Super cire Mirage 2000 nettoyante polym\u00e8re pour votre roulotte. La Super cire Mirage 2000 assure la protection et durabilit\u00e9 optimale.\",\"breadcrumb\":{\"@id\":\"https:\/\/roulottesgagnon.com\/boutique\/produit\/super-cire-mirage-2000\/#breadcrumb\"},\"inLanguage\":\"fr-CA\",\"potentialAction\":[{\"@type\":\"ReadAction\",\"target\":[\"https:\/\/roulottesgagnon.com\/boutique\/produit\/super-cire-mirage-2000\/\"]}]},{\"@type\":\"BreadcrumbList\",\"@id\":\"https:\/\/roulottesgagnon.com\/boutique\/produit\/super-cire-mirage-2000\/#breadcrumb\",\"itemListElement\":[{\"@type\":\"ListItem\",\"position\":1,\"name\":\"Home\",\"item\":\"https:\/\/roulottesgagnon.com\/boutique\/\"},{\"@type\":\"ListItem\",\"position\":2,\"name\":\"Boutique en ligne\",\"item\":\"https:\/\/roulottesgagnon.com\/boutique\/\"},{\"@type\":\"ListItem\",\"position\":3,\"name\":\"Super cire Mirage 2000\"}]}]}<\/script>\n<!-- \/ Yoast SEO plugin. -->","yoast_head_json":{"title":"Super cire Mirage 2000 - Boutique en ligne de Roulottes Gagnon","description":"Cire Super cire Mirage 2000 nettoyante polym\u00e8re pour votre roulotte. La Super cire Mirage 2000 assure la protection et durabilit\u00e9 optimale.","robots":{"index":"index","follow":"follow","max-snippet":"max-snippet:-1","max-image-preview":"max-image-preview:large","max-video-preview":"max-video-preview:-1"},"canonical":"https:\/\/roulottesgagnon.com\/boutique\/produit\/super-cire-mirage-2000\/","og_locale":"fr_CA","og_type":"article","og_title":"Super cire Mirage 2000 - Boutique en ligne de Roulottes Gagnon","og_description":"Cire Super cire Mirage 2000 nettoyante polym\u00e8re pour votre roulotte. La Super cire Mirage 2000 assure la protection et durabilit\u00e9 optimale.","og_url":"https:\/\/roulottesgagnon.com\/boutique\/produit\/super-cire-mirage-2000\/","og_site_name":"Boutique en ligne de Roulottes Gagnon","article_publisher":"https:\/\/www.facebook.com\/RoulottesGagnon","article_modified_time":"2025-05-16T12:37:34+00:00","og_image":[{"width":1585,"height":2178,"url":"https:\/\/roulottesgagnon.com\/boutique\/wp-content\/uploads\/2020\/06\/1000004094-1.jpg","type":"image\/jpeg"}],"twitter_card":"summary_large_image","twitter_site":"@roulottesg","twitter_misc":{"Estimation du temps de lecture":"1 minute"},"schema":{"@context":"https:\/\/schema.org","@graph":[{"@type":"WebSite","@id":"https:\/\/roulottesgagnon.com\/boutique\/#website","url":"https:\/\/roulottesgagnon.com\/boutique\/","name":"Boutique en ligne de Roulottes Gagnon","description":"Pi\u00e8ces et accessoires de roulottes","potentialAction":[{"@type":"SearchAction","target":{"@type":"EntryPoint","urlTemplate":"https:\/\/roulottesgagnon.com\/boutique\/?s={search_term_string}"},"query-input":"required name=search_term_string"}],"inLanguage":"fr-CA"},{"@type":"ImageObject","inLanguage":"fr-CA","@id":"https:\/\/roulottesgagnon.com\/boutique\/produit\/super-cire-mirage-2000\/#primaryimage","url":"https:\/\/roulottesgagnon.com\/boutique\/wp-content\/uploads\/2020\/06\/1000004094-1.jpg","contentUrl":"https:\/\/roulottesgagnon.com\/boutique\/wp-content\/uploads\/2020\/06\/1000004094-1.jpg","width":1585,"height":2178},{"@type":"WebPage","@id":"https:\/\/roulottesgagnon.com\/boutique\/produit\/super-cire-mirage-2000\/","url":"https:\/\/roulottesgagnon.com\/boutique\/produit\/super-cire-mirage-2000\/","name":"Super cire Mirage 2000 - Boutique en ligne de Roulottes Gagnon","isPartOf":{"@id":"https:\/\/roulottesgagnon.com\/boutique\/#website"},"primaryImageOfPage":{"@id":"https:\/\/roulottesgagnon.com\/boutique\/produit\/super-cire-mirage-2000\/#primaryimage"},"datePublished":"2020-06-23T17:49:47+00:00","dateModified":"2025-05-16T12:37:34+00:00","description":"Cire Super cire Mirage 2000 nettoyante polym\u00e8re pour votre roulotte. La Super cire Mirage 2000 assure la protection et durabilit\u00e9 optimale.","breadcrumb":{"@id":"https:\/\/roulottesgagnon.com\/boutique\/produit\/super-cire-mirage-2000\/#breadcrumb"},"inLanguage":"fr-CA","potentialAction":[{"@type":"ReadAction","target":["https:\/\/roulottesgagnon.com\/boutique\/produit\/super-cire-mirage-2000\/"]}]},{"@type":"BreadcrumbList","@id":"https:\/\/roulottesgagnon.com\/boutique\/produit\/super-cire-mirage-2000\/#breadcrumb","itemListElement":[{"@type":"ListItem","position":1,"name":"Home","item":"https:\/\/roulottesgagnon.com\/boutique\/"},{"@type":"ListItem","position":2,"name":"Boutique en ligne","item":"https:\/\/roulottesgagnon.com\/boutique\/"},{"@type":"ListItem","position":3,"name":"Super cire Mirage 2000"}]}]}},"_links":{"self":[{"href":"https:\/\/roulottesgagnon.com\/boutique\/wp-json\/wp\/v2\/product\/2261"}],"collection":[{"href":"https:\/\/roulottesgagnon.com\/boutique\/wp-json\/wp\/v2\/product"}],"about":[{"href":"https:\/\/roulottesgagnon.com\/boutique\/wp-json\/wp\/v2\/types\/product"}],"replies":[{"embeddable":true,"href":"https:\/\/roulottesgagnon.com\/boutique\/wp-json\/wp\/v2\/comments?post=2261"}],"wp:featuredmedia":[{"embeddable":true,"href":"https:\/\/roulottesgagnon.com\/boutique\/wp-json\/wp\/v2\/media\/3012"}],"wp:attachment":[{"href":"https:\/\/roulottesgagnon.com\/boutique\/wp-json\/wp\/v2\/media?parent=2261"}],"wp:term":[{"taxonomy":"product_cat","embeddable":true,"href":"https:\/\/roulottesgagnon.com\/boutique\/wp-json\/wp\/v2\/product_cat?post=2261"},{"taxonomy":"product_tag","embeddable":true,"href":"https:\/\/roulottesgagnon.com\/boutique\/wp-json\/wp\/v2\/product_tag?post=2261"}],"curies":[{"name":"wp","href":"https:\/\/api.w.org\/{rel}","templated":true}]}}