{"id":2260,"date":"2020-06-23T17:49:45","date_gmt":"2020-06-23T17:49:45","guid":{"rendered":"https:\/\/roulottesgagnon.com\/boutique\/produit\/desoxydant-et-lustre\/"},"modified":"2025-05-16T12:37:38","modified_gmt":"2025-05-16T12:37:38","slug":"desoxydant-et-lustre-mirage-2000","status":"publish","type":"product","link":"https:\/\/roulottesgagnon.com\/boutique\/produit\/desoxydant-et-lustre-mirage-2000\/","title":{"rendered":"D\u00e9soxydant et lustre Mirage 2000"},"content":{"rendered":"<p>D\u00e9soxydant et lustre Mirage 2000. Traitement de surface pour VR, bateaux et tous les types de v\u00e9hicules. Le d\u00e9soxydant et lustre Mirage 2000 \u00e9limine l&rsquo;oxydation, ravive les couleurs en laissant une couche durable et r\u00e9sistante aux intemp\u00e9ries et aux rayons de soleil.<\/p>\n","protected":false},"excerpt":{"rendered":"<p>Mirage 2000 d\u00e9soxydant et lustre.<\/p>\n","protected":false},"featured_media":2068,"comment_status":"open","ping_status":"closed","template":"","meta":[],"product_cat":[21],"product_tag":[],"yoast_head":"<!-- This site is optimized with the Yoast SEO plugin v19.3 - https:\/\/yoast.com\/wordpress\/plugins\/seo\/ -->\n<title>D\u00e9soxydant et lustre Mirage 2000 - Boutique en ligne de Roulottes Gagnon<\/title>\n<meta name=\"description\" content=\"D\u00e9soxydant et lustre Mirage 2000. Traitement de surface pour VR et tous types de v\u00e9hicules. Le d\u00e9soxydant Mirage 2000 \u00e9limine l&#039;oxydation\" \/>\n<meta name=\"robots\" content=\"index, follow, max-snippet:-1, max-image-preview:large, max-video-preview:-1\" \/>\n<link rel=\"canonical\" href=\"https:\/\/roulottesgagnon.com\/boutique\/produit\/desoxydant-et-lustre-mirage-2000\/\" \/>\n<meta property=\"og:locale\" content=\"fr_CA\" \/>\n<meta property=\"og:type\" content=\"article\" \/>\n<meta property=\"og:title\" content=\"D\u00e9soxydant et lustre Mirage 2000 - Boutique en ligne de Roulottes Gagnon\" \/>\n<meta property=\"og:description\" content=\"D\u00e9soxydant et lustre Mirage 2000. Traitement de surface pour VR et tous types de v\u00e9hicules. Le d\u00e9soxydant Mirage 2000 \u00e9limine l&#039;oxydation\" \/>\n<meta property=\"og:url\" content=\"https:\/\/roulottesgagnon.com\/boutique\/produit\/desoxydant-et-lustre-mirage-2000\/\" \/>\n<meta property=\"og:site_name\" content=\"Boutique en ligne de Roulottes Gagnon\" \/>\n<meta property=\"article:publisher\" content=\"https:\/\/www.facebook.com\/RoulottesGagnon\" \/>\n<meta property=\"article:modified_time\" content=\"2025-05-16T12:37:38+00:00\" \/>\n<meta property=\"og:image\" content=\"https:\/\/roulottesgagnon.com\/boutique\/wp-content\/uploads\/2020\/06\/mirage-2000-desoxydant-vr.jpg\" \/>\n\t<meta property=\"og:image:width\" content=\"1024\" \/>\n\t<meta property=\"og:image:height\" content=\"1024\" \/>\n\t<meta property=\"og:image:type\" content=\"image\/jpeg\" \/>\n<meta name=\"twitter:card\" content=\"summary_large_image\" \/>\n<meta name=\"twitter:site\" content=\"@roulottesg\" \/>\n<script type=\"application\/ld+json\" class=\"yoast-schema-graph\">{\"@context\":\"https:\/\/schema.org\",\"@graph\":[{\"@type\":\"WebSite\",\"@id\":\"https:\/\/roulottesgagnon.com\/boutique\/#website\",\"url\":\"https:\/\/roulottesgagnon.com\/boutique\/\",\"name\":\"Boutique en ligne de Roulottes Gagnon\",\"description\":\"Pi\u00e8ces et accessoires de roulottes\",\"potentialAction\":[{\"@type\":\"SearchAction\",\"target\":{\"@type\":\"EntryPoint\",\"urlTemplate\":\"https:\/\/roulottesgagnon.com\/boutique\/?s={search_term_string}\"},\"query-input\":\"required name=search_term_string\"}],\"inLanguage\":\"fr-CA\"},{\"@type\":\"ImageObject\",\"inLanguage\":\"fr-CA\",\"@id\":\"https:\/\/roulottesgagnon.com\/boutique\/produit\/desoxydant-et-lustre-mirage-2000\/#primaryimage\",\"url\":\"https:\/\/roulottesgagnon.com\/boutique\/wp-content\/uploads\/2020\/06\/mirage-2000-desoxydant-vr.jpg\",\"contentUrl\":\"https:\/\/roulottesgagnon.com\/boutique\/wp-content\/uploads\/2020\/06\/mirage-2000-desoxydant-vr.jpg\",\"width\":1024,\"height\":1024},{\"@type\":\"WebPage\",\"@id\":\"https:\/\/roulottesgagnon.com\/boutique\/produit\/desoxydant-et-lustre-mirage-2000\/\",\"url\":\"https:\/\/roulottesgagnon.com\/boutique\/produit\/desoxydant-et-lustre-mirage-2000\/\",\"name\":\"D\u00e9soxydant et lustre Mirage 2000 - Boutique en ligne de Roulottes Gagnon\",\"isPartOf\":{\"@id\":\"https:\/\/roulottesgagnon.com\/boutique\/#website\"},\"primaryImageOfPage\":{\"@id\":\"https:\/\/roulottesgagnon.com\/boutique\/produit\/desoxydant-et-lustre-mirage-2000\/#primaryimage\"},\"datePublished\":\"2020-06-23T17:49:45+00:00\",\"dateModified\":\"2025-05-16T12:37:38+00:00\",\"description\":\"D\u00e9soxydant et lustre Mirage 2000. Traitement de surface pour VR et tous types de v\u00e9hicules. Le d\u00e9soxydant Mirage 2000 \u00e9limine l'oxydation\",\"breadcrumb\":{\"@id\":\"https:\/\/roulottesgagnon.com\/boutique\/produit\/desoxydant-et-lustre-mirage-2000\/#breadcrumb\"},\"inLanguage\":\"fr-CA\",\"potentialAction\":[{\"@type\":\"ReadAction\",\"target\":[\"https:\/\/roulottesgagnon.com\/boutique\/produit\/desoxydant-et-lustre-mirage-2000\/\"]}]},{\"@type\":\"BreadcrumbList\",\"@id\":\"https:\/\/roulottesgagnon.com\/boutique\/produit\/desoxydant-et-lustre-mirage-2000\/#breadcrumb\",\"itemListElement\":[{\"@type\":\"ListItem\",\"position\":1,\"name\":\"Home\",\"item\":\"https:\/\/roulottesgagnon.com\/boutique\/\"},{\"@type\":\"ListItem\",\"position\":2,\"name\":\"Boutique en ligne\",\"item\":\"https:\/\/roulottesgagnon.com\/boutique\/\"},{\"@type\":\"ListItem\",\"position\":3,\"name\":\"D\u00e9soxydant et lustre Mirage 2000\"}]}]}<\/script>\n<!-- \/ Yoast SEO plugin. -->","yoast_head_json":{"title":"D\u00e9soxydant et lustre Mirage 2000 - Boutique en ligne de Roulottes Gagnon","description":"D\u00e9soxydant et lustre Mirage 2000. Traitement de surface pour VR et tous types de v\u00e9hicules. Le d\u00e9soxydant Mirage 2000 \u00e9limine l'oxydation","robots":{"index":"index","follow":"follow","max-snippet":"max-snippet:-1","max-image-preview":"max-image-preview:large","max-video-preview":"max-video-preview:-1"},"canonical":"https:\/\/roulottesgagnon.com\/boutique\/produit\/desoxydant-et-lustre-mirage-2000\/","og_locale":"fr_CA","og_type":"article","og_title":"D\u00e9soxydant et lustre Mirage 2000 - Boutique en ligne de Roulottes Gagnon","og_description":"D\u00e9soxydant et lustre Mirage 2000. Traitement de surface pour VR et tous types de v\u00e9hicules. Le d\u00e9soxydant Mirage 2000 \u00e9limine l'oxydation","og_url":"https:\/\/roulottesgagnon.com\/boutique\/produit\/desoxydant-et-lustre-mirage-2000\/","og_site_name":"Boutique en ligne de Roulottes Gagnon","article_publisher":"https:\/\/www.facebook.com\/RoulottesGagnon","article_modified_time":"2025-05-16T12:37:38+00:00","og_image":[{"width":1024,"height":1024,"url":"https:\/\/roulottesgagnon.com\/boutique\/wp-content\/uploads\/2020\/06\/mirage-2000-desoxydant-vr.jpg","type":"image\/jpeg"}],"twitter_card":"summary_large_image","twitter_site":"@roulottesg","schema":{"@context":"https:\/\/schema.org","@graph":[{"@type":"WebSite","@id":"https:\/\/roulottesgagnon.com\/boutique\/#website","url":"https:\/\/roulottesgagnon.com\/boutique\/","name":"Boutique en ligne de Roulottes Gagnon","description":"Pi\u00e8ces et accessoires de roulottes","potentialAction":[{"@type":"SearchAction","target":{"@type":"EntryPoint","urlTemplate":"https:\/\/roulottesgagnon.com\/boutique\/?s={search_term_string}"},"query-input":"required name=search_term_string"}],"inLanguage":"fr-CA"},{"@type":"ImageObject","inLanguage":"fr-CA","@id":"https:\/\/roulottesgagnon.com\/boutique\/produit\/desoxydant-et-lustre-mirage-2000\/#primaryimage","url":"https:\/\/roulottesgagnon.com\/boutique\/wp-content\/uploads\/2020\/06\/mirage-2000-desoxydant-vr.jpg","contentUrl":"https:\/\/roulottesgagnon.com\/boutique\/wp-content\/uploads\/2020\/06\/mirage-2000-desoxydant-vr.jpg","width":1024,"height":1024},{"@type":"WebPage","@id":"https:\/\/roulottesgagnon.com\/boutique\/produit\/desoxydant-et-lustre-mirage-2000\/","url":"https:\/\/roulottesgagnon.com\/boutique\/produit\/desoxydant-et-lustre-mirage-2000\/","name":"D\u00e9soxydant et lustre Mirage 2000 - Boutique en ligne de Roulottes Gagnon","isPartOf":{"@id":"https:\/\/roulottesgagnon.com\/boutique\/#website"},"primaryImageOfPage":{"@id":"https:\/\/roulottesgagnon.com\/boutique\/produit\/desoxydant-et-lustre-mirage-2000\/#primaryimage"},"datePublished":"2020-06-23T17:49:45+00:00","dateModified":"2025-05-16T12:37:38+00:00","description":"D\u00e9soxydant et lustre Mirage 2000. Traitement de surface pour VR et tous types de v\u00e9hicules. Le d\u00e9soxydant Mirage 2000 \u00e9limine l'oxydation","breadcrumb":{"@id":"https:\/\/roulottesgagnon.com\/boutique\/produit\/desoxydant-et-lustre-mirage-2000\/#breadcrumb"},"inLanguage":"fr-CA","potentialAction":[{"@type":"ReadAction","target":["https:\/\/roulottesgagnon.com\/boutique\/produit\/desoxydant-et-lustre-mirage-2000\/"]}]},{"@type":"BreadcrumbList","@id":"https:\/\/roulottesgagnon.com\/boutique\/produit\/desoxydant-et-lustre-mirage-2000\/#breadcrumb","itemListElement":[{"@type":"ListItem","position":1,"name":"Home","item":"https:\/\/roulottesgagnon.com\/boutique\/"},{"@type":"ListItem","position":2,"name":"Boutique en ligne","item":"https:\/\/roulottesgagnon.com\/boutique\/"},{"@type":"ListItem","position":3,"name":"D\u00e9soxydant et lustre Mirage 2000"}]}]}},"_links":{"self":[{"href":"https:\/\/roulottesgagnon.com\/boutique\/wp-json\/wp\/v2\/product\/2260"}],"collection":[{"href":"https:\/\/roulottesgagnon.com\/boutique\/wp-json\/wp\/v2\/product"}],"about":[{"href":"https:\/\/roulottesgagnon.com\/boutique\/wp-json\/wp\/v2\/types\/product"}],"replies":[{"embeddable":true,"href":"https:\/\/roulottesgagnon.com\/boutique\/wp-json\/wp\/v2\/comments?post=2260"}],"wp:featuredmedia":[{"embeddable":true,"href":"https:\/\/roulottesgagnon.com\/boutique\/wp-json\/wp\/v2\/media\/2068"}],"wp:attachment":[{"href":"https:\/\/roulottesgagnon.com\/boutique\/wp-json\/wp\/v2\/media?parent=2260"}],"wp:term":[{"taxonomy":"product_cat","embeddable":true,"href":"https:\/\/roulottesgagnon.com\/boutique\/wp-json\/wp\/v2\/product_cat?post=2260"},{"taxonomy":"product_tag","embeddable":true,"href":"https:\/\/roulottesgagnon.com\/boutique\/wp-json\/wp\/v2\/product_tag?post=2260"}],"curies":[{"name":"wp","href":"https:\/\/api.w.org\/{rel}","templated":true}]}}