{"id":2259,"date":"2020-06-23T17:49:44","date_gmt":"2020-06-23T17:49:44","guid":{"rendered":"https:\/\/roulottesgagnon.com\/boutique\/produit\/nettoyeur-toit-caoutchouc\/"},"modified":"2023-04-24T12:07:23","modified_gmt":"2023-04-24T12:07:23","slug":"nettoyeur-toit-caoutchouc-mirage-2000","status":"publish","type":"product","link":"https:\/\/roulottesgagnon.com\/boutique\/produit\/nettoyeur-toit-caoutchouc-mirage-2000\/","title":{"rendered":"Nettoyeur pour toit de caoutchouc Mirage 2000"},"content":{"rendered":"<p>Le nettoyeur pour toit de caoutchouc Mirage 2000 est le compl\u00e9ment parfait \u00e0 notre traitement de toit de caoutchouc, Mirage 2000 TUV. Puissant, nettoie en profondeur, non abrasif. Ne contient aucun produit p\u00e9trolier tel que recommand\u00e9 par les manufacturiers<\/p>\n<p>Nettoyeur d\u00e9graisseur sp\u00e9cialement formul\u00e9 pour nettoyer les toits de caoutchouc, EPDM, rincer \u00e0 grande eau pour d\u00e9layer les salet\u00e9s incrust\u00e9es sur le toit. Vaporiser sur une surface d\u2019environ 3 \u00e0 5 pi et utiliser une brosse douce pour activer le nettoyeur et soulever la salet\u00e9. Rincer la section nettoy\u00e9e.<\/p>\n","protected":false},"excerpt":{"rendered":"<p>Nettoyeur toit caoutchouc Mirage 2000<\/p>\n","protected":false},"featured_media":2061,"comment_status":"open","ping_status":"closed","template":"","meta":[],"product_cat":[21],"product_tag":[],"yoast_head":"<!-- This site is optimized with the Yoast SEO plugin v19.3 - https:\/\/yoast.com\/wordpress\/plugins\/seo\/ -->\n<title>Nettoyeur pour toit de caoutchouc Mirage 2000 - Boutique en ligne de Roulottes Gagnon<\/title>\n<meta name=\"description\" content=\"Le nettoyeur pour toit de caoutchouc Mirage 2000 est le nettoyeur parfait \u00e0 notre traitement de toit de caoutchouc, MIRAGE 2000.\" \/>\n<meta name=\"robots\" content=\"index, follow, max-snippet:-1, max-image-preview:large, max-video-preview:-1\" \/>\n<link rel=\"canonical\" href=\"https:\/\/roulottesgagnon.com\/boutique\/produit\/nettoyeur-toit-caoutchouc-mirage-2000\/\" \/>\n<meta property=\"og:locale\" content=\"fr_CA\" \/>\n<meta property=\"og:type\" content=\"article\" \/>\n<meta property=\"og:title\" content=\"Nettoyeur pour toit de caoutchouc Mirage 2000 - Boutique en ligne de Roulottes Gagnon\" \/>\n<meta property=\"og:description\" content=\"Le nettoyeur pour toit de caoutchouc Mirage 2000 est le nettoyeur parfait \u00e0 notre traitement de toit de caoutchouc, MIRAGE 2000.\" \/>\n<meta property=\"og:url\" content=\"https:\/\/roulottesgagnon.com\/boutique\/produit\/nettoyeur-toit-caoutchouc-mirage-2000\/\" \/>\n<meta property=\"og:site_name\" content=\"Boutique en ligne de Roulottes Gagnon\" \/>\n<meta property=\"article:publisher\" content=\"https:\/\/www.facebook.com\/RoulottesGagnon\" \/>\n<meta property=\"article:modified_time\" content=\"2023-04-24T12:07:23+00:00\" \/>\n<meta property=\"og:image\" content=\"https:\/\/roulottesgagnon.com\/boutique\/wp-content\/uploads\/2020\/06\/mirage-2000-tout-caoutchouc.jpg\" \/>\n\t<meta property=\"og:image:width\" content=\"1024\" \/>\n\t<meta property=\"og:image:height\" content=\"1024\" \/>\n\t<meta property=\"og:image:type\" content=\"image\/jpeg\" \/>\n<meta name=\"twitter:card\" content=\"summary_large_image\" \/>\n<meta name=\"twitter:site\" content=\"@roulottesg\" \/>\n<script type=\"application\/ld+json\" class=\"yoast-schema-graph\">{\"@context\":\"https:\/\/schema.org\",\"@graph\":[{\"@type\":\"WebSite\",\"@id\":\"https:\/\/roulottesgagnon.com\/boutique\/#website\",\"url\":\"https:\/\/roulottesgagnon.com\/boutique\/\",\"name\":\"Boutique en ligne de Roulottes Gagnon\",\"description\":\"Pi\u00e8ces et accessoires de roulottes\",\"potentialAction\":[{\"@type\":\"SearchAction\",\"target\":{\"@type\":\"EntryPoint\",\"urlTemplate\":\"https:\/\/roulottesgagnon.com\/boutique\/?s={search_term_string}\"},\"query-input\":\"required name=search_term_string\"}],\"inLanguage\":\"fr-CA\"},{\"@type\":\"ImageObject\",\"inLanguage\":\"fr-CA\",\"@id\":\"https:\/\/roulottesgagnon.com\/boutique\/produit\/nettoyeur-toit-caoutchouc-mirage-2000\/#primaryimage\",\"url\":\"https:\/\/roulottesgagnon.com\/boutique\/wp-content\/uploads\/2020\/06\/mirage-2000-tout-caoutchouc.jpg\",\"contentUrl\":\"https:\/\/roulottesgagnon.com\/boutique\/wp-content\/uploads\/2020\/06\/mirage-2000-tout-caoutchouc.jpg\",\"width\":1024,\"height\":1024},{\"@type\":\"WebPage\",\"@id\":\"https:\/\/roulottesgagnon.com\/boutique\/produit\/nettoyeur-toit-caoutchouc-mirage-2000\/\",\"url\":\"https:\/\/roulottesgagnon.com\/boutique\/produit\/nettoyeur-toit-caoutchouc-mirage-2000\/\",\"name\":\"Nettoyeur pour toit de caoutchouc Mirage 2000 - Boutique en ligne de Roulottes Gagnon\",\"isPartOf\":{\"@id\":\"https:\/\/roulottesgagnon.com\/boutique\/#website\"},\"primaryImageOfPage\":{\"@id\":\"https:\/\/roulottesgagnon.com\/boutique\/produit\/nettoyeur-toit-caoutchouc-mirage-2000\/#primaryimage\"},\"datePublished\":\"2020-06-23T17:49:44+00:00\",\"dateModified\":\"2023-04-24T12:07:23+00:00\",\"description\":\"Le nettoyeur pour toit de caoutchouc Mirage 2000 est le nettoyeur parfait \u00e0 notre traitement de toit de caoutchouc, MIRAGE 2000.\",\"breadcrumb\":{\"@id\":\"https:\/\/roulottesgagnon.com\/boutique\/produit\/nettoyeur-toit-caoutchouc-mirage-2000\/#breadcrumb\"},\"inLanguage\":\"fr-CA\",\"potentialAction\":[{\"@type\":\"ReadAction\",\"target\":[\"https:\/\/roulottesgagnon.com\/boutique\/produit\/nettoyeur-toit-caoutchouc-mirage-2000\/\"]}]},{\"@type\":\"BreadcrumbList\",\"@id\":\"https:\/\/roulottesgagnon.com\/boutique\/produit\/nettoyeur-toit-caoutchouc-mirage-2000\/#breadcrumb\",\"itemListElement\":[{\"@type\":\"ListItem\",\"position\":1,\"name\":\"Home\",\"item\":\"https:\/\/roulottesgagnon.com\/boutique\/\"},{\"@type\":\"ListItem\",\"position\":2,\"name\":\"Boutique en ligne\",\"item\":\"https:\/\/roulottesgagnon.com\/boutique\/\"},{\"@type\":\"ListItem\",\"position\":3,\"name\":\"Nettoyeur pour toit de caoutchouc Mirage 2000\"}]}]}<\/script>\n<!-- \/ Yoast SEO plugin. -->","yoast_head_json":{"title":"Nettoyeur pour toit de caoutchouc Mirage 2000 - Boutique en ligne de Roulottes Gagnon","description":"Le nettoyeur pour toit de caoutchouc Mirage 2000 est le nettoyeur parfait \u00e0 notre traitement de toit de caoutchouc, MIRAGE 2000.","robots":{"index":"index","follow":"follow","max-snippet":"max-snippet:-1","max-image-preview":"max-image-preview:large","max-video-preview":"max-video-preview:-1"},"canonical":"https:\/\/roulottesgagnon.com\/boutique\/produit\/nettoyeur-toit-caoutchouc-mirage-2000\/","og_locale":"fr_CA","og_type":"article","og_title":"Nettoyeur pour toit de caoutchouc Mirage 2000 - Boutique en ligne de Roulottes Gagnon","og_description":"Le nettoyeur pour toit de caoutchouc Mirage 2000 est le nettoyeur parfait \u00e0 notre traitement de toit de caoutchouc, MIRAGE 2000.","og_url":"https:\/\/roulottesgagnon.com\/boutique\/produit\/nettoyeur-toit-caoutchouc-mirage-2000\/","og_site_name":"Boutique en ligne de Roulottes Gagnon","article_publisher":"https:\/\/www.facebook.com\/RoulottesGagnon","article_modified_time":"2023-04-24T12:07:23+00:00","og_image":[{"width":1024,"height":1024,"url":"https:\/\/roulottesgagnon.com\/boutique\/wp-content\/uploads\/2020\/06\/mirage-2000-tout-caoutchouc.jpg","type":"image\/jpeg"}],"twitter_card":"summary_large_image","twitter_site":"@roulottesg","schema":{"@context":"https:\/\/schema.org","@graph":[{"@type":"WebSite","@id":"https:\/\/roulottesgagnon.com\/boutique\/#website","url":"https:\/\/roulottesgagnon.com\/boutique\/","name":"Boutique en ligne de Roulottes Gagnon","description":"Pi\u00e8ces et accessoires de roulottes","potentialAction":[{"@type":"SearchAction","target":{"@type":"EntryPoint","urlTemplate":"https:\/\/roulottesgagnon.com\/boutique\/?s={search_term_string}"},"query-input":"required name=search_term_string"}],"inLanguage":"fr-CA"},{"@type":"ImageObject","inLanguage":"fr-CA","@id":"https:\/\/roulottesgagnon.com\/boutique\/produit\/nettoyeur-toit-caoutchouc-mirage-2000\/#primaryimage","url":"https:\/\/roulottesgagnon.com\/boutique\/wp-content\/uploads\/2020\/06\/mirage-2000-tout-caoutchouc.jpg","contentUrl":"https:\/\/roulottesgagnon.com\/boutique\/wp-content\/uploads\/2020\/06\/mirage-2000-tout-caoutchouc.jpg","width":1024,"height":1024},{"@type":"WebPage","@id":"https:\/\/roulottesgagnon.com\/boutique\/produit\/nettoyeur-toit-caoutchouc-mirage-2000\/","url":"https:\/\/roulottesgagnon.com\/boutique\/produit\/nettoyeur-toit-caoutchouc-mirage-2000\/","name":"Nettoyeur pour toit de caoutchouc Mirage 2000 - Boutique en ligne de Roulottes Gagnon","isPartOf":{"@id":"https:\/\/roulottesgagnon.com\/boutique\/#website"},"primaryImageOfPage":{"@id":"https:\/\/roulottesgagnon.com\/boutique\/produit\/nettoyeur-toit-caoutchouc-mirage-2000\/#primaryimage"},"datePublished":"2020-06-23T17:49:44+00:00","dateModified":"2023-04-24T12:07:23+00:00","description":"Le nettoyeur pour toit de caoutchouc Mirage 2000 est le nettoyeur parfait \u00e0 notre traitement de toit de caoutchouc, MIRAGE 2000.","breadcrumb":{"@id":"https:\/\/roulottesgagnon.com\/boutique\/produit\/nettoyeur-toit-caoutchouc-mirage-2000\/#breadcrumb"},"inLanguage":"fr-CA","potentialAction":[{"@type":"ReadAction","target":["https:\/\/roulottesgagnon.com\/boutique\/produit\/nettoyeur-toit-caoutchouc-mirage-2000\/"]}]},{"@type":"BreadcrumbList","@id":"https:\/\/roulottesgagnon.com\/boutique\/produit\/nettoyeur-toit-caoutchouc-mirage-2000\/#breadcrumb","itemListElement":[{"@type":"ListItem","position":1,"name":"Home","item":"https:\/\/roulottesgagnon.com\/boutique\/"},{"@type":"ListItem","position":2,"name":"Boutique en ligne","item":"https:\/\/roulottesgagnon.com\/boutique\/"},{"@type":"ListItem","position":3,"name":"Nettoyeur pour toit de caoutchouc Mirage 2000"}]}]}},"_links":{"self":[{"href":"https:\/\/roulottesgagnon.com\/boutique\/wp-json\/wp\/v2\/product\/2259"}],"collection":[{"href":"https:\/\/roulottesgagnon.com\/boutique\/wp-json\/wp\/v2\/product"}],"about":[{"href":"https:\/\/roulottesgagnon.com\/boutique\/wp-json\/wp\/v2\/types\/product"}],"replies":[{"embeddable":true,"href":"https:\/\/roulottesgagnon.com\/boutique\/wp-json\/wp\/v2\/comments?post=2259"}],"wp:featuredmedia":[{"embeddable":true,"href":"https:\/\/roulottesgagnon.com\/boutique\/wp-json\/wp\/v2\/media\/2061"}],"wp:attachment":[{"href":"https:\/\/roulottesgagnon.com\/boutique\/wp-json\/wp\/v2\/media?parent=2259"}],"wp:term":[{"taxonomy":"product_cat","embeddable":true,"href":"https:\/\/roulottesgagnon.com\/boutique\/wp-json\/wp\/v2\/product_cat?post=2259"},{"taxonomy":"product_tag","embeddable":true,"href":"https:\/\/roulottesgagnon.com\/boutique\/wp-json\/wp\/v2\/product_tag?post=2259"}],"curies":[{"name":"wp","href":"https:\/\/api.w.org\/{rel}","templated":true}]}}