{"id":2256,"date":"2020-06-23T17:49:40","date_gmt":"2020-06-23T17:49:40","guid":{"rendered":"https:\/\/roulottesgagnon.com\/boutique\/produit\/vinyl-lustre\/"},"modified":"2025-07-07T15:45:31","modified_gmt":"2025-07-07T15:45:31","slug":"vinylustre","status":"publish","type":"product","link":"https:\/\/roulottesgagnon.com\/boutique\/produit\/vinylustre\/","title":{"rendered":"Vinylustre"},"content":{"rendered":"<p>Traitement + imperm\u00e9abilisant pour vinyle et protection UV<br \/>\nProlonge la dur\u00e9e des auvents en vinyle<br \/>\nScelle les surfaces et emp\u00eache la salet\u00e9 et la moisissure de s&rsquo;incruster dans les pores.<\/p>\n<p>Mode d&#8217;emploi:<br \/>\nNettoyer la surface \u00e0 traiter avec le nettoyeur\/d\u00e9graisseur ou le nettoyeur d\u2019auvents aux agrumes Mirage 2000, rincer et laisser s\u00e9cher. Appliquer VINYLUSTRE en vaporisant sur une surface de 1 mc \u00e0 la fois. \u00c9tendre avec un linge ou une \u00e9ponge, id\u00e9al pour tout genre de toile de vinyle.<\/p>\n","protected":false},"excerpt":{"rendered":"<p>Traitement pour vinyle et imperm\u00e9abilisant Mirage 2000<\/p>\n","protected":false},"featured_media":2060,"comment_status":"open","ping_status":"closed","template":"","meta":[],"product_cat":[21],"product_tag":[],"yoast_head":"<!-- This site is optimized with the Yoast SEO plugin v19.3 - https:\/\/yoast.com\/wordpress\/plugins\/seo\/ -->\n<title>Vinylustre - Boutique en ligne de Roulottes Gagnon<\/title>\n<meta name=\"description\" content=\"Vinylustre de Mirage 2000. Traitement + imperm\u00e9abilisant pour vinyle et protection UV. Vinylustre prolonge la dur\u00e9e des auvents en vinyle\" \/>\n<meta name=\"robots\" content=\"index, follow, max-snippet:-1, max-image-preview:large, max-video-preview:-1\" \/>\n<link rel=\"canonical\" href=\"https:\/\/roulottesgagnon.com\/boutique\/produit\/vinylustre\/\" \/>\n<meta property=\"og:locale\" content=\"fr_CA\" \/>\n<meta property=\"og:type\" content=\"article\" \/>\n<meta property=\"og:title\" content=\"Vinylustre - Boutique en ligne de Roulottes Gagnon\" \/>\n<meta property=\"og:description\" content=\"Vinylustre de Mirage 2000. Traitement + imperm\u00e9abilisant pour vinyle et protection UV. Vinylustre prolonge la dur\u00e9e des auvents en vinyle\" \/>\n<meta property=\"og:url\" content=\"https:\/\/roulottesgagnon.com\/boutique\/produit\/vinylustre\/\" \/>\n<meta property=\"og:site_name\" content=\"Boutique en ligne de Roulottes Gagnon\" \/>\n<meta property=\"article:publisher\" content=\"https:\/\/www.facebook.com\/RoulottesGagnon\" \/>\n<meta property=\"article:modified_time\" content=\"2025-07-07T15:45:31+00:00\" \/>\n<meta property=\"og:image\" content=\"https:\/\/roulottesgagnon.com\/boutique\/wp-content\/uploads\/2020\/06\/mirage-2000-vinyle-lustre.jpg\" \/>\n\t<meta property=\"og:image:width\" content=\"1024\" \/>\n\t<meta property=\"og:image:height\" content=\"1024\" \/>\n\t<meta property=\"og:image:type\" content=\"image\/jpeg\" \/>\n<meta name=\"twitter:card\" content=\"summary_large_image\" \/>\n<meta name=\"twitter:site\" content=\"@roulottesg\" \/>\n<meta name=\"twitter:label1\" content=\"Estimation du temps de lecture\" \/>\n\t<meta name=\"twitter:data1\" content=\"1 minute\" \/>\n<script type=\"application\/ld+json\" class=\"yoast-schema-graph\">{\"@context\":\"https:\/\/schema.org\",\"@graph\":[{\"@type\":\"WebSite\",\"@id\":\"https:\/\/roulottesgagnon.com\/boutique\/#website\",\"url\":\"https:\/\/roulottesgagnon.com\/boutique\/\",\"name\":\"Boutique en ligne de Roulottes Gagnon\",\"description\":\"Pi\u00e8ces et accessoires de roulottes\",\"potentialAction\":[{\"@type\":\"SearchAction\",\"target\":{\"@type\":\"EntryPoint\",\"urlTemplate\":\"https:\/\/roulottesgagnon.com\/boutique\/?s={search_term_string}\"},\"query-input\":\"required name=search_term_string\"}],\"inLanguage\":\"fr-CA\"},{\"@type\":\"ImageObject\",\"inLanguage\":\"fr-CA\",\"@id\":\"https:\/\/roulottesgagnon.com\/boutique\/produit\/vinylustre\/#primaryimage\",\"url\":\"https:\/\/roulottesgagnon.com\/boutique\/wp-content\/uploads\/2020\/06\/mirage-2000-vinyle-lustre.jpg\",\"contentUrl\":\"https:\/\/roulottesgagnon.com\/boutique\/wp-content\/uploads\/2020\/06\/mirage-2000-vinyle-lustre.jpg\",\"width\":1024,\"height\":1024},{\"@type\":\"WebPage\",\"@id\":\"https:\/\/roulottesgagnon.com\/boutique\/produit\/vinylustre\/\",\"url\":\"https:\/\/roulottesgagnon.com\/boutique\/produit\/vinylustre\/\",\"name\":\"Vinylustre - Boutique en ligne de Roulottes Gagnon\",\"isPartOf\":{\"@id\":\"https:\/\/roulottesgagnon.com\/boutique\/#website\"},\"primaryImageOfPage\":{\"@id\":\"https:\/\/roulottesgagnon.com\/boutique\/produit\/vinylustre\/#primaryimage\"},\"datePublished\":\"2020-06-23T17:49:40+00:00\",\"dateModified\":\"2025-07-07T15:45:31+00:00\",\"description\":\"Vinylustre de Mirage 2000. Traitement + imperm\u00e9abilisant pour vinyle et protection UV. Vinylustre prolonge la dur\u00e9e des auvents en vinyle\",\"breadcrumb\":{\"@id\":\"https:\/\/roulottesgagnon.com\/boutique\/produit\/vinylustre\/#breadcrumb\"},\"inLanguage\":\"fr-CA\",\"potentialAction\":[{\"@type\":\"ReadAction\",\"target\":[\"https:\/\/roulottesgagnon.com\/boutique\/produit\/vinylustre\/\"]}]},{\"@type\":\"BreadcrumbList\",\"@id\":\"https:\/\/roulottesgagnon.com\/boutique\/produit\/vinylustre\/#breadcrumb\",\"itemListElement\":[{\"@type\":\"ListItem\",\"position\":1,\"name\":\"Home\",\"item\":\"https:\/\/roulottesgagnon.com\/boutique\/\"},{\"@type\":\"ListItem\",\"position\":2,\"name\":\"Boutique en ligne\",\"item\":\"https:\/\/roulottesgagnon.com\/boutique\/\"},{\"@type\":\"ListItem\",\"position\":3,\"name\":\"Vinylustre\"}]}]}<\/script>\n<!-- \/ Yoast SEO plugin. -->","yoast_head_json":{"title":"Vinylustre - Boutique en ligne de Roulottes Gagnon","description":"Vinylustre de Mirage 2000. Traitement + imperm\u00e9abilisant pour vinyle et protection UV. Vinylustre prolonge la dur\u00e9e des auvents en vinyle","robots":{"index":"index","follow":"follow","max-snippet":"max-snippet:-1","max-image-preview":"max-image-preview:large","max-video-preview":"max-video-preview:-1"},"canonical":"https:\/\/roulottesgagnon.com\/boutique\/produit\/vinylustre\/","og_locale":"fr_CA","og_type":"article","og_title":"Vinylustre - Boutique en ligne de Roulottes Gagnon","og_description":"Vinylustre de Mirage 2000. Traitement + imperm\u00e9abilisant pour vinyle et protection UV. Vinylustre prolonge la dur\u00e9e des auvents en vinyle","og_url":"https:\/\/roulottesgagnon.com\/boutique\/produit\/vinylustre\/","og_site_name":"Boutique en ligne de Roulottes Gagnon","article_publisher":"https:\/\/www.facebook.com\/RoulottesGagnon","article_modified_time":"2025-07-07T15:45:31+00:00","og_image":[{"width":1024,"height":1024,"url":"https:\/\/roulottesgagnon.com\/boutique\/wp-content\/uploads\/2020\/06\/mirage-2000-vinyle-lustre.jpg","type":"image\/jpeg"}],"twitter_card":"summary_large_image","twitter_site":"@roulottesg","twitter_misc":{"Estimation du temps de lecture":"1 minute"},"schema":{"@context":"https:\/\/schema.org","@graph":[{"@type":"WebSite","@id":"https:\/\/roulottesgagnon.com\/boutique\/#website","url":"https:\/\/roulottesgagnon.com\/boutique\/","name":"Boutique en ligne de Roulottes Gagnon","description":"Pi\u00e8ces et accessoires de roulottes","potentialAction":[{"@type":"SearchAction","target":{"@type":"EntryPoint","urlTemplate":"https:\/\/roulottesgagnon.com\/boutique\/?s={search_term_string}"},"query-input":"required name=search_term_string"}],"inLanguage":"fr-CA"},{"@type":"ImageObject","inLanguage":"fr-CA","@id":"https:\/\/roulottesgagnon.com\/boutique\/produit\/vinylustre\/#primaryimage","url":"https:\/\/roulottesgagnon.com\/boutique\/wp-content\/uploads\/2020\/06\/mirage-2000-vinyle-lustre.jpg","contentUrl":"https:\/\/roulottesgagnon.com\/boutique\/wp-content\/uploads\/2020\/06\/mirage-2000-vinyle-lustre.jpg","width":1024,"height":1024},{"@type":"WebPage","@id":"https:\/\/roulottesgagnon.com\/boutique\/produit\/vinylustre\/","url":"https:\/\/roulottesgagnon.com\/boutique\/produit\/vinylustre\/","name":"Vinylustre - Boutique en ligne de Roulottes Gagnon","isPartOf":{"@id":"https:\/\/roulottesgagnon.com\/boutique\/#website"},"primaryImageOfPage":{"@id":"https:\/\/roulottesgagnon.com\/boutique\/produit\/vinylustre\/#primaryimage"},"datePublished":"2020-06-23T17:49:40+00:00","dateModified":"2025-07-07T15:45:31+00:00","description":"Vinylustre de Mirage 2000. Traitement + imperm\u00e9abilisant pour vinyle et protection UV. Vinylustre prolonge la dur\u00e9e des auvents en vinyle","breadcrumb":{"@id":"https:\/\/roulottesgagnon.com\/boutique\/produit\/vinylustre\/#breadcrumb"},"inLanguage":"fr-CA","potentialAction":[{"@type":"ReadAction","target":["https:\/\/roulottesgagnon.com\/boutique\/produit\/vinylustre\/"]}]},{"@type":"BreadcrumbList","@id":"https:\/\/roulottesgagnon.com\/boutique\/produit\/vinylustre\/#breadcrumb","itemListElement":[{"@type":"ListItem","position":1,"name":"Home","item":"https:\/\/roulottesgagnon.com\/boutique\/"},{"@type":"ListItem","position":2,"name":"Boutique en ligne","item":"https:\/\/roulottesgagnon.com\/boutique\/"},{"@type":"ListItem","position":3,"name":"Vinylustre"}]}]}},"_links":{"self":[{"href":"https:\/\/roulottesgagnon.com\/boutique\/wp-json\/wp\/v2\/product\/2256"}],"collection":[{"href":"https:\/\/roulottesgagnon.com\/boutique\/wp-json\/wp\/v2\/product"}],"about":[{"href":"https:\/\/roulottesgagnon.com\/boutique\/wp-json\/wp\/v2\/types\/product"}],"replies":[{"embeddable":true,"href":"https:\/\/roulottesgagnon.com\/boutique\/wp-json\/wp\/v2\/comments?post=2256"}],"wp:featuredmedia":[{"embeddable":true,"href":"https:\/\/roulottesgagnon.com\/boutique\/wp-json\/wp\/v2\/media\/2060"}],"wp:attachment":[{"href":"https:\/\/roulottesgagnon.com\/boutique\/wp-json\/wp\/v2\/media?parent=2256"}],"wp:term":[{"taxonomy":"product_cat","embeddable":true,"href":"https:\/\/roulottesgagnon.com\/boutique\/wp-json\/wp\/v2\/product_cat?post=2256"},{"taxonomy":"product_tag","embeddable":true,"href":"https:\/\/roulottesgagnon.com\/boutique\/wp-json\/wp\/v2\/product_tag?post=2256"}],"curies":[{"name":"wp","href":"https:\/\/api.w.org\/{rel}","templated":true}]}}