{"id":2236,"date":"2020-06-23T00:08:09","date_gmt":"2020-06-23T00:08:09","guid":{"rendered":"https:\/\/roulottesgagnon.com\/boutique\/?post_type=product&#038;p=2236"},"modified":"2025-10-10T15:23:36","modified_gmt":"2025-10-10T15:23:36","slug":"trousse-de-derivation-pour-chauffe-eau","status":"publish","type":"product","link":"https:\/\/roulottesgagnon.com\/boutique\/produit\/trousse-de-derivation-pour-chauffe-eau\/","title":{"rendered":"Trousse de d\u00e9rivation pour chauffe eau"},"content":{"rendered":"<p>la trousse de d\u00e9rivation Valterra vous permet de vidanger rapidement et facilement la tuyauterie d\u2019alimentation d\u2019eau avec un antigel non toxique, afin de prot\u00e9ger compl\u00e8tement votre r\u00e9seau d\u2019alimentation en eau contre les temps de gel. Une fois install\u00e9e, la trousse de d\u00e9rivation Valterra permettra une pr\u00e9paration hivernale annuelle, laissant le fonctionnement du syst\u00e8me original pratiquement inchang\u00e9. La trousse de d\u00e9rivation Valterra est relativement simple `^\u00e0 installer. Vous aurez seulement besoin de deux cl\u00e9s, ouvertes ou ajustables, de la bonne grosseur. La trousse de d\u00e9rivation Valterra comprend toutes les autres pi\u00e8ces n\u00e9cessaires \u00e0 l\u2019installation, et un ruban sp\u00e9cial en PTFE<\/p>\n","protected":false},"excerpt":{"rendered":"<p>Trousse de d\u00e9rivation pour chauffe eau 10 gallons. Installation permanente<\/p>\n","protected":false},"featured_media":1988,"comment_status":"open","ping_status":"closed","template":"","meta":[],"product_cat":[20],"product_tag":[],"yoast_head":"<!-- This site is optimized with the Yoast SEO plugin v19.3 - https:\/\/yoast.com\/wordpress\/plugins\/seo\/ -->\n<title>Trousse de d\u00e9rivation pour chauffe eau - Boutique en ligne de Roulottes Gagnon<\/title>\n<meta name=\"robots\" content=\"index, follow, max-snippet:-1, max-image-preview:large, max-video-preview:-1\" \/>\n<link rel=\"canonical\" href=\"https:\/\/roulottesgagnon.com\/boutique\/produit\/trousse-de-derivation-pour-chauffe-eau\/\" \/>\n<meta property=\"og:locale\" content=\"fr_CA\" \/>\n<meta property=\"og:type\" content=\"article\" \/>\n<meta property=\"og:title\" content=\"Trousse de d\u00e9rivation pour chauffe eau - Boutique en ligne de Roulottes Gagnon\" \/>\n<meta property=\"og:description\" content=\"Trousse de d\u00e9rivation pour chauffe eau 10 gallons. Installation permanente\" \/>\n<meta property=\"og:url\" content=\"https:\/\/roulottesgagnon.com\/boutique\/produit\/trousse-de-derivation-pour-chauffe-eau\/\" \/>\n<meta property=\"og:site_name\" content=\"Boutique en ligne de Roulottes Gagnon\" \/>\n<meta property=\"article:publisher\" content=\"https:\/\/www.facebook.com\/RoulottesGagnon\" \/>\n<meta property=\"article:modified_time\" content=\"2025-10-10T15:23:36+00:00\" \/>\n<meta property=\"og:image\" content=\"https:\/\/roulottesgagnon.com\/boutique\/wp-content\/uploads\/2020\/06\/trousse-derivation-chaudde-eau.jpg\" \/>\n\t<meta property=\"og:image:width\" content=\"1024\" \/>\n\t<meta property=\"og:image:height\" content=\"1024\" \/>\n\t<meta property=\"og:image:type\" content=\"image\/jpeg\" \/>\n<meta name=\"twitter:card\" content=\"summary_large_image\" \/>\n<meta name=\"twitter:site\" content=\"@roulottesg\" \/>\n<meta name=\"twitter:label1\" content=\"Estimation du temps de lecture\" \/>\n\t<meta name=\"twitter:data1\" content=\"1 minute\" \/>\n<script type=\"application\/ld+json\" class=\"yoast-schema-graph\">{\"@context\":\"https:\/\/schema.org\",\"@graph\":[{\"@type\":\"WebSite\",\"@id\":\"https:\/\/roulottesgagnon.com\/boutique\/#website\",\"url\":\"https:\/\/roulottesgagnon.com\/boutique\/\",\"name\":\"Boutique en ligne de Roulottes Gagnon\",\"description\":\"Pi\u00e8ces et accessoires de roulottes\",\"potentialAction\":[{\"@type\":\"SearchAction\",\"target\":{\"@type\":\"EntryPoint\",\"urlTemplate\":\"https:\/\/roulottesgagnon.com\/boutique\/?s={search_term_string}\"},\"query-input\":\"required name=search_term_string\"}],\"inLanguage\":\"fr-CA\"},{\"@type\":\"ImageObject\",\"inLanguage\":\"fr-CA\",\"@id\":\"https:\/\/roulottesgagnon.com\/boutique\/produit\/trousse-de-derivation-pour-chauffe-eau\/#primaryimage\",\"url\":\"https:\/\/roulottesgagnon.com\/boutique\/wp-content\/uploads\/2020\/06\/trousse-derivation-chaudde-eau.jpg\",\"contentUrl\":\"https:\/\/roulottesgagnon.com\/boutique\/wp-content\/uploads\/2020\/06\/trousse-derivation-chaudde-eau.jpg\",\"width\":1024,\"height\":1024},{\"@type\":\"WebPage\",\"@id\":\"https:\/\/roulottesgagnon.com\/boutique\/produit\/trousse-de-derivation-pour-chauffe-eau\/\",\"url\":\"https:\/\/roulottesgagnon.com\/boutique\/produit\/trousse-de-derivation-pour-chauffe-eau\/\",\"name\":\"Trousse de d\u00e9rivation pour chauffe eau - Boutique en ligne de Roulottes Gagnon\",\"isPartOf\":{\"@id\":\"https:\/\/roulottesgagnon.com\/boutique\/#website\"},\"primaryImageOfPage\":{\"@id\":\"https:\/\/roulottesgagnon.com\/boutique\/produit\/trousse-de-derivation-pour-chauffe-eau\/#primaryimage\"},\"datePublished\":\"2020-06-23T00:08:09+00:00\",\"dateModified\":\"2025-10-10T15:23:36+00:00\",\"breadcrumb\":{\"@id\":\"https:\/\/roulottesgagnon.com\/boutique\/produit\/trousse-de-derivation-pour-chauffe-eau\/#breadcrumb\"},\"inLanguage\":\"fr-CA\",\"potentialAction\":[{\"@type\":\"ReadAction\",\"target\":[\"https:\/\/roulottesgagnon.com\/boutique\/produit\/trousse-de-derivation-pour-chauffe-eau\/\"]}]},{\"@type\":\"BreadcrumbList\",\"@id\":\"https:\/\/roulottesgagnon.com\/boutique\/produit\/trousse-de-derivation-pour-chauffe-eau\/#breadcrumb\",\"itemListElement\":[{\"@type\":\"ListItem\",\"position\":1,\"name\":\"Home\",\"item\":\"https:\/\/roulottesgagnon.com\/boutique\/\"},{\"@type\":\"ListItem\",\"position\":2,\"name\":\"Boutique en ligne\",\"item\":\"https:\/\/roulottesgagnon.com\/boutique\/\"},{\"@type\":\"ListItem\",\"position\":3,\"name\":\"Trousse de d\u00e9rivation pour chauffe eau\"}]}]}<\/script>\n<!-- \/ Yoast SEO plugin. -->","yoast_head_json":{"title":"Trousse de d\u00e9rivation pour chauffe eau - Boutique en ligne de Roulottes Gagnon","robots":{"index":"index","follow":"follow","max-snippet":"max-snippet:-1","max-image-preview":"max-image-preview:large","max-video-preview":"max-video-preview:-1"},"canonical":"https:\/\/roulottesgagnon.com\/boutique\/produit\/trousse-de-derivation-pour-chauffe-eau\/","og_locale":"fr_CA","og_type":"article","og_title":"Trousse de d\u00e9rivation pour chauffe eau - Boutique en ligne de Roulottes Gagnon","og_description":"Trousse de d\u00e9rivation pour chauffe eau 10 gallons. Installation permanente","og_url":"https:\/\/roulottesgagnon.com\/boutique\/produit\/trousse-de-derivation-pour-chauffe-eau\/","og_site_name":"Boutique en ligne de Roulottes Gagnon","article_publisher":"https:\/\/www.facebook.com\/RoulottesGagnon","article_modified_time":"2025-10-10T15:23:36+00:00","og_image":[{"width":1024,"height":1024,"url":"https:\/\/roulottesgagnon.com\/boutique\/wp-content\/uploads\/2020\/06\/trousse-derivation-chaudde-eau.jpg","type":"image\/jpeg"}],"twitter_card":"summary_large_image","twitter_site":"@roulottesg","twitter_misc":{"Estimation du temps de lecture":"1 minute"},"schema":{"@context":"https:\/\/schema.org","@graph":[{"@type":"WebSite","@id":"https:\/\/roulottesgagnon.com\/boutique\/#website","url":"https:\/\/roulottesgagnon.com\/boutique\/","name":"Boutique en ligne de Roulottes Gagnon","description":"Pi\u00e8ces et accessoires de roulottes","potentialAction":[{"@type":"SearchAction","target":{"@type":"EntryPoint","urlTemplate":"https:\/\/roulottesgagnon.com\/boutique\/?s={search_term_string}"},"query-input":"required name=search_term_string"}],"inLanguage":"fr-CA"},{"@type":"ImageObject","inLanguage":"fr-CA","@id":"https:\/\/roulottesgagnon.com\/boutique\/produit\/trousse-de-derivation-pour-chauffe-eau\/#primaryimage","url":"https:\/\/roulottesgagnon.com\/boutique\/wp-content\/uploads\/2020\/06\/trousse-derivation-chaudde-eau.jpg","contentUrl":"https:\/\/roulottesgagnon.com\/boutique\/wp-content\/uploads\/2020\/06\/trousse-derivation-chaudde-eau.jpg","width":1024,"height":1024},{"@type":"WebPage","@id":"https:\/\/roulottesgagnon.com\/boutique\/produit\/trousse-de-derivation-pour-chauffe-eau\/","url":"https:\/\/roulottesgagnon.com\/boutique\/produit\/trousse-de-derivation-pour-chauffe-eau\/","name":"Trousse de d\u00e9rivation pour chauffe eau - Boutique en ligne de Roulottes Gagnon","isPartOf":{"@id":"https:\/\/roulottesgagnon.com\/boutique\/#website"},"primaryImageOfPage":{"@id":"https:\/\/roulottesgagnon.com\/boutique\/produit\/trousse-de-derivation-pour-chauffe-eau\/#primaryimage"},"datePublished":"2020-06-23T00:08:09+00:00","dateModified":"2025-10-10T15:23:36+00:00","breadcrumb":{"@id":"https:\/\/roulottesgagnon.com\/boutique\/produit\/trousse-de-derivation-pour-chauffe-eau\/#breadcrumb"},"inLanguage":"fr-CA","potentialAction":[{"@type":"ReadAction","target":["https:\/\/roulottesgagnon.com\/boutique\/produit\/trousse-de-derivation-pour-chauffe-eau\/"]}]},{"@type":"BreadcrumbList","@id":"https:\/\/roulottesgagnon.com\/boutique\/produit\/trousse-de-derivation-pour-chauffe-eau\/#breadcrumb","itemListElement":[{"@type":"ListItem","position":1,"name":"Home","item":"https:\/\/roulottesgagnon.com\/boutique\/"},{"@type":"ListItem","position":2,"name":"Boutique en ligne","item":"https:\/\/roulottesgagnon.com\/boutique\/"},{"@type":"ListItem","position":3,"name":"Trousse de d\u00e9rivation pour chauffe eau"}]}]}},"_links":{"self":[{"href":"https:\/\/roulottesgagnon.com\/boutique\/wp-json\/wp\/v2\/product\/2236"}],"collection":[{"href":"https:\/\/roulottesgagnon.com\/boutique\/wp-json\/wp\/v2\/product"}],"about":[{"href":"https:\/\/roulottesgagnon.com\/boutique\/wp-json\/wp\/v2\/types\/product"}],"replies":[{"embeddable":true,"href":"https:\/\/roulottesgagnon.com\/boutique\/wp-json\/wp\/v2\/comments?post=2236"}],"wp:featuredmedia":[{"embeddable":true,"href":"https:\/\/roulottesgagnon.com\/boutique\/wp-json\/wp\/v2\/media\/1988"}],"wp:attachment":[{"href":"https:\/\/roulottesgagnon.com\/boutique\/wp-json\/wp\/v2\/media?parent=2236"}],"wp:term":[{"taxonomy":"product_cat","embeddable":true,"href":"https:\/\/roulottesgagnon.com\/boutique\/wp-json\/wp\/v2\/product_cat?post=2236"},{"taxonomy":"product_tag","embeddable":true,"href":"https:\/\/roulottesgagnon.com\/boutique\/wp-json\/wp\/v2\/product_tag?post=2236"}],"curies":[{"name":"wp","href":"https:\/\/api.w.org\/{rel}","templated":true}]}}