{"id":1901,"date":"2020-06-12T20:14:27","date_gmt":"2020-06-12T20:14:27","guid":{"rendered":"https:\/\/roulottesgagnon.com\/boutique\/product\/assainisseur-deau-potable\/"},"modified":"2025-10-10T14:52:25","modified_gmt":"2025-10-10T14:52:25","slug":"assainisseur-deau-potable","status":"publish","type":"product","link":"https:\/\/roulottesgagnon.com\/boutique\/produit\/assainisseur-deau-potable\/","title":{"rendered":"Assainisseur d&rsquo;eau potable"},"content":{"rendered":"<p>Un assainisseur d\u2019eau potable permettra d\u2019aseptiser le r\u00e9servoir d\u2019eau potable et la tuyauterie de votre roulotte simultan\u00e9ment. On \u00e9vitera ainsi d\u2019avoir des taches noires dans le r\u00e9servoir d\u2019eau potable. L\u2019assainisseur permet \u00e9galement d\u2019\u00e9liminer la pr\u00e9sence de bact\u00e9ries et les restant de prestone \u00e0 plomberie qui pourraient laissez un arri\u00e8re-gout. En faisant cela, on s\u2019assure d\u2019avoir une eau qui a bon gout et qui est s\u00e9curitaire.<\/p>\n","protected":false},"excerpt":{"rendered":"<p>Assainisseur d&rsquo;eau potable, pour des r\u00e9serves d&rsquo;eau au go\u00fbt frais et sans odeurs<\/p>\n","protected":false},"featured_media":2212,"comment_status":"open","ping_status":"closed","template":"","meta":[],"product_cat":[20],"product_tag":[],"yoast_head":"<!-- This site is optimized with the Yoast SEO plugin v19.3 - https:\/\/yoast.com\/wordpress\/plugins\/seo\/ -->\n<title>Assainisseur d&#039;eau potable - Boutique en ligne de Roulottes Gagnon<\/title>\n<meta name=\"robots\" content=\"index, follow, max-snippet:-1, max-image-preview:large, max-video-preview:-1\" \/>\n<link rel=\"canonical\" href=\"https:\/\/roulottesgagnon.com\/boutique\/produit\/assainisseur-deau-potable\/\" \/>\n<meta property=\"og:locale\" content=\"fr_CA\" \/>\n<meta property=\"og:type\" content=\"article\" \/>\n<meta property=\"og:title\" content=\"Assainisseur d&#039;eau potable - Boutique en ligne de Roulottes Gagnon\" \/>\n<meta property=\"og:description\" content=\"Assainisseur d&#039;eau potable, pour des r\u00e9serves d&#039;eau au go\u00fbt frais et sans odeurs\" \/>\n<meta property=\"og:url\" content=\"https:\/\/roulottesgagnon.com\/boutique\/produit\/assainisseur-deau-potable\/\" \/>\n<meta property=\"og:site_name\" content=\"Boutique en ligne de Roulottes Gagnon\" \/>\n<meta property=\"article:publisher\" content=\"https:\/\/www.facebook.com\/RoulottesGagnon\" \/>\n<meta property=\"article:modified_time\" content=\"2025-10-10T14:52:25+00:00\" \/>\n<meta property=\"og:image\" content=\"https:\/\/roulottesgagnon.com\/boutique\/wp-content\/uploads\/2020\/06\/assainisseur-eau-potable.jpg\" \/>\n\t<meta property=\"og:image:width\" content=\"1024\" \/>\n\t<meta property=\"og:image:height\" content=\"1024\" \/>\n\t<meta property=\"og:image:type\" content=\"image\/jpeg\" \/>\n<meta name=\"twitter:card\" content=\"summary_large_image\" \/>\n<meta name=\"twitter:site\" content=\"@roulottesg\" \/>\n<script type=\"application\/ld+json\" class=\"yoast-schema-graph\">{\"@context\":\"https:\/\/schema.org\",\"@graph\":[{\"@type\":\"WebSite\",\"@id\":\"https:\/\/roulottesgagnon.com\/boutique\/#website\",\"url\":\"https:\/\/roulottesgagnon.com\/boutique\/\",\"name\":\"Boutique en ligne de Roulottes Gagnon\",\"description\":\"Pi\u00e8ces et accessoires de roulottes\",\"potentialAction\":[{\"@type\":\"SearchAction\",\"target\":{\"@type\":\"EntryPoint\",\"urlTemplate\":\"https:\/\/roulottesgagnon.com\/boutique\/?s={search_term_string}\"},\"query-input\":\"required name=search_term_string\"}],\"inLanguage\":\"fr-CA\"},{\"@type\":\"ImageObject\",\"inLanguage\":\"fr-CA\",\"@id\":\"https:\/\/roulottesgagnon.com\/boutique\/produit\/assainisseur-deau-potable\/#primaryimage\",\"url\":\"https:\/\/roulottesgagnon.com\/boutique\/wp-content\/uploads\/2020\/06\/assainisseur-eau-potable.jpg\",\"contentUrl\":\"https:\/\/roulottesgagnon.com\/boutique\/wp-content\/uploads\/2020\/06\/assainisseur-eau-potable.jpg\",\"width\":1024,\"height\":1024},{\"@type\":\"WebPage\",\"@id\":\"https:\/\/roulottesgagnon.com\/boutique\/produit\/assainisseur-deau-potable\/\",\"url\":\"https:\/\/roulottesgagnon.com\/boutique\/produit\/assainisseur-deau-potable\/\",\"name\":\"Assainisseur d'eau potable - Boutique en ligne de Roulottes Gagnon\",\"isPartOf\":{\"@id\":\"https:\/\/roulottesgagnon.com\/boutique\/#website\"},\"primaryImageOfPage\":{\"@id\":\"https:\/\/roulottesgagnon.com\/boutique\/produit\/assainisseur-deau-potable\/#primaryimage\"},\"datePublished\":\"2020-06-12T20:14:27+00:00\",\"dateModified\":\"2025-10-10T14:52:25+00:00\",\"breadcrumb\":{\"@id\":\"https:\/\/roulottesgagnon.com\/boutique\/produit\/assainisseur-deau-potable\/#breadcrumb\"},\"inLanguage\":\"fr-CA\",\"potentialAction\":[{\"@type\":\"ReadAction\",\"target\":[\"https:\/\/roulottesgagnon.com\/boutique\/produit\/assainisseur-deau-potable\/\"]}]},{\"@type\":\"BreadcrumbList\",\"@id\":\"https:\/\/roulottesgagnon.com\/boutique\/produit\/assainisseur-deau-potable\/#breadcrumb\",\"itemListElement\":[{\"@type\":\"ListItem\",\"position\":1,\"name\":\"Home\",\"item\":\"https:\/\/roulottesgagnon.com\/boutique\/\"},{\"@type\":\"ListItem\",\"position\":2,\"name\":\"Boutique en ligne\",\"item\":\"https:\/\/roulottesgagnon.com\/boutique\/\"},{\"@type\":\"ListItem\",\"position\":3,\"name\":\"Assainisseur d&rsquo;eau potable\"}]}]}<\/script>\n<!-- \/ Yoast SEO plugin. -->","yoast_head_json":{"title":"Assainisseur d'eau potable - Boutique en ligne de Roulottes Gagnon","robots":{"index":"index","follow":"follow","max-snippet":"max-snippet:-1","max-image-preview":"max-image-preview:large","max-video-preview":"max-video-preview:-1"},"canonical":"https:\/\/roulottesgagnon.com\/boutique\/produit\/assainisseur-deau-potable\/","og_locale":"fr_CA","og_type":"article","og_title":"Assainisseur d'eau potable - Boutique en ligne de Roulottes Gagnon","og_description":"Assainisseur d'eau potable, pour des r\u00e9serves d'eau au go\u00fbt frais et sans odeurs","og_url":"https:\/\/roulottesgagnon.com\/boutique\/produit\/assainisseur-deau-potable\/","og_site_name":"Boutique en ligne de Roulottes Gagnon","article_publisher":"https:\/\/www.facebook.com\/RoulottesGagnon","article_modified_time":"2025-10-10T14:52:25+00:00","og_image":[{"width":1024,"height":1024,"url":"https:\/\/roulottesgagnon.com\/boutique\/wp-content\/uploads\/2020\/06\/assainisseur-eau-potable.jpg","type":"image\/jpeg"}],"twitter_card":"summary_large_image","twitter_site":"@roulottesg","schema":{"@context":"https:\/\/schema.org","@graph":[{"@type":"WebSite","@id":"https:\/\/roulottesgagnon.com\/boutique\/#website","url":"https:\/\/roulottesgagnon.com\/boutique\/","name":"Boutique en ligne de Roulottes Gagnon","description":"Pi\u00e8ces et accessoires de roulottes","potentialAction":[{"@type":"SearchAction","target":{"@type":"EntryPoint","urlTemplate":"https:\/\/roulottesgagnon.com\/boutique\/?s={search_term_string}"},"query-input":"required name=search_term_string"}],"inLanguage":"fr-CA"},{"@type":"ImageObject","inLanguage":"fr-CA","@id":"https:\/\/roulottesgagnon.com\/boutique\/produit\/assainisseur-deau-potable\/#primaryimage","url":"https:\/\/roulottesgagnon.com\/boutique\/wp-content\/uploads\/2020\/06\/assainisseur-eau-potable.jpg","contentUrl":"https:\/\/roulottesgagnon.com\/boutique\/wp-content\/uploads\/2020\/06\/assainisseur-eau-potable.jpg","width":1024,"height":1024},{"@type":"WebPage","@id":"https:\/\/roulottesgagnon.com\/boutique\/produit\/assainisseur-deau-potable\/","url":"https:\/\/roulottesgagnon.com\/boutique\/produit\/assainisseur-deau-potable\/","name":"Assainisseur d'eau potable - Boutique en ligne de Roulottes Gagnon","isPartOf":{"@id":"https:\/\/roulottesgagnon.com\/boutique\/#website"},"primaryImageOfPage":{"@id":"https:\/\/roulottesgagnon.com\/boutique\/produit\/assainisseur-deau-potable\/#primaryimage"},"datePublished":"2020-06-12T20:14:27+00:00","dateModified":"2025-10-10T14:52:25+00:00","breadcrumb":{"@id":"https:\/\/roulottesgagnon.com\/boutique\/produit\/assainisseur-deau-potable\/#breadcrumb"},"inLanguage":"fr-CA","potentialAction":[{"@type":"ReadAction","target":["https:\/\/roulottesgagnon.com\/boutique\/produit\/assainisseur-deau-potable\/"]}]},{"@type":"BreadcrumbList","@id":"https:\/\/roulottesgagnon.com\/boutique\/produit\/assainisseur-deau-potable\/#breadcrumb","itemListElement":[{"@type":"ListItem","position":1,"name":"Home","item":"https:\/\/roulottesgagnon.com\/boutique\/"},{"@type":"ListItem","position":2,"name":"Boutique en ligne","item":"https:\/\/roulottesgagnon.com\/boutique\/"},{"@type":"ListItem","position":3,"name":"Assainisseur d&rsquo;eau potable"}]}]}},"_links":{"self":[{"href":"https:\/\/roulottesgagnon.com\/boutique\/wp-json\/wp\/v2\/product\/1901"}],"collection":[{"href":"https:\/\/roulottesgagnon.com\/boutique\/wp-json\/wp\/v2\/product"}],"about":[{"href":"https:\/\/roulottesgagnon.com\/boutique\/wp-json\/wp\/v2\/types\/product"}],"replies":[{"embeddable":true,"href":"https:\/\/roulottesgagnon.com\/boutique\/wp-json\/wp\/v2\/comments?post=1901"}],"wp:featuredmedia":[{"embeddable":true,"href":"https:\/\/roulottesgagnon.com\/boutique\/wp-json\/wp\/v2\/media\/2212"}],"wp:attachment":[{"href":"https:\/\/roulottesgagnon.com\/boutique\/wp-json\/wp\/v2\/media?parent=1901"}],"wp:term":[{"taxonomy":"product_cat","embeddable":true,"href":"https:\/\/roulottesgagnon.com\/boutique\/wp-json\/wp\/v2\/product_cat?post=1901"},{"taxonomy":"product_tag","embeddable":true,"href":"https:\/\/roulottesgagnon.com\/boutique\/wp-json\/wp\/v2\/product_tag?post=1901"}],"curies":[{"name":"wp","href":"https:\/\/api.w.org\/{rel}","templated":true}]}}