{"id":1899,"date":"2020-06-12T20:14:24","date_gmt":"2020-06-12T20:14:24","guid":{"rendered":"https:\/\/roulottesgagnon.com\/boutique\/product\/trousse-de-conversion-pour-hivernisation\/"},"modified":"2025-10-10T14:51:58","modified_gmt":"2025-10-10T14:51:58","slug":"trousse-de-conversion-pour-hivernisation","status":"publish","type":"product","link":"https:\/\/roulottesgagnon.com\/boutique\/produit\/trousse-de-conversion-pour-hivernisation\/","title":{"rendered":"Trousse de conversion pour hivernisation"},"content":{"rendered":"<p>Cette trousse de conversion pour l&rsquo;hivernisation\u00a0 de votre pompe vous permet de vidanger rapidement et facilement la tuyauterie d\u2019alimentation d\u2019eau avec un antigel non toxique, afin de prot\u00e9ger compl\u00e8tement votre r\u00e9seau d\u2019alimentation en eau contre les temps de gel. Une fois install\u00e9e, la trousse de conversion pour hivernisation permettra une pr\u00e9paration hivernale annuelle, laissant le fonctionnement du syst\u00e8me original pratiquement inchang\u00e9. La trousse de pompe est relativement simple `^\u00e0 installer. Vous aurez seulement besoin de deux cl\u00e9s, ouvertes ou ajustables, de la bonne grosseur. La trousse comprend toutes les autres pi\u00e8ces n\u00e9cessaires \u00e0 l\u2019installation, et un ruban sp\u00e9cial en PTFE<\/p>\n","protected":false},"excerpt":{"rendered":"<p>Trousse de conversion pour hivernisation de pompe.<\/p>\n","protected":false},"featured_media":1996,"comment_status":"open","ping_status":"closed","template":"","meta":[],"product_cat":[20],"product_tag":[],"yoast_head":"<!-- This site is optimized with the Yoast SEO plugin v19.3 - https:\/\/yoast.com\/wordpress\/plugins\/seo\/ -->\n<title>Trousse de conversion pour hivernisation - Boutique en ligne de Roulottes Gagnon<\/title>\n<meta name=\"robots\" content=\"index, follow, max-snippet:-1, max-image-preview:large, max-video-preview:-1\" \/>\n<link rel=\"canonical\" href=\"https:\/\/roulottesgagnon.com\/boutique\/produit\/trousse-de-conversion-pour-hivernisation\/\" \/>\n<meta property=\"og:locale\" content=\"fr_CA\" \/>\n<meta property=\"og:type\" content=\"article\" \/>\n<meta property=\"og:title\" content=\"Trousse de conversion pour hivernisation - Boutique en ligne de Roulottes Gagnon\" \/>\n<meta property=\"og:description\" content=\"Trousse de conversion pour hivernisation de pompe.\" \/>\n<meta property=\"og:url\" content=\"https:\/\/roulottesgagnon.com\/boutique\/produit\/trousse-de-conversion-pour-hivernisation\/\" \/>\n<meta property=\"og:site_name\" content=\"Boutique en ligne de Roulottes Gagnon\" \/>\n<meta property=\"article:publisher\" content=\"https:\/\/www.facebook.com\/RoulottesGagnon\" \/>\n<meta property=\"article:modified_time\" content=\"2025-10-10T14:51:58+00:00\" \/>\n<meta property=\"og:image\" content=\"https:\/\/roulottesgagnon.com\/boutique\/wp-content\/uploads\/2020\/06\/trousse-de-conversion-pompe.jpg\" \/>\n\t<meta property=\"og:image:width\" content=\"1024\" \/>\n\t<meta property=\"og:image:height\" content=\"1024\" \/>\n\t<meta property=\"og:image:type\" content=\"image\/jpeg\" \/>\n<meta name=\"twitter:card\" content=\"summary_large_image\" \/>\n<meta name=\"twitter:site\" content=\"@roulottesg\" \/>\n<meta name=\"twitter:label1\" content=\"Estimation du temps de lecture\" \/>\n\t<meta name=\"twitter:data1\" content=\"1 minute\" \/>\n<script type=\"application\/ld+json\" class=\"yoast-schema-graph\">{\"@context\":\"https:\/\/schema.org\",\"@graph\":[{\"@type\":\"WebSite\",\"@id\":\"https:\/\/roulottesgagnon.com\/boutique\/#website\",\"url\":\"https:\/\/roulottesgagnon.com\/boutique\/\",\"name\":\"Boutique en ligne de Roulottes Gagnon\",\"description\":\"Pi\u00e8ces et accessoires de roulottes\",\"potentialAction\":[{\"@type\":\"SearchAction\",\"target\":{\"@type\":\"EntryPoint\",\"urlTemplate\":\"https:\/\/roulottesgagnon.com\/boutique\/?s={search_term_string}\"},\"query-input\":\"required name=search_term_string\"}],\"inLanguage\":\"fr-CA\"},{\"@type\":\"ImageObject\",\"inLanguage\":\"fr-CA\",\"@id\":\"https:\/\/roulottesgagnon.com\/boutique\/produit\/trousse-de-conversion-pour-hivernisation\/#primaryimage\",\"url\":\"https:\/\/roulottesgagnon.com\/boutique\/wp-content\/uploads\/2020\/06\/trousse-de-conversion-pompe.jpg\",\"contentUrl\":\"https:\/\/roulottesgagnon.com\/boutique\/wp-content\/uploads\/2020\/06\/trousse-de-conversion-pompe.jpg\",\"width\":1024,\"height\":1024},{\"@type\":\"WebPage\",\"@id\":\"https:\/\/roulottesgagnon.com\/boutique\/produit\/trousse-de-conversion-pour-hivernisation\/\",\"url\":\"https:\/\/roulottesgagnon.com\/boutique\/produit\/trousse-de-conversion-pour-hivernisation\/\",\"name\":\"Trousse de conversion pour hivernisation - Boutique en ligne de Roulottes Gagnon\",\"isPartOf\":{\"@id\":\"https:\/\/roulottesgagnon.com\/boutique\/#website\"},\"primaryImageOfPage\":{\"@id\":\"https:\/\/roulottesgagnon.com\/boutique\/produit\/trousse-de-conversion-pour-hivernisation\/#primaryimage\"},\"datePublished\":\"2020-06-12T20:14:24+00:00\",\"dateModified\":\"2025-10-10T14:51:58+00:00\",\"breadcrumb\":{\"@id\":\"https:\/\/roulottesgagnon.com\/boutique\/produit\/trousse-de-conversion-pour-hivernisation\/#breadcrumb\"},\"inLanguage\":\"fr-CA\",\"potentialAction\":[{\"@type\":\"ReadAction\",\"target\":[\"https:\/\/roulottesgagnon.com\/boutique\/produit\/trousse-de-conversion-pour-hivernisation\/\"]}]},{\"@type\":\"BreadcrumbList\",\"@id\":\"https:\/\/roulottesgagnon.com\/boutique\/produit\/trousse-de-conversion-pour-hivernisation\/#breadcrumb\",\"itemListElement\":[{\"@type\":\"ListItem\",\"position\":1,\"name\":\"Home\",\"item\":\"https:\/\/roulottesgagnon.com\/boutique\/\"},{\"@type\":\"ListItem\",\"position\":2,\"name\":\"Boutique en ligne\",\"item\":\"https:\/\/roulottesgagnon.com\/boutique\/\"},{\"@type\":\"ListItem\",\"position\":3,\"name\":\"Trousse de conversion pour hivernisation\"}]}]}<\/script>\n<!-- \/ Yoast SEO plugin. -->","yoast_head_json":{"title":"Trousse de conversion pour hivernisation - Boutique en ligne de Roulottes Gagnon","robots":{"index":"index","follow":"follow","max-snippet":"max-snippet:-1","max-image-preview":"max-image-preview:large","max-video-preview":"max-video-preview:-1"},"canonical":"https:\/\/roulottesgagnon.com\/boutique\/produit\/trousse-de-conversion-pour-hivernisation\/","og_locale":"fr_CA","og_type":"article","og_title":"Trousse de conversion pour hivernisation - Boutique en ligne de Roulottes Gagnon","og_description":"Trousse de conversion pour hivernisation de pompe.","og_url":"https:\/\/roulottesgagnon.com\/boutique\/produit\/trousse-de-conversion-pour-hivernisation\/","og_site_name":"Boutique en ligne de Roulottes Gagnon","article_publisher":"https:\/\/www.facebook.com\/RoulottesGagnon","article_modified_time":"2025-10-10T14:51:58+00:00","og_image":[{"width":1024,"height":1024,"url":"https:\/\/roulottesgagnon.com\/boutique\/wp-content\/uploads\/2020\/06\/trousse-de-conversion-pompe.jpg","type":"image\/jpeg"}],"twitter_card":"summary_large_image","twitter_site":"@roulottesg","twitter_misc":{"Estimation du temps de lecture":"1 minute"},"schema":{"@context":"https:\/\/schema.org","@graph":[{"@type":"WebSite","@id":"https:\/\/roulottesgagnon.com\/boutique\/#website","url":"https:\/\/roulottesgagnon.com\/boutique\/","name":"Boutique en ligne de Roulottes Gagnon","description":"Pi\u00e8ces et accessoires de roulottes","potentialAction":[{"@type":"SearchAction","target":{"@type":"EntryPoint","urlTemplate":"https:\/\/roulottesgagnon.com\/boutique\/?s={search_term_string}"},"query-input":"required name=search_term_string"}],"inLanguage":"fr-CA"},{"@type":"ImageObject","inLanguage":"fr-CA","@id":"https:\/\/roulottesgagnon.com\/boutique\/produit\/trousse-de-conversion-pour-hivernisation\/#primaryimage","url":"https:\/\/roulottesgagnon.com\/boutique\/wp-content\/uploads\/2020\/06\/trousse-de-conversion-pompe.jpg","contentUrl":"https:\/\/roulottesgagnon.com\/boutique\/wp-content\/uploads\/2020\/06\/trousse-de-conversion-pompe.jpg","width":1024,"height":1024},{"@type":"WebPage","@id":"https:\/\/roulottesgagnon.com\/boutique\/produit\/trousse-de-conversion-pour-hivernisation\/","url":"https:\/\/roulottesgagnon.com\/boutique\/produit\/trousse-de-conversion-pour-hivernisation\/","name":"Trousse de conversion pour hivernisation - Boutique en ligne de Roulottes Gagnon","isPartOf":{"@id":"https:\/\/roulottesgagnon.com\/boutique\/#website"},"primaryImageOfPage":{"@id":"https:\/\/roulottesgagnon.com\/boutique\/produit\/trousse-de-conversion-pour-hivernisation\/#primaryimage"},"datePublished":"2020-06-12T20:14:24+00:00","dateModified":"2025-10-10T14:51:58+00:00","breadcrumb":{"@id":"https:\/\/roulottesgagnon.com\/boutique\/produit\/trousse-de-conversion-pour-hivernisation\/#breadcrumb"},"inLanguage":"fr-CA","potentialAction":[{"@type":"ReadAction","target":["https:\/\/roulottesgagnon.com\/boutique\/produit\/trousse-de-conversion-pour-hivernisation\/"]}]},{"@type":"BreadcrumbList","@id":"https:\/\/roulottesgagnon.com\/boutique\/produit\/trousse-de-conversion-pour-hivernisation\/#breadcrumb","itemListElement":[{"@type":"ListItem","position":1,"name":"Home","item":"https:\/\/roulottesgagnon.com\/boutique\/"},{"@type":"ListItem","position":2,"name":"Boutique en ligne","item":"https:\/\/roulottesgagnon.com\/boutique\/"},{"@type":"ListItem","position":3,"name":"Trousse de conversion pour hivernisation"}]}]}},"_links":{"self":[{"href":"https:\/\/roulottesgagnon.com\/boutique\/wp-json\/wp\/v2\/product\/1899"}],"collection":[{"href":"https:\/\/roulottesgagnon.com\/boutique\/wp-json\/wp\/v2\/product"}],"about":[{"href":"https:\/\/roulottesgagnon.com\/boutique\/wp-json\/wp\/v2\/types\/product"}],"replies":[{"embeddable":true,"href":"https:\/\/roulottesgagnon.com\/boutique\/wp-json\/wp\/v2\/comments?post=1899"}],"wp:featuredmedia":[{"embeddable":true,"href":"https:\/\/roulottesgagnon.com\/boutique\/wp-json\/wp\/v2\/media\/1996"}],"wp:attachment":[{"href":"https:\/\/roulottesgagnon.com\/boutique\/wp-json\/wp\/v2\/media?parent=1899"}],"wp:term":[{"taxonomy":"product_cat","embeddable":true,"href":"https:\/\/roulottesgagnon.com\/boutique\/wp-json\/wp\/v2\/product_cat?post=1899"},{"taxonomy":"product_tag","embeddable":true,"href":"https:\/\/roulottesgagnon.com\/boutique\/wp-json\/wp\/v2\/product_tag?post=1899"}],"curies":[{"name":"wp","href":"https:\/\/api.w.org\/{rel}","templated":true}]}}