{"id":1892,"date":"2020-06-12T20:14:14","date_gmt":"2020-06-12T20:14:14","guid":{"rendered":"https:\/\/roulottesgagnon.com\/boutique\/product\/tige-danode-pour-chauffe-eau-suberban\/"},"modified":"2025-10-10T15:31:35","modified_gmt":"2025-10-10T15:31:35","slug":"tige-danode-pour-chauffe-eau-suburban","status":"publish","type":"product","link":"https:\/\/roulottesgagnon.com\/boutique\/produit\/tige-danode-pour-chauffe-eau-suburban\/","title":{"rendered":"Anode pour chauffe eau Suburban"},"content":{"rendered":"<p>Tige d&rsquo;anode pour chauffe eau Suburban afin de pr\u00e9server la vie de votre chauffe eau et pr\u00e9venir la corrosion<\/p>\n<ul>\n<li>Convient aux chauffe-eau Suburban<\/li>\n<li>Prolonge la vie de votre chauffe-eau<\/li>\n<li>Neutralise les min\u00e9raux pr\u00e9sent dans l&rsquo;eau<\/li>\n<\/ul>\n<p>Absorbe l&rsquo;action corrosive caus\u00e9e par l&rsquo;eau chaude et prolonge la dur\u00e9e de vie de votre r\u00e9servoir de chauffe-eau. D\u00e9vissez simplement l&rsquo;anode pour vidanger le r\u00e9servoir. Si la tige est rong\u00e9e, remplacez la par une nouvelle. Gardez toujours une pi\u00e8ce de rechange dans votre bo\u00eete \u00e0 outils de roulotte. La tige de magn\u00e9sium convient \u00e0 la plupart des zones.<\/p>\n","protected":false},"excerpt":{"rendered":"<p>Tige d&rsquo;anode pour chauffe eau Suburban<\/p>\n","protected":false},"featured_media":1997,"comment_status":"open","ping_status":"closed","template":"","meta":[],"product_cat":[20],"product_tag":[],"yoast_head":"<!-- This site is optimized with the Yoast SEO plugin v19.3 - https:\/\/yoast.com\/wordpress\/plugins\/seo\/ -->\n<title>Anode pour chauffe eau Suburban - Boutique en ligne de Roulottes Gagnon<\/title>\n<meta name=\"robots\" content=\"index, follow, max-snippet:-1, max-image-preview:large, max-video-preview:-1\" \/>\n<link rel=\"canonical\" href=\"https:\/\/roulottesgagnon.com\/boutique\/produit\/tige-danode-pour-chauffe-eau-suburban\/\" \/>\n<meta property=\"og:locale\" content=\"fr_CA\" \/>\n<meta property=\"og:type\" content=\"article\" \/>\n<meta property=\"og:title\" content=\"Anode pour chauffe eau Suburban - Boutique en ligne de Roulottes Gagnon\" \/>\n<meta property=\"og:description\" content=\"Tige d&#039;anode pour chauffe eau Suburban\" \/>\n<meta property=\"og:url\" content=\"https:\/\/roulottesgagnon.com\/boutique\/produit\/tige-danode-pour-chauffe-eau-suburban\/\" \/>\n<meta property=\"og:site_name\" content=\"Boutique en ligne de Roulottes Gagnon\" \/>\n<meta property=\"article:publisher\" content=\"https:\/\/www.facebook.com\/RoulottesGagnon\" \/>\n<meta property=\"article:modified_time\" content=\"2025-10-10T15:31:35+00:00\" \/>\n<meta property=\"og:image\" content=\"https:\/\/roulottesgagnon.com\/boutique\/wp-content\/uploads\/2020\/06\/tige-anode.jpg\" \/>\n\t<meta property=\"og:image:width\" content=\"1024\" \/>\n\t<meta property=\"og:image:height\" content=\"1024\" \/>\n\t<meta property=\"og:image:type\" content=\"image\/jpeg\" \/>\n<meta name=\"twitter:card\" content=\"summary_large_image\" \/>\n<meta name=\"twitter:site\" content=\"@roulottesg\" \/>\n<meta name=\"twitter:label1\" content=\"Estimation du temps de lecture\" \/>\n\t<meta name=\"twitter:data1\" content=\"1 minute\" \/>\n<script type=\"application\/ld+json\" class=\"yoast-schema-graph\">{\"@context\":\"https:\/\/schema.org\",\"@graph\":[{\"@type\":\"WebSite\",\"@id\":\"https:\/\/roulottesgagnon.com\/boutique\/#website\",\"url\":\"https:\/\/roulottesgagnon.com\/boutique\/\",\"name\":\"Boutique en ligne de Roulottes Gagnon\",\"description\":\"Pi\u00e8ces et accessoires de roulottes\",\"potentialAction\":[{\"@type\":\"SearchAction\",\"target\":{\"@type\":\"EntryPoint\",\"urlTemplate\":\"https:\/\/roulottesgagnon.com\/boutique\/?s={search_term_string}\"},\"query-input\":\"required name=search_term_string\"}],\"inLanguage\":\"fr-CA\"},{\"@type\":\"ImageObject\",\"inLanguage\":\"fr-CA\",\"@id\":\"https:\/\/roulottesgagnon.com\/boutique\/produit\/tige-danode-pour-chauffe-eau-suburban\/#primaryimage\",\"url\":\"https:\/\/roulottesgagnon.com\/boutique\/wp-content\/uploads\/2020\/06\/tige-anode.jpg\",\"contentUrl\":\"https:\/\/roulottesgagnon.com\/boutique\/wp-content\/uploads\/2020\/06\/tige-anode.jpg\",\"width\":1024,\"height\":1024},{\"@type\":\"WebPage\",\"@id\":\"https:\/\/roulottesgagnon.com\/boutique\/produit\/tige-danode-pour-chauffe-eau-suburban\/\",\"url\":\"https:\/\/roulottesgagnon.com\/boutique\/produit\/tige-danode-pour-chauffe-eau-suburban\/\",\"name\":\"Anode pour chauffe eau Suburban - Boutique en ligne de Roulottes Gagnon\",\"isPartOf\":{\"@id\":\"https:\/\/roulottesgagnon.com\/boutique\/#website\"},\"primaryImageOfPage\":{\"@id\":\"https:\/\/roulottesgagnon.com\/boutique\/produit\/tige-danode-pour-chauffe-eau-suburban\/#primaryimage\"},\"datePublished\":\"2020-06-12T20:14:14+00:00\",\"dateModified\":\"2025-10-10T15:31:35+00:00\",\"breadcrumb\":{\"@id\":\"https:\/\/roulottesgagnon.com\/boutique\/produit\/tige-danode-pour-chauffe-eau-suburban\/#breadcrumb\"},\"inLanguage\":\"fr-CA\",\"potentialAction\":[{\"@type\":\"ReadAction\",\"target\":[\"https:\/\/roulottesgagnon.com\/boutique\/produit\/tige-danode-pour-chauffe-eau-suburban\/\"]}]},{\"@type\":\"BreadcrumbList\",\"@id\":\"https:\/\/roulottesgagnon.com\/boutique\/produit\/tige-danode-pour-chauffe-eau-suburban\/#breadcrumb\",\"itemListElement\":[{\"@type\":\"ListItem\",\"position\":1,\"name\":\"Home\",\"item\":\"https:\/\/roulottesgagnon.com\/boutique\/\"},{\"@type\":\"ListItem\",\"position\":2,\"name\":\"Boutique en ligne\",\"item\":\"https:\/\/roulottesgagnon.com\/boutique\/\"},{\"@type\":\"ListItem\",\"position\":3,\"name\":\"Anode pour chauffe eau Suburban\"}]}]}<\/script>\n<!-- \/ Yoast SEO plugin. -->","yoast_head_json":{"title":"Anode pour chauffe eau Suburban - Boutique en ligne de Roulottes Gagnon","robots":{"index":"index","follow":"follow","max-snippet":"max-snippet:-1","max-image-preview":"max-image-preview:large","max-video-preview":"max-video-preview:-1"},"canonical":"https:\/\/roulottesgagnon.com\/boutique\/produit\/tige-danode-pour-chauffe-eau-suburban\/","og_locale":"fr_CA","og_type":"article","og_title":"Anode pour chauffe eau Suburban - Boutique en ligne de Roulottes Gagnon","og_description":"Tige d'anode pour chauffe eau Suburban","og_url":"https:\/\/roulottesgagnon.com\/boutique\/produit\/tige-danode-pour-chauffe-eau-suburban\/","og_site_name":"Boutique en ligne de Roulottes Gagnon","article_publisher":"https:\/\/www.facebook.com\/RoulottesGagnon","article_modified_time":"2025-10-10T15:31:35+00:00","og_image":[{"width":1024,"height":1024,"url":"https:\/\/roulottesgagnon.com\/boutique\/wp-content\/uploads\/2020\/06\/tige-anode.jpg","type":"image\/jpeg"}],"twitter_card":"summary_large_image","twitter_site":"@roulottesg","twitter_misc":{"Estimation du temps de lecture":"1 minute"},"schema":{"@context":"https:\/\/schema.org","@graph":[{"@type":"WebSite","@id":"https:\/\/roulottesgagnon.com\/boutique\/#website","url":"https:\/\/roulottesgagnon.com\/boutique\/","name":"Boutique en ligne de Roulottes Gagnon","description":"Pi\u00e8ces et accessoires de roulottes","potentialAction":[{"@type":"SearchAction","target":{"@type":"EntryPoint","urlTemplate":"https:\/\/roulottesgagnon.com\/boutique\/?s={search_term_string}"},"query-input":"required name=search_term_string"}],"inLanguage":"fr-CA"},{"@type":"ImageObject","inLanguage":"fr-CA","@id":"https:\/\/roulottesgagnon.com\/boutique\/produit\/tige-danode-pour-chauffe-eau-suburban\/#primaryimage","url":"https:\/\/roulottesgagnon.com\/boutique\/wp-content\/uploads\/2020\/06\/tige-anode.jpg","contentUrl":"https:\/\/roulottesgagnon.com\/boutique\/wp-content\/uploads\/2020\/06\/tige-anode.jpg","width":1024,"height":1024},{"@type":"WebPage","@id":"https:\/\/roulottesgagnon.com\/boutique\/produit\/tige-danode-pour-chauffe-eau-suburban\/","url":"https:\/\/roulottesgagnon.com\/boutique\/produit\/tige-danode-pour-chauffe-eau-suburban\/","name":"Anode pour chauffe eau Suburban - Boutique en ligne de Roulottes Gagnon","isPartOf":{"@id":"https:\/\/roulottesgagnon.com\/boutique\/#website"},"primaryImageOfPage":{"@id":"https:\/\/roulottesgagnon.com\/boutique\/produit\/tige-danode-pour-chauffe-eau-suburban\/#primaryimage"},"datePublished":"2020-06-12T20:14:14+00:00","dateModified":"2025-10-10T15:31:35+00:00","breadcrumb":{"@id":"https:\/\/roulottesgagnon.com\/boutique\/produit\/tige-danode-pour-chauffe-eau-suburban\/#breadcrumb"},"inLanguage":"fr-CA","potentialAction":[{"@type":"ReadAction","target":["https:\/\/roulottesgagnon.com\/boutique\/produit\/tige-danode-pour-chauffe-eau-suburban\/"]}]},{"@type":"BreadcrumbList","@id":"https:\/\/roulottesgagnon.com\/boutique\/produit\/tige-danode-pour-chauffe-eau-suburban\/#breadcrumb","itemListElement":[{"@type":"ListItem","position":1,"name":"Home","item":"https:\/\/roulottesgagnon.com\/boutique\/"},{"@type":"ListItem","position":2,"name":"Boutique en ligne","item":"https:\/\/roulottesgagnon.com\/boutique\/"},{"@type":"ListItem","position":3,"name":"Anode pour chauffe eau Suburban"}]}]}},"_links":{"self":[{"href":"https:\/\/roulottesgagnon.com\/boutique\/wp-json\/wp\/v2\/product\/1892"}],"collection":[{"href":"https:\/\/roulottesgagnon.com\/boutique\/wp-json\/wp\/v2\/product"}],"about":[{"href":"https:\/\/roulottesgagnon.com\/boutique\/wp-json\/wp\/v2\/types\/product"}],"replies":[{"embeddable":true,"href":"https:\/\/roulottesgagnon.com\/boutique\/wp-json\/wp\/v2\/comments?post=1892"}],"wp:featuredmedia":[{"embeddable":true,"href":"https:\/\/roulottesgagnon.com\/boutique\/wp-json\/wp\/v2\/media\/1997"}],"wp:attachment":[{"href":"https:\/\/roulottesgagnon.com\/boutique\/wp-json\/wp\/v2\/media?parent=1892"}],"wp:term":[{"taxonomy":"product_cat","embeddable":true,"href":"https:\/\/roulottesgagnon.com\/boutique\/wp-json\/wp\/v2\/product_cat?post=1892"},{"taxonomy":"product_tag","embeddable":true,"href":"https:\/\/roulottesgagnon.com\/boutique\/wp-json\/wp\/v2\/product_tag?post=1892"}],"curies":[{"name":"wp","href":"https:\/\/api.w.org\/{rel}","templated":true}]}}