{"id":1880,"date":"2020-06-12T20:13:54","date_gmt":"2020-06-12T20:13:54","guid":{"rendered":"https:\/\/roulottesgagnon.com\/boutique\/product\/adapteur-universel-degout\/"},"modified":"2023-02-17T21:07:08","modified_gmt":"2023-02-17T21:07:08","slug":"adapteur-universel-degout","status":"publish","type":"product","link":"https:\/\/roulottesgagnon.com\/boutique\/produit\/adapteur-universel-degout\/","title":{"rendered":"Adapteur universel d&rsquo;\u00e9gout"},"content":{"rendered":"<p>Appuyez sur les sorties d\u2019\u00e9gout pour VR, aucun collier de serrage requis, conception \u00e0 deux pi\u00e8ces pour un entreposage simple, filetage de \u00be pour le drainage du deuxi\u00e8me r\u00e9servoir d\u2019eaux us\u00e9es.<\/p>\n","protected":false},"excerpt":{"rendered":"<p>Adapteur universel d&rsquo;\u00e9gout, conception \u00e0 deux pi\u00e8ces pour un entreposage simple<\/p>\n","protected":false},"featured_media":2225,"comment_status":"open","ping_status":"closed","template":"","meta":[],"product_cat":[27],"product_tag":[],"yoast_head":"<!-- This site is optimized with the Yoast SEO plugin v19.3 - https:\/\/yoast.com\/wordpress\/plugins\/seo\/ -->\n<title>Adapteur universel d&#039;\u00e9gout - Boutique en ligne de Roulottes Gagnon<\/title>\n<meta name=\"robots\" content=\"index, follow, max-snippet:-1, max-image-preview:large, max-video-preview:-1\" \/>\n<link rel=\"canonical\" href=\"https:\/\/roulottesgagnon.com\/boutique\/produit\/adapteur-universel-degout\/\" \/>\n<meta property=\"og:locale\" content=\"fr_CA\" \/>\n<meta property=\"og:type\" content=\"article\" \/>\n<meta property=\"og:title\" content=\"Adapteur universel d&#039;\u00e9gout - Boutique en ligne de Roulottes Gagnon\" \/>\n<meta property=\"og:description\" content=\"Adapteur universel d&#039;\u00e9gout, conception \u00e0 deux pi\u00e8ces pour un entreposage simple\" \/>\n<meta property=\"og:url\" content=\"https:\/\/roulottesgagnon.com\/boutique\/produit\/adapteur-universel-degout\/\" \/>\n<meta property=\"og:site_name\" content=\"Boutique en ligne de Roulottes Gagnon\" \/>\n<meta property=\"article:publisher\" content=\"https:\/\/www.facebook.com\/RoulottesGagnon\" \/>\n<meta property=\"article:modified_time\" content=\"2023-02-17T21:07:08+00:00\" \/>\n<meta property=\"og:image\" content=\"https:\/\/roulottesgagnon.com\/boutique\/wp-content\/uploads\/2020\/06\/adaptateur-egout-2.jpg\" \/>\n\t<meta property=\"og:image:width\" content=\"1024\" \/>\n\t<meta property=\"og:image:height\" content=\"1024\" \/>\n\t<meta property=\"og:image:type\" content=\"image\/jpeg\" \/>\n<meta name=\"twitter:card\" content=\"summary_large_image\" \/>\n<meta name=\"twitter:site\" content=\"@roulottesg\" \/>\n<script type=\"application\/ld+json\" class=\"yoast-schema-graph\">{\"@context\":\"https:\/\/schema.org\",\"@graph\":[{\"@type\":\"WebSite\",\"@id\":\"https:\/\/roulottesgagnon.com\/boutique\/#website\",\"url\":\"https:\/\/roulottesgagnon.com\/boutique\/\",\"name\":\"Boutique en ligne de Roulottes Gagnon\",\"description\":\"Pi\u00e8ces et accessoires de roulottes\",\"potentialAction\":[{\"@type\":\"SearchAction\",\"target\":{\"@type\":\"EntryPoint\",\"urlTemplate\":\"https:\/\/roulottesgagnon.com\/boutique\/?s={search_term_string}\"},\"query-input\":\"required name=search_term_string\"}],\"inLanguage\":\"fr-CA\"},{\"@type\":\"ImageObject\",\"inLanguage\":\"fr-CA\",\"@id\":\"https:\/\/roulottesgagnon.com\/boutique\/produit\/adapteur-universel-degout\/#primaryimage\",\"url\":\"https:\/\/roulottesgagnon.com\/boutique\/wp-content\/uploads\/2020\/06\/adaptateur-egout-2.jpg\",\"contentUrl\":\"https:\/\/roulottesgagnon.com\/boutique\/wp-content\/uploads\/2020\/06\/adaptateur-egout-2.jpg\",\"width\":1024,\"height\":1024},{\"@type\":\"WebPage\",\"@id\":\"https:\/\/roulottesgagnon.com\/boutique\/produit\/adapteur-universel-degout\/\",\"url\":\"https:\/\/roulottesgagnon.com\/boutique\/produit\/adapteur-universel-degout\/\",\"name\":\"Adapteur universel d'\u00e9gout - Boutique en ligne de Roulottes Gagnon\",\"isPartOf\":{\"@id\":\"https:\/\/roulottesgagnon.com\/boutique\/#website\"},\"primaryImageOfPage\":{\"@id\":\"https:\/\/roulottesgagnon.com\/boutique\/produit\/adapteur-universel-degout\/#primaryimage\"},\"datePublished\":\"2020-06-12T20:13:54+00:00\",\"dateModified\":\"2023-02-17T21:07:08+00:00\",\"breadcrumb\":{\"@id\":\"https:\/\/roulottesgagnon.com\/boutique\/produit\/adapteur-universel-degout\/#breadcrumb\"},\"inLanguage\":\"fr-CA\",\"potentialAction\":[{\"@type\":\"ReadAction\",\"target\":[\"https:\/\/roulottesgagnon.com\/boutique\/produit\/adapteur-universel-degout\/\"]}]},{\"@type\":\"BreadcrumbList\",\"@id\":\"https:\/\/roulottesgagnon.com\/boutique\/produit\/adapteur-universel-degout\/#breadcrumb\",\"itemListElement\":[{\"@type\":\"ListItem\",\"position\":1,\"name\":\"Home\",\"item\":\"https:\/\/roulottesgagnon.com\/boutique\/\"},{\"@type\":\"ListItem\",\"position\":2,\"name\":\"Boutique en ligne\",\"item\":\"https:\/\/roulottesgagnon.com\/boutique\/\"},{\"@type\":\"ListItem\",\"position\":3,\"name\":\"Adapteur universel d&rsquo;\u00e9gout\"}]}]}<\/script>\n<!-- \/ Yoast SEO plugin. -->","yoast_head_json":{"title":"Adapteur universel d'\u00e9gout - Boutique en ligne de Roulottes Gagnon","robots":{"index":"index","follow":"follow","max-snippet":"max-snippet:-1","max-image-preview":"max-image-preview:large","max-video-preview":"max-video-preview:-1"},"canonical":"https:\/\/roulottesgagnon.com\/boutique\/produit\/adapteur-universel-degout\/","og_locale":"fr_CA","og_type":"article","og_title":"Adapteur universel d'\u00e9gout - Boutique en ligne de Roulottes Gagnon","og_description":"Adapteur universel d'\u00e9gout, conception \u00e0 deux pi\u00e8ces pour un entreposage simple","og_url":"https:\/\/roulottesgagnon.com\/boutique\/produit\/adapteur-universel-degout\/","og_site_name":"Boutique en ligne de Roulottes Gagnon","article_publisher":"https:\/\/www.facebook.com\/RoulottesGagnon","article_modified_time":"2023-02-17T21:07:08+00:00","og_image":[{"width":1024,"height":1024,"url":"https:\/\/roulottesgagnon.com\/boutique\/wp-content\/uploads\/2020\/06\/adaptateur-egout-2.jpg","type":"image\/jpeg"}],"twitter_card":"summary_large_image","twitter_site":"@roulottesg","schema":{"@context":"https:\/\/schema.org","@graph":[{"@type":"WebSite","@id":"https:\/\/roulottesgagnon.com\/boutique\/#website","url":"https:\/\/roulottesgagnon.com\/boutique\/","name":"Boutique en ligne de Roulottes Gagnon","description":"Pi\u00e8ces et accessoires de roulottes","potentialAction":[{"@type":"SearchAction","target":{"@type":"EntryPoint","urlTemplate":"https:\/\/roulottesgagnon.com\/boutique\/?s={search_term_string}"},"query-input":"required name=search_term_string"}],"inLanguage":"fr-CA"},{"@type":"ImageObject","inLanguage":"fr-CA","@id":"https:\/\/roulottesgagnon.com\/boutique\/produit\/adapteur-universel-degout\/#primaryimage","url":"https:\/\/roulottesgagnon.com\/boutique\/wp-content\/uploads\/2020\/06\/adaptateur-egout-2.jpg","contentUrl":"https:\/\/roulottesgagnon.com\/boutique\/wp-content\/uploads\/2020\/06\/adaptateur-egout-2.jpg","width":1024,"height":1024},{"@type":"WebPage","@id":"https:\/\/roulottesgagnon.com\/boutique\/produit\/adapteur-universel-degout\/","url":"https:\/\/roulottesgagnon.com\/boutique\/produit\/adapteur-universel-degout\/","name":"Adapteur universel d'\u00e9gout - Boutique en ligne de Roulottes Gagnon","isPartOf":{"@id":"https:\/\/roulottesgagnon.com\/boutique\/#website"},"primaryImageOfPage":{"@id":"https:\/\/roulottesgagnon.com\/boutique\/produit\/adapteur-universel-degout\/#primaryimage"},"datePublished":"2020-06-12T20:13:54+00:00","dateModified":"2023-02-17T21:07:08+00:00","breadcrumb":{"@id":"https:\/\/roulottesgagnon.com\/boutique\/produit\/adapteur-universel-degout\/#breadcrumb"},"inLanguage":"fr-CA","potentialAction":[{"@type":"ReadAction","target":["https:\/\/roulottesgagnon.com\/boutique\/produit\/adapteur-universel-degout\/"]}]},{"@type":"BreadcrumbList","@id":"https:\/\/roulottesgagnon.com\/boutique\/produit\/adapteur-universel-degout\/#breadcrumb","itemListElement":[{"@type":"ListItem","position":1,"name":"Home","item":"https:\/\/roulottesgagnon.com\/boutique\/"},{"@type":"ListItem","position":2,"name":"Boutique en ligne","item":"https:\/\/roulottesgagnon.com\/boutique\/"},{"@type":"ListItem","position":3,"name":"Adapteur universel d&rsquo;\u00e9gout"}]}]}},"_links":{"self":[{"href":"https:\/\/roulottesgagnon.com\/boutique\/wp-json\/wp\/v2\/product\/1880"}],"collection":[{"href":"https:\/\/roulottesgagnon.com\/boutique\/wp-json\/wp\/v2\/product"}],"about":[{"href":"https:\/\/roulottesgagnon.com\/boutique\/wp-json\/wp\/v2\/types\/product"}],"replies":[{"embeddable":true,"href":"https:\/\/roulottesgagnon.com\/boutique\/wp-json\/wp\/v2\/comments?post=1880"}],"wp:featuredmedia":[{"embeddable":true,"href":"https:\/\/roulottesgagnon.com\/boutique\/wp-json\/wp\/v2\/media\/2225"}],"wp:attachment":[{"href":"https:\/\/roulottesgagnon.com\/boutique\/wp-json\/wp\/v2\/media?parent=1880"}],"wp:term":[{"taxonomy":"product_cat","embeddable":true,"href":"https:\/\/roulottesgagnon.com\/boutique\/wp-json\/wp\/v2\/product_cat?post=1880"},{"taxonomy":"product_tag","embeddable":true,"href":"https:\/\/roulottesgagnon.com\/boutique\/wp-json\/wp\/v2\/product_tag?post=1880"}],"curies":[{"name":"wp","href":"https:\/\/api.w.org\/{rel}","templated":true}]}}