{"id":1838,"date":"2020-06-12T20:12:45","date_gmt":"2020-06-12T20:12:45","guid":{"rendered":"https:\/\/roulottesgagnon.com\/boutique\/product\/blocs-de-nivellement\/"},"modified":"2025-05-15T20:47:44","modified_gmt":"2025-05-15T20:47:44","slug":"lynx-levellers","status":"publish","type":"product","link":"https:\/\/roulottesgagnon.com\/boutique\/produit\/lynx-levellers\/","title":{"rendered":"Blocs Lynx Levellers"},"content":{"rendered":"<p>Ensemble de 10 blocs de mise \u00e0 niveau Lynx Levellers pour v\u00e9hicules r\u00e9cr\u00e9atifs. Les niveleurs Lynx Levellers sont con\u00e7us de mani\u00e8re modulaire pour s&rsquo;adapter \u00e0 n&rsquo;importe quelle fonction de mise \u00e0 niveau et supporter un poids \u00e9norme. Il suffit de les disposer sous forme pyramidale \u00e0 la hauteur souhait\u00e9e puis de monter la roulotte dessus.. Les niveleurs peuvent \u00e9galement \u00eatre utilis\u00e9s comme base de support pour d&rsquo;autres \u00e9quipements de stabilisation.<\/p>\n<p>Utilisation sous roues simples et doubles et sous v\u00e9rins.<\/p>\n<p>8-1 \/ 2 po x 8-1 \/ 2 po avec 1-1 \/ 2 po d&rsquo;\u00e9paisseur pour donner une portance de 1 po.<\/p>\n<p>Hauteur d&#8217;empilage recommand\u00e9e: pas plus de 5 pouces.<\/p>\n<p>Les stabilisateurs peuvent \u00e9galement \u00eatre utilis\u00e9s comme base de soutien d&rsquo;un autre \u00e9quipement de stabilisation.<\/p>\n<p>Housse de transport en nylon<\/p>\n","protected":false},"excerpt":{"rendered":"<p>Blocs de nivellement Lynx Levellers<\/p>\n","protected":false},"featured_media":2078,"comment_status":"open","ping_status":"closed","template":"","meta":[],"product_cat":[22],"product_tag":[],"yoast_head":"<!-- This site is optimized with the Yoast SEO plugin v19.3 - https:\/\/yoast.com\/wordpress\/plugins\/seo\/ -->\n<title>Blocs Lynx Levellers - Boutique en ligne de Roulottes Gagnon<\/title>\n<meta name=\"description\" content=\"Ensemble Lynx Levellers de 10 blocs de mise \u00e0 niveau pour VR. Les Lynx Levellers s&#039;adaptent \u00e0 toutes les mise \u00e0 niveau de votre roulotte\" \/>\n<meta name=\"robots\" content=\"index, follow, max-snippet:-1, max-image-preview:large, max-video-preview:-1\" \/>\n<link rel=\"canonical\" href=\"https:\/\/roulottesgagnon.com\/boutique\/produit\/lynx-levellers\/\" \/>\n<meta property=\"og:locale\" content=\"fr_CA\" \/>\n<meta property=\"og:type\" content=\"article\" \/>\n<meta property=\"og:title\" content=\"Blocs Lynx Levellers - Boutique en ligne de Roulottes Gagnon\" \/>\n<meta property=\"og:description\" content=\"Ensemble Lynx Levellers de 10 blocs de mise \u00e0 niveau pour VR. Les Lynx Levellers s&#039;adaptent \u00e0 toutes les mise \u00e0 niveau de votre roulotte\" \/>\n<meta property=\"og:url\" content=\"https:\/\/roulottesgagnon.com\/boutique\/produit\/lynx-levellers\/\" \/>\n<meta property=\"og:site_name\" content=\"Boutique en ligne de Roulottes Gagnon\" \/>\n<meta property=\"article:publisher\" content=\"https:\/\/www.facebook.com\/RoulottesGagnon\" \/>\n<meta property=\"article:modified_time\" content=\"2025-05-15T20:47:44+00:00\" \/>\n<meta property=\"og:image\" content=\"https:\/\/roulottesgagnon.com\/boutique\/wp-content\/uploads\/2020\/06\/lynx-leveler-mise-niveau.jpg\" \/>\n\t<meta property=\"og:image:width\" content=\"1024\" \/>\n\t<meta property=\"og:image:height\" content=\"1024\" \/>\n\t<meta property=\"og:image:type\" content=\"image\/jpeg\" \/>\n<meta name=\"twitter:card\" content=\"summary_large_image\" \/>\n<meta name=\"twitter:site\" content=\"@roulottesg\" \/>\n<meta name=\"twitter:label1\" content=\"Estimation du temps de lecture\" \/>\n\t<meta name=\"twitter:data1\" content=\"1 minute\" \/>\n<script type=\"application\/ld+json\" class=\"yoast-schema-graph\">{\"@context\":\"https:\/\/schema.org\",\"@graph\":[{\"@type\":\"WebSite\",\"@id\":\"https:\/\/roulottesgagnon.com\/boutique\/#website\",\"url\":\"https:\/\/roulottesgagnon.com\/boutique\/\",\"name\":\"Boutique en ligne de Roulottes Gagnon\",\"description\":\"Pi\u00e8ces et accessoires de roulottes\",\"potentialAction\":[{\"@type\":\"SearchAction\",\"target\":{\"@type\":\"EntryPoint\",\"urlTemplate\":\"https:\/\/roulottesgagnon.com\/boutique\/?s={search_term_string}\"},\"query-input\":\"required name=search_term_string\"}],\"inLanguage\":\"fr-CA\"},{\"@type\":\"ImageObject\",\"inLanguage\":\"fr-CA\",\"@id\":\"https:\/\/roulottesgagnon.com\/boutique\/produit\/lynx-levellers\/#primaryimage\",\"url\":\"https:\/\/roulottesgagnon.com\/boutique\/wp-content\/uploads\/2020\/06\/lynx-leveler-mise-niveau.jpg\",\"contentUrl\":\"https:\/\/roulottesgagnon.com\/boutique\/wp-content\/uploads\/2020\/06\/lynx-leveler-mise-niveau.jpg\",\"width\":1024,\"height\":1024},{\"@type\":\"WebPage\",\"@id\":\"https:\/\/roulottesgagnon.com\/boutique\/produit\/lynx-levellers\/\",\"url\":\"https:\/\/roulottesgagnon.com\/boutique\/produit\/lynx-levellers\/\",\"name\":\"Blocs Lynx Levellers - Boutique en ligne de Roulottes Gagnon\",\"isPartOf\":{\"@id\":\"https:\/\/roulottesgagnon.com\/boutique\/#website\"},\"primaryImageOfPage\":{\"@id\":\"https:\/\/roulottesgagnon.com\/boutique\/produit\/lynx-levellers\/#primaryimage\"},\"datePublished\":\"2020-06-12T20:12:45+00:00\",\"dateModified\":\"2025-05-15T20:47:44+00:00\",\"description\":\"Ensemble Lynx Levellers de 10 blocs de mise \u00e0 niveau pour VR. Les Lynx Levellers s'adaptent \u00e0 toutes les mise \u00e0 niveau de votre roulotte\",\"breadcrumb\":{\"@id\":\"https:\/\/roulottesgagnon.com\/boutique\/produit\/lynx-levellers\/#breadcrumb\"},\"inLanguage\":\"fr-CA\",\"potentialAction\":[{\"@type\":\"ReadAction\",\"target\":[\"https:\/\/roulottesgagnon.com\/boutique\/produit\/lynx-levellers\/\"]}]},{\"@type\":\"BreadcrumbList\",\"@id\":\"https:\/\/roulottesgagnon.com\/boutique\/produit\/lynx-levellers\/#breadcrumb\",\"itemListElement\":[{\"@type\":\"ListItem\",\"position\":1,\"name\":\"Home\",\"item\":\"https:\/\/roulottesgagnon.com\/boutique\/\"},{\"@type\":\"ListItem\",\"position\":2,\"name\":\"Boutique en ligne\",\"item\":\"https:\/\/roulottesgagnon.com\/boutique\/\"},{\"@type\":\"ListItem\",\"position\":3,\"name\":\"Blocs Lynx Levellers\"}]}]}<\/script>\n<!-- \/ Yoast SEO plugin. -->","yoast_head_json":{"title":"Blocs Lynx Levellers - Boutique en ligne de Roulottes Gagnon","description":"Ensemble Lynx Levellers de 10 blocs de mise \u00e0 niveau pour VR. Les Lynx Levellers s'adaptent \u00e0 toutes les mise \u00e0 niveau de votre roulotte","robots":{"index":"index","follow":"follow","max-snippet":"max-snippet:-1","max-image-preview":"max-image-preview:large","max-video-preview":"max-video-preview:-1"},"canonical":"https:\/\/roulottesgagnon.com\/boutique\/produit\/lynx-levellers\/","og_locale":"fr_CA","og_type":"article","og_title":"Blocs Lynx Levellers - Boutique en ligne de Roulottes Gagnon","og_description":"Ensemble Lynx Levellers de 10 blocs de mise \u00e0 niveau pour VR. Les Lynx Levellers s'adaptent \u00e0 toutes les mise \u00e0 niveau de votre roulotte","og_url":"https:\/\/roulottesgagnon.com\/boutique\/produit\/lynx-levellers\/","og_site_name":"Boutique en ligne de Roulottes Gagnon","article_publisher":"https:\/\/www.facebook.com\/RoulottesGagnon","article_modified_time":"2025-05-15T20:47:44+00:00","og_image":[{"width":1024,"height":1024,"url":"https:\/\/roulottesgagnon.com\/boutique\/wp-content\/uploads\/2020\/06\/lynx-leveler-mise-niveau.jpg","type":"image\/jpeg"}],"twitter_card":"summary_large_image","twitter_site":"@roulottesg","twitter_misc":{"Estimation du temps de lecture":"1 minute"},"schema":{"@context":"https:\/\/schema.org","@graph":[{"@type":"WebSite","@id":"https:\/\/roulottesgagnon.com\/boutique\/#website","url":"https:\/\/roulottesgagnon.com\/boutique\/","name":"Boutique en ligne de Roulottes Gagnon","description":"Pi\u00e8ces et accessoires de roulottes","potentialAction":[{"@type":"SearchAction","target":{"@type":"EntryPoint","urlTemplate":"https:\/\/roulottesgagnon.com\/boutique\/?s={search_term_string}"},"query-input":"required name=search_term_string"}],"inLanguage":"fr-CA"},{"@type":"ImageObject","inLanguage":"fr-CA","@id":"https:\/\/roulottesgagnon.com\/boutique\/produit\/lynx-levellers\/#primaryimage","url":"https:\/\/roulottesgagnon.com\/boutique\/wp-content\/uploads\/2020\/06\/lynx-leveler-mise-niveau.jpg","contentUrl":"https:\/\/roulottesgagnon.com\/boutique\/wp-content\/uploads\/2020\/06\/lynx-leveler-mise-niveau.jpg","width":1024,"height":1024},{"@type":"WebPage","@id":"https:\/\/roulottesgagnon.com\/boutique\/produit\/lynx-levellers\/","url":"https:\/\/roulottesgagnon.com\/boutique\/produit\/lynx-levellers\/","name":"Blocs Lynx Levellers - Boutique en ligne de Roulottes Gagnon","isPartOf":{"@id":"https:\/\/roulottesgagnon.com\/boutique\/#website"},"primaryImageOfPage":{"@id":"https:\/\/roulottesgagnon.com\/boutique\/produit\/lynx-levellers\/#primaryimage"},"datePublished":"2020-06-12T20:12:45+00:00","dateModified":"2025-05-15T20:47:44+00:00","description":"Ensemble Lynx Levellers de 10 blocs de mise \u00e0 niveau pour VR. Les Lynx Levellers s'adaptent \u00e0 toutes les mise \u00e0 niveau de votre roulotte","breadcrumb":{"@id":"https:\/\/roulottesgagnon.com\/boutique\/produit\/lynx-levellers\/#breadcrumb"},"inLanguage":"fr-CA","potentialAction":[{"@type":"ReadAction","target":["https:\/\/roulottesgagnon.com\/boutique\/produit\/lynx-levellers\/"]}]},{"@type":"BreadcrumbList","@id":"https:\/\/roulottesgagnon.com\/boutique\/produit\/lynx-levellers\/#breadcrumb","itemListElement":[{"@type":"ListItem","position":1,"name":"Home","item":"https:\/\/roulottesgagnon.com\/boutique\/"},{"@type":"ListItem","position":2,"name":"Boutique en ligne","item":"https:\/\/roulottesgagnon.com\/boutique\/"},{"@type":"ListItem","position":3,"name":"Blocs Lynx Levellers"}]}]}},"_links":{"self":[{"href":"https:\/\/roulottesgagnon.com\/boutique\/wp-json\/wp\/v2\/product\/1838"}],"collection":[{"href":"https:\/\/roulottesgagnon.com\/boutique\/wp-json\/wp\/v2\/product"}],"about":[{"href":"https:\/\/roulottesgagnon.com\/boutique\/wp-json\/wp\/v2\/types\/product"}],"replies":[{"embeddable":true,"href":"https:\/\/roulottesgagnon.com\/boutique\/wp-json\/wp\/v2\/comments?post=1838"}],"wp:featuredmedia":[{"embeddable":true,"href":"https:\/\/roulottesgagnon.com\/boutique\/wp-json\/wp\/v2\/media\/2078"}],"wp:attachment":[{"href":"https:\/\/roulottesgagnon.com\/boutique\/wp-json\/wp\/v2\/media?parent=1838"}],"wp:term":[{"taxonomy":"product_cat","embeddable":true,"href":"https:\/\/roulottesgagnon.com\/boutique\/wp-json\/wp\/v2\/product_cat?post=1838"},{"taxonomy":"product_tag","embeddable":true,"href":"https:\/\/roulottesgagnon.com\/boutique\/wp-json\/wp\/v2\/product_tag?post=1838"}],"curies":[{"name":"wp","href":"https:\/\/api.w.org\/{rel}","templated":true}]}}